{"id":10489,"date":"2025-10-07T09:30:29","date_gmt":"2025-10-07T13:30:29","guid":{"rendered":"https:\/\/www.fiqsante.qc.ca\/union\/election\/"},"modified":"2026-04-01T16:28:39","modified_gmt":"2026-04-01T20:28:39","slug":"election","status":"publish","type":"page","link":"https:\/\/www.fiqsante.qc.ca\/en\/union\/election\/","title":{"rendered":"Avis d&#8217;\u00e9lection"},"content":{"rendered":"<div class=\"wpb-content-wrapper\"><p>[vc_row][vc_column][vc_column_text css=&#8221;&#8221;]<\/p>\n<h1>Election Notice<\/h1>\n<p>[\/vc_column_text][\/vc_column][\/vc_row][vc_row][vc_column width=&#8221;2\/3&#8243;][vc_column_text css=&#8221;&#8221;]In accordance with FIQ\u2019s Constitution and Bylaws, elections will be held at the Federal Council on December 9, 10 and 11, 2025. The Election Committee is responsible for the election process and vote.<\/p>\n<p>There are six positions to fill on the permanent Anti-Racism Committee. Follow the procedure to submit an application.<\/p>\n<p>Interested candidates of racial minority backgrounds have until the opening of the Federal Council at noon to submit their applications.<\/p>\n<p>Rules around election ads stipulated in the FIQ\u2019s <em>Election Policy<\/em> apply.[\/vc_column_text][\/vc_column][vc_column width=&#8221;1\/3&#8243; el_class=&#8221;text-white&#8221; css=&#8221;.vc_custom_1743527164000{padding-top: 1em !important;padding-right: 1em !important;padding-bottom: 1em !important;padding-left: 1em !important;background-color: #0093D3 !important;border-color: #0093D3 !important;}&#8221;][vc_column_text css=&#8221;.vc_custom_1765302304256{margin-bottom: 1em !important;}&#8221; el_class=&#8221;text-white&#8221;]<\/p>\n<h5 class=\"text-white\">For more information<\/h5>\n<ul>\n<li style=\"list-style-type: none;\">\n<ul>\n<li><a class=\"text-white\" href=\"https:\/\/www.fiqsante.qc.ca\/wp-content\/uploads\/2025\/04\/d02-politique-delection-fiq.pdf\">FIQ Election Policy<\/a><\/li>\n<li><a class=\"text-white\" href=\"https:\/\/www.fiqsante.qc.ca\/en\/union\/election\/#postes\">Positions up for election<\/a><\/li>\n<li><a class=\"text-white\" href=\"https:\/\/www.fiqsante.qc.ca\/en\/union\/election\/#candidatures\">Confirmed candidates<\/a><\/li>\n<\/ul>\n<\/li>\n<\/ul>\n<p>&nbsp;<\/p>\n<ul>\n<li style=\"list-style-type: none;\"><\/li>\n<\/ul>\n<p>[\/vc_column_text][\/vc_column][\/vc_row][vc_row css=&#8221;.vc_custom_1743619069851{margin-top: 1em !important;}&#8221;][vc_column][vc_separator css=&#8221;&#8221;]<a class=\"henri-anchor postes\" id=\"postes\" name=\"postes\"><\/a>[vc_column_text css=&#8221;&#8221;]<\/p>\n<h3>Positions up for election<\/h3>\n<p>[\/vc_column_text][\/vc_column][\/vc_row][vc_row][vc_column][vc_column_text css=&#8221;&#8221;]<\/p>\n<h5>Standing committees<\/h5>\n<p>[\/vc_column_text][vc_tta_accordion section_title_tag=&#8221;h6&#8243; shape=&#8221;square&#8221; active_section=&#8221;0&#8243; collapsible_all=&#8221;true&#8221; css=&#8221;.vc_custom_1743524310290{border-top-width: 1.5em !important;background-color: #EAEAEA !important;border-top-style: solid !important;border-color: #0093D3 !important;}&#8221;][vc_tta_section title=&#8221;Anti-Racism Committee&#8221; tab_id=&#8221;1743527374690-6e98b9f0-16bb&#8221;][vc_column_text css=&#8221;&#8221;]The Anti-Racism Committee is dedicated to fighting against racism in healthcare institutions and within the Federation. It collaborates on the implementation of the Policy on the Fair representation of women in positions of power and decision-making, strengthens anti-racist union practices through training, documents contexts with reports of racism, and raises awareness in our environments to prevent discriminatory behaviour.[\/vc_column_text][\/vc_tta_section][\/vc_tta_accordion][\/vc_column][\/vc_row][vc_row][vc_column][vc_separator css=&#8221;&#8221;]<a class=\"henri-anchor candidatures\" id=\"candidatures\" name=\"candidatures\"><\/a>[vc_column_text css=&#8221;&#8221;]<\/p>\n<h3>Confirmed candidates<\/h3>\n<p>[\/vc_column_text][vc_column_text css=&#8221;&#8221;][\/vc_column_text][\/vc_column][vc_column width=&#8221;1\/2&#8243;][vc_column_text css=&#8221;&#8221;]<\/p>\n<ul>\n<li><a href=\"https:\/\/www.fiqsante.qc.ca\/en\/?page_id=10498\">Anti-Racism Committee &#8211; Confirmed candidates<\/a><\/li>\n<\/ul>\n<p>[\/vc_column_text][\/vc_column][\/vc_row]<\/p>\n<\/div>","protected":false},"excerpt":{"rendered":"<p>[vc_row][vc_column][vc_column_text css=&#8221;&#8221;] Election Notice [\/vc_column_text][\/vc_column][\/vc_row][vc_row][vc_column width=&#8221;2\/3&#8243;][vc_column_text css=&#8221;&#8221;]In accordance with FIQ\u2019s Constitution and Bylaws, elections will be held at the Federal Council on December 9, 10 and 11, 2025. The Election Committee is responsible for the election process and vote. There are six positions to fill on the permanent Anti-Racism Committee. Follow the procedure to submit [&hellip;]<\/p>\n","protected":false},"author":2,"featured_media":0,"parent":4218,"menu_order":0,"comment_status":"closed","ping_status":"closed","template":"","meta":{"_acf_changed":false,"inline_featured_image":false,"footnotes":""},"class_list":["post-10489","page","type-page","status-publish","hentry"],"acf":[],"yoast_head":"<!-- This site is optimized with the Yoast SEO plugin v27.4 - https:\/\/yoast.com\/product\/yoast-seo-wordpress\/ -->\n<title>Avis d&#039;\u00e9lection - F\u00e9d\u00e9ration interprofessionnelle de la sant\u00e9 du Qu\u00e9bec<\/title>\n<meta name=\"robots\" content=\"index, follow, max-snippet:-1, max-image-preview:large, max-video-preview:-1\" \/>\n<link rel=\"canonical\" href=\"https:\/\/www.fiqsante.qc.ca\/en\/union\/election\/\" \/>\n<meta property=\"og:locale\" content=\"en_US\" \/>\n<meta property=\"og:type\" content=\"article\" \/>\n<meta property=\"og:title\" content=\"Avis d&#039;\u00e9lection - F\u00e9d\u00e9ration interprofessionnelle de la sant\u00e9 du Qu\u00e9bec\" \/>\n<meta property=\"og:description\" content=\"[vc_row][vc_column][vc_column_text css=&#8221;&#8221;] Election Notice [\/vc_column_text][\/vc_column][\/vc_row][vc_row][vc_column width=&#8221;2\/3&#8243;][vc_column_text css=&#8221;&#8221;]In accordance with FIQ\u2019s Constitution and Bylaws, elections will be held at the Federal Council on December 9, 10 and 11, 2025. The Election Committee is responsible for the election process and vote. There are six positions to fill on the permanent Anti-Racism Committee. Follow the procedure to submit [&hellip;]\" \/>\n<meta property=\"og:url\" content=\"https:\/\/www.fiqsante.qc.ca\/en\/union\/election\/\" \/>\n<meta property=\"og:site_name\" content=\"F\u00e9d\u00e9ration interprofessionnelle de la sant\u00e9 du Qu\u00e9bec\" \/>\n<meta property=\"article:modified_time\" content=\"2026-04-01T20:28:39+00:00\" \/>\n<meta name=\"twitter:card\" content=\"summary_large_image\" \/>\n<meta name=\"twitter:label1\" content=\"Est. reading time\" \/>\n\t<meta name=\"twitter:data1\" content=\"2 minutes\" \/>\n<script type=\"application\/ld+json\" class=\"yoast-schema-graph\">{\"@context\":\"https:\\\/\\\/schema.org\",\"@graph\":[{\"@type\":\"WebPage\",\"@id\":\"https:\\\/\\\/www.fiqsante.qc.ca\\\/en\\\/union\\\/election\\\/\",\"url\":\"https:\\\/\\\/www.fiqsante.qc.ca\\\/en\\\/union\\\/election\\\/\",\"name\":\"Avis d'\u00e9lection - F\u00e9d\u00e9ration interprofessionnelle de la sant\u00e9 du Qu\u00e9bec\",\"isPartOf\":{\"@id\":\"https:\\\/\\\/www.fiqsante.qc.ca\\\/en\\\/#website\"},\"datePublished\":\"2025-10-07T13:30:29+00:00\",\"dateModified\":\"2026-04-01T20:28:39+00:00\",\"breadcrumb\":{\"@id\":\"https:\\\/\\\/www.fiqsante.qc.ca\\\/en\\\/union\\\/election\\\/#breadcrumb\"},\"inLanguage\":\"en-US\",\"potentialAction\":[{\"@type\":\"ReadAction\",\"target\":[\"https:\\\/\\\/www.fiqsante.qc.ca\\\/en\\\/union\\\/election\\\/\"]}]},{\"@type\":\"BreadcrumbList\",\"@id\":\"https:\\\/\\\/www.fiqsante.qc.ca\\\/en\\\/union\\\/election\\\/#breadcrumb\",\"itemListElement\":[{\"@type\":\"ListItem\",\"position\":1,\"name\":\"Home\",\"item\":\"https:\\\/\\\/www.fiqsante.qc.ca\\\/en\\\/\"},{\"@type\":\"ListItem\",\"position\":2,\"name\":\"Union life\",\"item\":\"https:\\\/\\\/www.fiqsante.qc.ca\\\/en\\\/union\\\/\"},{\"@type\":\"ListItem\",\"position\":3,\"name\":\"Avis d&rsquo;\u00e9lection\"}]},{\"@type\":\"WebSite\",\"@id\":\"https:\\\/\\\/www.fiqsante.qc.ca\\\/en\\\/#website\",\"url\":\"https:\\\/\\\/www.fiqsante.qc.ca\\\/en\\\/\",\"name\":\"F\u00e9d\u00e9ration interprofessionnelle de la sant\u00e9 du Qu\u00e9bec\",\"description\":\"\",\"potentialAction\":[{\"@type\":\"SearchAction\",\"target\":{\"@type\":\"EntryPoint\",\"urlTemplate\":\"https:\\\/\\\/www.fiqsante.qc.ca\\\/en\\\/?s={search_term_string}\"},\"query-input\":{\"@type\":\"PropertyValueSpecification\",\"valueRequired\":true,\"valueName\":\"search_term_string\"}}],\"inLanguage\":\"en-US\"}]}<\/script>\n<!-- \/ Yoast SEO plugin. -->","yoast_head_json":{"title":"Avis d'\u00e9lection - F\u00e9d\u00e9ration interprofessionnelle de la sant\u00e9 du Qu\u00e9bec","robots":{"index":"index","follow":"follow","max-snippet":"max-snippet:-1","max-image-preview":"max-image-preview:large","max-video-preview":"max-video-preview:-1"},"canonical":"https:\/\/www.fiqsante.qc.ca\/en\/union\/election\/","og_locale":"en_US","og_type":"article","og_title":"Avis d'\u00e9lection - F\u00e9d\u00e9ration interprofessionnelle de la sant\u00e9 du Qu\u00e9bec","og_description":"[vc_row][vc_column][vc_column_text css=&#8221;&#8221;] Election Notice [\/vc_column_text][\/vc_column][\/vc_row][vc_row][vc_column width=&#8221;2\/3&#8243;][vc_column_text css=&#8221;&#8221;]In accordance with FIQ\u2019s Constitution and Bylaws, elections will be held at the Federal Council on December 9, 10 and 11, 2025. The Election Committee is responsible for the election process and vote. There are six positions to fill on the permanent Anti-Racism Committee. Follow the procedure to submit [&hellip;]","og_url":"https:\/\/www.fiqsante.qc.ca\/en\/union\/election\/","og_site_name":"F\u00e9d\u00e9ration interprofessionnelle de la sant\u00e9 du Qu\u00e9bec","article_modified_time":"2026-04-01T20:28:39+00:00","twitter_card":"summary_large_image","twitter_misc":{"Est. reading time":"2 minutes"},"schema":{"@context":"https:\/\/schema.org","@graph":[{"@type":"WebPage","@id":"https:\/\/www.fiqsante.qc.ca\/en\/union\/election\/","url":"https:\/\/www.fiqsante.qc.ca\/en\/union\/election\/","name":"Avis d'\u00e9lection - F\u00e9d\u00e9ration interprofessionnelle de la sant\u00e9 du Qu\u00e9bec","isPartOf":{"@id":"https:\/\/www.fiqsante.qc.ca\/en\/#website"},"datePublished":"2025-10-07T13:30:29+00:00","dateModified":"2026-04-01T20:28:39+00:00","breadcrumb":{"@id":"https:\/\/www.fiqsante.qc.ca\/en\/union\/election\/#breadcrumb"},"inLanguage":"en-US","potentialAction":[{"@type":"ReadAction","target":["https:\/\/www.fiqsante.qc.ca\/en\/union\/election\/"]}]},{"@type":"BreadcrumbList","@id":"https:\/\/www.fiqsante.qc.ca\/en\/union\/election\/#breadcrumb","itemListElement":[{"@type":"ListItem","position":1,"name":"Home","item":"https:\/\/www.fiqsante.qc.ca\/en\/"},{"@type":"ListItem","position":2,"name":"Union life","item":"https:\/\/www.fiqsante.qc.ca\/en\/union\/"},{"@type":"ListItem","position":3,"name":"Avis d&rsquo;\u00e9lection"}]},{"@type":"WebSite","@id":"https:\/\/www.fiqsante.qc.ca\/en\/#website","url":"https:\/\/www.fiqsante.qc.ca\/en\/","name":"F\u00e9d\u00e9ration interprofessionnelle de la sant\u00e9 du Qu\u00e9bec","description":"","potentialAction":[{"@type":"SearchAction","target":{"@type":"EntryPoint","urlTemplate":"https:\/\/www.fiqsante.qc.ca\/en\/?s={search_term_string}"},"query-input":{"@type":"PropertyValueSpecification","valueRequired":true,"valueName":"search_term_string"}}],"inLanguage":"en-US"}]}},"_links":{"self":[{"href":"https:\/\/www.fiqsante.qc.ca\/en\/wp-json\/wp\/v2\/pages\/10489","targetHints":{"allow":["GET"]}}],"collection":[{"href":"https:\/\/www.fiqsante.qc.ca\/en\/wp-json\/wp\/v2\/pages"}],"about":[{"href":"https:\/\/www.fiqsante.qc.ca\/en\/wp-json\/wp\/v2\/types\/page"}],"author":[{"embeddable":true,"href":"https:\/\/www.fiqsante.qc.ca\/en\/wp-json\/wp\/v2\/users\/2"}],"replies":[{"embeddable":true,"href":"https:\/\/www.fiqsante.qc.ca\/en\/wp-json\/wp\/v2\/comments?post=10489"}],"version-history":[{"count":10,"href":"https:\/\/www.fiqsante.qc.ca\/en\/wp-json\/wp\/v2\/pages\/10489\/revisions"}],"predecessor-version":[{"id":10955,"href":"https:\/\/www.fiqsante.qc.ca\/en\/wp-json\/wp\/v2\/pages\/10489\/revisions\/10955"}],"up":[{"embeddable":true,"href":"https:\/\/www.fiqsante.qc.ca\/en\/wp-json\/wp\/v2\/pages\/4218"}],"wp:attachment":[{"href":"https:\/\/www.fiqsante.qc.ca\/en\/wp-json\/wp\/v2\/media?parent=10489"}],"curies":[{"name":"wp","href":"https:\/\/api.w.org\/{rel}","templated":true}]}}