{"id":10502,"date":"2025-09-22T13:06:11","date_gmt":"2025-09-22T17:06:11","guid":{"rendered":"https:\/\/www.fiqsante.qc.ca\/la-resonance-no-01-automne-2025\/"},"modified":"2025-11-06T11:56:06","modified_gmt":"2025-11-06T16:56:06","slug":"la-resonance-no-01-automne-2025","status":"publish","type":"page","link":"https:\/\/www.fiqsante.qc.ca\/en\/la-resonance-no-01-automne-2025\/","title":{"rendered":"La R\u00e9sonance &#8211; No. 1 \u2013 Fall 2025"},"content":{"rendered":"<div class=\"wpb-content-wrapper\"><p>[vc_row][vc_column][vc_column_text css=&#8221;&#8221;]<\/p>\n<h2 class=\"crayon rubrique-titre-245 entry-title\">No. 01 &#8211; Fall 2025<\/h2>\n<p>[\/vc_column_text][\/vc_column][\/vc_row][vc_row][vc_column width=&#8221;1\/2&#8243;][vc_column_text css=&#8221;&#8221;]<\/p>\n<h2>Word from the president<\/h2>\n<p>[\/vc_column_text][vc_column_text css=&#8221;&#8221;]<img loading=\"lazy\" decoding=\"async\" class=\"alignnone wp-image-8810 \" style=\"padding-right: 1em; float: left;\" src=\"https:\/\/www.fiqsante.qc.ca\/wp-content\/uploads\/2025\/06\/1-1-300x300.jpg\" alt=\"\" width=\"179\" height=\"167\" \/><\/p>\n<h3 aria-level=\"1\">No, your eyes aren\u2019t playing tricks on you<\/h3>\n<p>There\u2019s a new paper magazine in your mailbox! I&#8217;m sure you&#8217;ve been wondering what&#8217;s got into us! And yet, this decision was the result of careful reflection, and I am convinced that you will enjoy flipping through these few pages. As the editions come out, this magazine will teach you<\/p>\n<p>more about societal issues, topics that affect the health network and that concern you as healthcare professionals and women.<\/p>\n<p>In this first edition, the Dub\u00e9 reform is the main theme. Minister Dub\u00e9 had warned that the temple columns would shake, and he wasn\u2019t lying. But why is he trying to overhaul the health network for the umpteenth time when previous reforms did not produce the desired results? What pushes health ministers to change structures rather than invest in employees and, at the same time, in public services? These are a few questions we wanted to answer, as simply as possible, in this first magazine.<\/p>\n<p>Happy reading!<\/p>\n<p><strong>Julie Bouchard, FIQ President<\/strong>[\/vc_column_text][vc_column_text css=&#8221;&#8221;]<\/p>\n<h2>Word from the Communications Committee<\/h2>\n<p>[\/vc_column_text][vc_column_text css=&#8221;&#8221;]<img loading=\"lazy\" decoding=\"async\" class=\"wp-image-9694 size-medium\" style=\"padding-right: 1em; float: left;\" src=\"https:\/\/www.fiqsante.qc.ca\/wp-content\/uploads\/2025\/09\/photo-comite-communication-300x200.jpg\" alt=\"\" width=\"300\" height=\"200\" srcset=\"https:\/\/www.fiqsante.qc.ca\/wp-content\/uploads\/2025\/09\/photo-comite-communication-300x200.jpg 300w, https:\/\/www.fiqsante.qc.ca\/wp-content\/uploads\/2025\/09\/photo-comite-communication-1024x683.jpg 1024w, https:\/\/www.fiqsante.qc.ca\/wp-content\/uploads\/2025\/09\/photo-comite-communication-768x512.jpg 768w, https:\/\/www.fiqsante.qc.ca\/wp-content\/uploads\/2025\/09\/photo-comite-communication-1536x1025.jpg 1536w, https:\/\/www.fiqsante.qc.ca\/wp-content\/uploads\/2025\/09\/photo-comite-communication.jpg 1920w\" sizes=\"auto, (max-width: 300px) 100vw, 300px\" \/><\/p>\n<p>Dear colleagues,<\/p>\n<p>The Communications Committee is proud to present you with the first edition of La R\u00e9sonance de la FIQ. This magazine is the result of a long reflection process to find stimulating and topical subjects that will make you want to find out more about the files your Federation is working on.<\/p>\n<p>The committee\u2019s objective has been clear from the start: La R\u00e9sonance is intended to help the FIQ better communicate with its members, regardless of their location and interests, to pass on relevant information and to highlight union and feminist struggles.<\/p>\n<p>Some know little about the role of a union and think it is merely about filing grievances and negotiating the collective agreement. With this magazine, which will cover different themes in each edition, you will see it\u2019s much more than that.<\/p>\n<p>Enjoy!<\/p>\n<p><span data-contrast=\"auto\"><strong>2021-2025 Communications Committee<\/strong>\u00a0(<\/span><span data-contrast=\"auto\">Jo\u00eblle Bilodeau, Syndicat des professionnelles en soins de sant\u00e9 du Centre-Sud-de-l\u2019\u00cele-de-Montr\u00e9al\u202f, <\/span><span data-contrast=\"auto\">Jean-S\u00e9bastien Blais, Syndicat interprofessionnel en soins de sant\u00e9 de l\u2019Abitibi-T\u00e9miscamingue, <\/span><span data-contrast=\"auto\">Christopher Dunford, Syndicat des professionnelles en soins de <\/span><span data-contrast=\"auto\">la <\/span><span data-contrast=\"auto\">Mont\u00e9r\u00e9gie-Est, <\/span><span data-contrast=\"auto\">Pierre Rodrigue, Syndicat des professionnelles en soins de Mont\u00e9r\u00e9gie-Centre, <\/span><span data-contrast=\"auto\">Bianca Morin Tremblay, Syndicat des professionnelles en soins du Saguenay\u2013Lac-Saint-Jean) <\/span><span data-ccp-props=\"{&quot;335551550&quot;:3,&quot;335551620&quot;:3,&quot;469777462&quot;:[720],&quot;469777927&quot;:[0],&quot;469777928&quot;:[8]}\">\u00a0<\/span>[\/vc_column_text][\/vc_column][vc_column width=&#8221;1\/2&#8243;][vc_column_text css=&#8221;&#8221;]<\/p>\n<h2><span data-teams=\"true\">No. 1 \u2013 Fall 2025<\/span><\/h2>\n<p>[\/vc_column_text][vc_single_image image=&#8221;9506&#8243; img_size=&#8221;full&#8221; onclick=&#8221;custom_link&#8221; img_link_target=&#8221;_blank&#8221; css=&#8221;&#8221; link=&#8221;https:\/\/www.fiqsante.qc.ca\/wp-content\/uploads\/2025\/09\/fiqf-09-magazine-en-web.pdf&#8221;][\/vc_column][\/vc_row][vc_row][vc_column][vc_column_text css=&#8221;&#8221;]<\/p>\n<h2>Articles<\/h2>\n<p>[\/vc_column_text][\/vc_column][\/vc_row][vc_row][vc_column width=&#8221;1\/3&#8243;][vc_single_image image=&#8221;9648&#8243; img_size=&#8221;large&#8221; css=&#8221;&#8221;][vc_column_text css=&#8221;&#8221;]<a href=\"https:\/\/www.fiqsante.qc.ca\/en\/75-ans-de-la-profession-infirmiere-auxiliaire\/\"><strong><span class=\"TextRun SCXW104704430 BCX8\" lang=\"EN-CA\" xml:lang=\"EN-CA\" data-contrast=\"none\"><span class=\"NormalTextRun SCXW104704430 BCX8\" data-ccp-parastyle=\"heading 1\">75<\/span>\u00a0<span class=\"NormalTextRun SCXW104704430 BCX8\" data-ccp-parastyle=\"heading 1\">years of the licensed practical nurse profession<\/span><\/span><span class=\"EOP SCXW104704430 BCX8\" data-ccp-props=\"{&quot;134245418&quot;:true,&quot;134245529&quot;:true,&quot;335559738&quot;:360,&quot;335559739&quot;:80}\">\u00a0<\/span><\/strong><\/a><\/p>\n<p><span data-contrast=\"auto\">The FIQ is proud to celebrate the 75<\/span><span data-contrast=\"auto\">th<\/span><span data-contrast=\"auto\">\u00a0anniversary of the licensed practical nurse profession. Licensed practical nurses work in multiple settings and can provide a wide range of care, from helping assess a patient\u2019s health, administering certain medication and vaccines, and providing wound-related care.\u00a0<\/span><span data-ccp-props=\"{&quot;335551550&quot;:6,&quot;335551620&quot;:6,&quot;469777462&quot;:[720],&quot;469777927&quot;:[0],&quot;469777928&quot;:[8]}\">\u00a0<\/span>[\/vc_column_text][\/vc_column][vc_column width=&#8221;1\/3&#8243;][vc_single_image image=&#8221;9666&#8243; img_size=&#8221;large&#8221; css=&#8221;&#8221;][vc_column_text css=&#8221;&#8221;]<a href=\"https:\/\/www.fiqsante.qc.ca\/en\/reforme-dube-en-bref\/\"><strong><span class=\"TextRun SCXW181143458 BCX8\" lang=\"EN-CA\" xml:lang=\"EN-CA\" data-contrast=\"none\"><span class=\"NormalTextRun SCXW181143458 BCX8\" data-ccp-parastyle=\"heading 1\">Dub\u00e9 reform in brief<\/span><\/span><span class=\"EOP SCXW181143458 BCX8\" data-ccp-props=\"{&quot;134245418&quot;:true,&quot;134245529&quot;:true,&quot;335559738&quot;:360,&quot;335559739&quot;:80}\">\u00a0<\/span><\/strong><\/a><br \/>\nThe Dub\u00e9 reform led to the creation of Sant\u00e9 Qu\u00e9bec on April 29, 2024.\u00a0Nearly a\u00a0year and a half later, where are we?\u00a0\u00a0[\/vc_column_text][\/vc_column][vc_column width=&#8221;1\/3&#8243;][vc_single_image image=&#8221;9704&#8243; img_size=&#8221;large&#8221; css=&#8221;&#8221;][vc_column_text css=&#8221;&#8221;]<a href=\"https:\/\/www.fiqsante.qc.ca\/en\/reformer-la-sante-mission-sociale-ou-logique-comptable\/\"><strong><span class=\"TextRun SCXW169989924 BCX8\" lang=\"EN-CA\" xml:lang=\"EN-CA\" data-contrast=\"auto\"><span class=\"NormalTextRun SCXW169989924 BCX8\" data-ccp-charstyle=\"normaltextrun\" data-ccp-charstyle-defn=\"{&quot;ObjectId&quot;:&quot;ac0262f4-8a9e-5820-b908-2d943c5f7113|1&quot;,&quot;ClassId&quot;:1073872969,&quot;Properties&quot;:[201342446,&quot;1&quot;,201342447,&quot;5&quot;,201342448,&quot;1&quot;,201342449,&quot;1&quot;,469777841,&quot;Calibri&quot;,469777842,&quot;Arial&quot;,469777843,&quot;Calibri&quot;,469777844,&quot;Calibri&quot;,201341986,&quot;1&quot;,469769226,&quot;Calibri,Arial&quot;,268442635,&quot;22&quot;,469775450,&quot;normaltextrun&quot;,201340122,&quot;1&quot;,134233614,&quot;true&quot;,469778129,&quot;normaltextrun&quot;,335572020,&quot;1&quot;,469778324,&quot;Default Paragraph Font&quot;]}\">Reforming healthcare: social mission or accounting logic?<\/span><\/span><span class=\"TextRun SCXW169989924 BCX8\" lang=\"EN-CA\" xml:lang=\"EN-CA\" data-contrast=\"auto\"><span class=\"NormalTextRun SCXW169989924 BCX8\" data-ccp-charstyle=\"eop\" data-ccp-charstyle-defn=\"{&quot;ObjectId&quot;:&quot;920dbcde-2834-5e15-a5fa-062170b236ba|1&quot;,&quot;ClassId&quot;:1073872969,&quot;Properties&quot;:[201342446,&quot;1&quot;,201342447,&quot;5&quot;,201342448,&quot;1&quot;,201342449,&quot;1&quot;,469777841,&quot;Calibri&quot;,469777842,&quot;Arial&quot;,469777843,&quot;Calibri&quot;,469777844,&quot;Calibri&quot;,201341986,&quot;1&quot;,469769226,&quot;Calibri,Arial&quot;,268442635,&quot;22&quot;,469775450,&quot;eop&quot;,201340122,&quot;1&quot;,134233614,&quot;true&quot;,469778129,&quot;eop&quot;,335572020,&quot;1&quot;,469778324,&quot;Default Paragraph Font&quot;]}\">\u202f<\/span><\/span><span class=\"EOP SCXW169989924 BCX8\" data-ccp-props=\"{&quot;134233117&quot;:false,&quot;134233118&quot;:false,&quot;201341983&quot;:0,&quot;335551550&quot;:6,&quot;335551620&quot;:6,&quot;335559738&quot;:0,&quot;335559739&quot;:0,&quot;335559740&quot;:240}\">\u00a0<\/span><\/strong><\/a><\/p>\n<p><span data-contrast=\"auto\">Since the RSSS was set up at the turn of the 1970s, reforms and policies have systematically been presented from the angle of improving access to care. However, the same issues are still criticized: labour shortages, long waiting times in emergency departments and difficulties in accessing front-line care. What explains this stagnation?\u202f<\/span><span data-ccp-props=\"{}\">\u00a0<\/span>[\/vc_column_text][\/vc_column][\/vc_row][vc_row][vc_column width=&#8221;1\/3&#8243;][vc_single_image image=&#8221;10524&#8243; img_size=&#8221;large&#8221; css=&#8221;&#8221;][vc_column_text css=&#8221;&#8221;]<\/p>\n<p aria-level=\"1\"><a href=\"https:\/\/www.fiqsante.qc.ca\/en\/55-ans-de-reformes-en-sante\/\"><strong><span class=\"TextRun SCXW207054182 BCX0\" lang=\"EN-CA\" xml:lang=\"EN-CA\" data-contrast=\"none\"><span class=\"NormalTextRun SCXW207054182 BCX0\" data-ccp-parastyle=\"heading 1\">55\u202fyears of health reforms<\/span><\/span><\/strong><\/a><\/p>\n<p>The health network has undergone several reforms in the last 55 years, reforms that have had major impacts on the work of healthcare professionals. With the Dub\u00e9 reform, we are witnessing the culmination of these major reforms, which are unravelling, law by law, the very foundations of the RSSS.<\/p>\n<div class=\"vc_row wpb_row vc_row-fluid\">\n<div class=\"vc_row_inner\">\n<div class=\"wpb_column vc_column_container vc_col-sm-12\">\n<div class=\"vc_column-inner\">\n<div class=\"wpb_wrapper\">\n<div class=\"wpb_text_column wpb_content_element\">\n<div class=\"wpb_wrapper\"><\/div>\n<\/div>\n<\/div>\n<\/div>\n<\/div>\n<\/div>\n<\/div>\n<p>[\/vc_column_text][\/vc_column][vc_column width=&#8221;1\/3&#8243;][vc_single_image image=&#8221;9744&#8243; img_size=&#8221;large&#8221; css=&#8221;&#8221;][vc_column_text css=&#8221;&#8221;]<a href=\"https:\/\/www.fiqsante.qc.ca\/en\/penurie-de-main-doeuvre-ou-exode-des-professionnelles-en-soins\/\"><strong><span class=\"TextRun SCXW205757037 BCX0\" lang=\"EN-CA\" xml:lang=\"EN-CA\" data-contrast=\"none\"><span class=\"NormalTextRun SCXW205757037 BCX0\" data-ccp-parastyle=\"heading 1\">Workforce shortage or healthcare professional exodus?<\/span><span class=\"NormalTextRun SCXW205757037 BCX0\" data-ccp-parastyle=\"heading 1\">\u00a0<\/span><\/span><span class=\"EOP SCXW205757037 BCX0\" data-ccp-props=\"{&quot;134245418&quot;:true,&quot;134245529&quot;:true,&quot;335559738&quot;:360,&quot;335559739&quot;:80}\">\u00a0<\/span><\/strong><\/a><\/p>\n<p><span data-contrast=\"auto\">The healthcare professional shortage is a reality that affects work in the field. To justify this situation, the government claims there is a \u201clabour shortage,\u201d which allows it to absolve itself of responsibility for the catastrophic state of the RSSS. By saying there is a shortage, it frames the problem as inevitable rather than as the result of many years of bad political decisions.<\/span><span data-ccp-props=\"{}\">\u00a0<\/span>[\/vc_column_text][\/vc_column][vc_column width=&#8221;1\/3&#8243;][vc_single_image image=&#8221;9382&#8243; img_size=&#8221;large&#8221; css=&#8221;&#8221;][vc_column_text css=&#8221;&#8221;]<a href=\"https:\/\/www.fiqsante.qc.ca\/en\/le-prix-invisible-de-lausterite\/\"><strong><span class=\"TextRun SCXW244349775 BCX0\" lang=\"EN-CA\" xml:lang=\"EN-CA\" data-contrast=\"none\"><span class=\"NormalTextRun SCXW244349775 BCX0\" data-ccp-parastyle=\"heading 1\">The invisible cost of austerity<\/span><\/span><span class=\"EOP SCXW244349775 BCX0\" data-ccp-props=\"{&quot;134245418&quot;:true,&quot;134245529&quot;:true,&quot;335559738&quot;:360,&quot;335559739&quot;:80}\">\u00a0<\/span><\/strong><\/a><\/p>\n<p><span class=\"TextRun SCXW234950808 BCX0\" lang=\"EN-CA\" xml:lang=\"EN-CA\" data-contrast=\"auto\"><span class=\"NormalTextRun SCXW234950808 BCX0\">When the government disengages, who pays the price? Often women do. They use more public services and more of them work there, so they pay twice instead of once. This reality hits healthcare professionals hard, as they\u00a0<\/span><span class=\"NormalTextRun AdvancedProofingIssueV2Themed SCXW234950808 BCX0\">have to<\/span><span class=\"NormalTextRun SCXW234950808 BCX0\">\u00a0deal with an\u00a0<\/span><span class=\"NormalTextRun SCXW234950808 BCX0\">additional<\/span><span class=\"NormalTextRun SCXW234950808 BCX0\">\u00a0workload in the institutions, while also providing more care in their family, with ever less government support.<\/span><\/span><span class=\"EOP SCXW234950808 BCX0\" data-ccp-props=\"{&quot;335551550&quot;:6,&quot;335551620&quot;:6}\">\u00a0<\/span>[\/vc_column_text][\/vc_column][\/vc_row][vc_row][vc_column width=&#8221;1\/3&#8243;][vc_single_image image=&#8221;10429&#8243; img_size=&#8221;large&#8221; css=&#8221;&#8221;][vc_column_text css=&#8221;&#8221;]<\/p>\n<p data-start=\"54\" data-end=\"113\"><a href=\"https:\/\/www.fiqsante.qc.ca\/en\/pratico-pratique-temps-supplementaire-et-retraite\/\"><strong>Practical information: overtime and retirement<\/strong><\/a><\/p>\n<p>The\u00a0Act respecting the Government and Public Employees Retirement Plan (RREGOP)\u00a0stipulates that only base salary is eligible for the calculation of the retirement pension. Overtime is not taken into account, even for a healthcare professional working overtime at a single rate for less than 40 hours a week.[\/vc_column_text][\/vc_column][vc_column width=&#8221;1\/3&#8243;][\/vc_column][vc_column width=&#8221;1\/3&#8243;][\/vc_column][\/vc_row]<\/p>\n<\/div>","protected":false},"excerpt":{"rendered":"<p>[vc_row][vc_column][vc_column_text css=&#8221;&#8221;] No. 01 &#8211; Fall 2025 [\/vc_column_text][\/vc_column][\/vc_row][vc_row][vc_column width=&#8221;1\/2&#8243;][vc_column_text css=&#8221;&#8221;] Word from the president [\/vc_column_text][vc_column_text css=&#8221;&#8221;] No, your eyes aren\u2019t playing tricks on you There\u2019s a new paper magazine in your mailbox! I&#8217;m sure you&#8217;ve been wondering what&#8217;s got into us! And yet, this decision was the result of careful reflection, and I am convinced [&hellip;]<\/p>\n","protected":false},"author":2,"featured_media":9451,"parent":0,"menu_order":0,"comment_status":"closed","ping_status":"closed","template":"","meta":{"_acf_changed":false,"inline_featured_image":false,"footnotes":""},"class_list":["post-10502","page","type-page","status-publish","has-post-thumbnail","hentry"],"acf":[],"yoast_head":"<!-- This site is optimized with the Yoast SEO plugin v27.4 - https:\/\/yoast.com\/product\/yoast-seo-wordpress\/ -->\n<title>La R\u00e9sonance - No. 1 \u2013 Fall 2025 - F\u00e9d\u00e9ration interprofessionnelle de la sant\u00e9 du Qu\u00e9bec<\/title>\n<meta name=\"robots\" content=\"index, follow, max-snippet:-1, max-image-preview:large, max-video-preview:-1\" \/>\n<link rel=\"canonical\" href=\"https:\/\/www.fiqsante.qc.ca\/en\/la-resonance-no-01-automne-2025\/\" \/>\n<meta property=\"og:locale\" content=\"en_US\" \/>\n<meta property=\"og:type\" content=\"article\" \/>\n<meta property=\"og:title\" content=\"La R\u00e9sonance - No. 1 \u2013 Fall 2025 - F\u00e9d\u00e9ration interprofessionnelle de la sant\u00e9 du Qu\u00e9bec\" \/>\n<meta property=\"og:description\" content=\"[vc_row][vc_column][vc_column_text css=&#8221;&#8221;] No. 01 &#8211; Fall 2025 [\/vc_column_text][\/vc_column][\/vc_row][vc_row][vc_column width=&#8221;1\/2&#8243;][vc_column_text css=&#8221;&#8221;] Word from the president [\/vc_column_text][vc_column_text css=&#8221;&#8221;] No, your eyes aren\u2019t playing tricks on you There\u2019s a new paper magazine in your mailbox! I&#8217;m sure you&#8217;ve been wondering what&#8217;s got into us! And yet, this decision was the result of careful reflection, and I am convinced [&hellip;]\" \/>\n<meta property=\"og:url\" content=\"https:\/\/www.fiqsante.qc.ca\/en\/la-resonance-no-01-automne-2025\/\" \/>\n<meta property=\"og:site_name\" content=\"F\u00e9d\u00e9ration interprofessionnelle de la sant\u00e9 du Qu\u00e9bec\" \/>\n<meta property=\"article:modified_time\" content=\"2025-11-06T16:56:06+00:00\" \/>\n<meta property=\"og:image\" content=\"https:\/\/www.fiqsante.qc.ca\/wp-content\/uploads\/2025\/08\/capture-decran-le-2025-08-28-a-092603.jpg\" \/>\n\t<meta property=\"og:image:width\" content=\"1232\" \/>\n\t<meta property=\"og:image:height\" content=\"1596\" \/>\n\t<meta property=\"og:image:type\" content=\"image\/jpeg\" \/>\n<meta name=\"twitter:card\" content=\"summary_large_image\" \/>\n<meta name=\"twitter:label1\" content=\"Est. reading time\" \/>\n\t<meta name=\"twitter:data1\" content=\"7 minutes\" \/>\n<script type=\"application\/ld+json\" class=\"yoast-schema-graph\">{\"@context\":\"https:\\\/\\\/schema.org\",\"@graph\":[{\"@type\":\"WebPage\",\"@id\":\"https:\\\/\\\/www.fiqsante.qc.ca\\\/en\\\/la-resonance-no-01-automne-2025\\\/\",\"url\":\"https:\\\/\\\/www.fiqsante.qc.ca\\\/en\\\/la-resonance-no-01-automne-2025\\\/\",\"name\":\"La R\u00e9sonance - No. 1 \u2013 Fall 2025 - F\u00e9d\u00e9ration interprofessionnelle de la sant\u00e9 du Qu\u00e9bec\",\"isPartOf\":{\"@id\":\"https:\\\/\\\/www.fiqsante.qc.ca\\\/en\\\/#website\"},\"primaryImageOfPage\":{\"@id\":\"https:\\\/\\\/www.fiqsante.qc.ca\\\/en\\\/la-resonance-no-01-automne-2025\\\/#primaryimage\"},\"image\":{\"@id\":\"https:\\\/\\\/www.fiqsante.qc.ca\\\/en\\\/la-resonance-no-01-automne-2025\\\/#primaryimage\"},\"thumbnailUrl\":\"https:\\\/\\\/www.fiqsante.qc.ca\\\/wp-content\\\/uploads\\\/2025\\\/08\\\/capture-decran-le-2025-08-28-a-092603.jpg\",\"datePublished\":\"2025-09-22T17:06:11+00:00\",\"dateModified\":\"2025-11-06T16:56:06+00:00\",\"breadcrumb\":{\"@id\":\"https:\\\/\\\/www.fiqsante.qc.ca\\\/en\\\/la-resonance-no-01-automne-2025\\\/#breadcrumb\"},\"inLanguage\":\"en-US\",\"potentialAction\":[{\"@type\":\"ReadAction\",\"target\":[\"https:\\\/\\\/www.fiqsante.qc.ca\\\/en\\\/la-resonance-no-01-automne-2025\\\/\"]}]},{\"@type\":\"ImageObject\",\"inLanguage\":\"en-US\",\"@id\":\"https:\\\/\\\/www.fiqsante.qc.ca\\\/en\\\/la-resonance-no-01-automne-2025\\\/#primaryimage\",\"url\":\"https:\\\/\\\/www.fiqsante.qc.ca\\\/wp-content\\\/uploads\\\/2025\\\/08\\\/capture-decran-le-2025-08-28-a-092603.jpg\",\"contentUrl\":\"https:\\\/\\\/www.fiqsante.qc.ca\\\/wp-content\\\/uploads\\\/2025\\\/08\\\/capture-decran-le-2025-08-28-a-092603.jpg\",\"width\":1232,\"height\":1596},{\"@type\":\"BreadcrumbList\",\"@id\":\"https:\\\/\\\/www.fiqsante.qc.ca\\\/en\\\/la-resonance-no-01-automne-2025\\\/#breadcrumb\",\"itemListElement\":[{\"@type\":\"ListItem\",\"position\":1,\"name\":\"Home\",\"item\":\"https:\\\/\\\/www.fiqsante.qc.ca\\\/en\\\/\"},{\"@type\":\"ListItem\",\"position\":2,\"name\":\"La R\u00e9sonance &#8211; No. 1 \u2013 Fall 2025\"}]},{\"@type\":\"WebSite\",\"@id\":\"https:\\\/\\\/www.fiqsante.qc.ca\\\/en\\\/#website\",\"url\":\"https:\\\/\\\/www.fiqsante.qc.ca\\\/en\\\/\",\"name\":\"F\u00e9d\u00e9ration interprofessionnelle de la sant\u00e9 du Qu\u00e9bec\",\"description\":\"\",\"potentialAction\":[{\"@type\":\"SearchAction\",\"target\":{\"@type\":\"EntryPoint\",\"urlTemplate\":\"https:\\\/\\\/www.fiqsante.qc.ca\\\/en\\\/?s={search_term_string}\"},\"query-input\":{\"@type\":\"PropertyValueSpecification\",\"valueRequired\":true,\"valueName\":\"search_term_string\"}}],\"inLanguage\":\"en-US\"}]}<\/script>\n<!-- \/ Yoast SEO plugin. -->","yoast_head_json":{"title":"La R\u00e9sonance - No. 1 \u2013 Fall 2025 - F\u00e9d\u00e9ration interprofessionnelle de la sant\u00e9 du Qu\u00e9bec","robots":{"index":"index","follow":"follow","max-snippet":"max-snippet:-1","max-image-preview":"max-image-preview:large","max-video-preview":"max-video-preview:-1"},"canonical":"https:\/\/www.fiqsante.qc.ca\/en\/la-resonance-no-01-automne-2025\/","og_locale":"en_US","og_type":"article","og_title":"La R\u00e9sonance - No. 1 \u2013 Fall 2025 - F\u00e9d\u00e9ration interprofessionnelle de la sant\u00e9 du Qu\u00e9bec","og_description":"[vc_row][vc_column][vc_column_text css=&#8221;&#8221;] No. 01 &#8211; Fall 2025 [\/vc_column_text][\/vc_column][\/vc_row][vc_row][vc_column width=&#8221;1\/2&#8243;][vc_column_text css=&#8221;&#8221;] Word from the president [\/vc_column_text][vc_column_text css=&#8221;&#8221;] No, your eyes aren\u2019t playing tricks on you There\u2019s a new paper magazine in your mailbox! I&#8217;m sure you&#8217;ve been wondering what&#8217;s got into us! And yet, this decision was the result of careful reflection, and I am convinced [&hellip;]","og_url":"https:\/\/www.fiqsante.qc.ca\/en\/la-resonance-no-01-automne-2025\/","og_site_name":"F\u00e9d\u00e9ration interprofessionnelle de la sant\u00e9 du Qu\u00e9bec","article_modified_time":"2025-11-06T16:56:06+00:00","og_image":[{"width":1232,"height":1596,"url":"https:\/\/www.fiqsante.qc.ca\/wp-content\/uploads\/2025\/08\/capture-decran-le-2025-08-28-a-092603.jpg","type":"image\/jpeg"}],"twitter_card":"summary_large_image","twitter_misc":{"Est. reading time":"7 minutes"},"schema":{"@context":"https:\/\/schema.org","@graph":[{"@type":"WebPage","@id":"https:\/\/www.fiqsante.qc.ca\/en\/la-resonance-no-01-automne-2025\/","url":"https:\/\/www.fiqsante.qc.ca\/en\/la-resonance-no-01-automne-2025\/","name":"La R\u00e9sonance - No. 1 \u2013 Fall 2025 - F\u00e9d\u00e9ration interprofessionnelle de la sant\u00e9 du Qu\u00e9bec","isPartOf":{"@id":"https:\/\/www.fiqsante.qc.ca\/en\/#website"},"primaryImageOfPage":{"@id":"https:\/\/www.fiqsante.qc.ca\/en\/la-resonance-no-01-automne-2025\/#primaryimage"},"image":{"@id":"https:\/\/www.fiqsante.qc.ca\/en\/la-resonance-no-01-automne-2025\/#primaryimage"},"thumbnailUrl":"https:\/\/www.fiqsante.qc.ca\/wp-content\/uploads\/2025\/08\/capture-decran-le-2025-08-28-a-092603.jpg","datePublished":"2025-09-22T17:06:11+00:00","dateModified":"2025-11-06T16:56:06+00:00","breadcrumb":{"@id":"https:\/\/www.fiqsante.qc.ca\/en\/la-resonance-no-01-automne-2025\/#breadcrumb"},"inLanguage":"en-US","potentialAction":[{"@type":"ReadAction","target":["https:\/\/www.fiqsante.qc.ca\/en\/la-resonance-no-01-automne-2025\/"]}]},{"@type":"ImageObject","inLanguage":"en-US","@id":"https:\/\/www.fiqsante.qc.ca\/en\/la-resonance-no-01-automne-2025\/#primaryimage","url":"https:\/\/www.fiqsante.qc.ca\/wp-content\/uploads\/2025\/08\/capture-decran-le-2025-08-28-a-092603.jpg","contentUrl":"https:\/\/www.fiqsante.qc.ca\/wp-content\/uploads\/2025\/08\/capture-decran-le-2025-08-28-a-092603.jpg","width":1232,"height":1596},{"@type":"BreadcrumbList","@id":"https:\/\/www.fiqsante.qc.ca\/en\/la-resonance-no-01-automne-2025\/#breadcrumb","itemListElement":[{"@type":"ListItem","position":1,"name":"Home","item":"https:\/\/www.fiqsante.qc.ca\/en\/"},{"@type":"ListItem","position":2,"name":"La R\u00e9sonance &#8211; No. 1 \u2013 Fall 2025"}]},{"@type":"WebSite","@id":"https:\/\/www.fiqsante.qc.ca\/en\/#website","url":"https:\/\/www.fiqsante.qc.ca\/en\/","name":"F\u00e9d\u00e9ration interprofessionnelle de la sant\u00e9 du Qu\u00e9bec","description":"","potentialAction":[{"@type":"SearchAction","target":{"@type":"EntryPoint","urlTemplate":"https:\/\/www.fiqsante.qc.ca\/en\/?s={search_term_string}"},"query-input":{"@type":"PropertyValueSpecification","valueRequired":true,"valueName":"search_term_string"}}],"inLanguage":"en-US"}]}},"_links":{"self":[{"href":"https:\/\/www.fiqsante.qc.ca\/en\/wp-json\/wp\/v2\/pages\/10502","targetHints":{"allow":["GET"]}}],"collection":[{"href":"https:\/\/www.fiqsante.qc.ca\/en\/wp-json\/wp\/v2\/pages"}],"about":[{"href":"https:\/\/www.fiqsante.qc.ca\/en\/wp-json\/wp\/v2\/types\/page"}],"author":[{"embeddable":true,"href":"https:\/\/www.fiqsante.qc.ca\/en\/wp-json\/wp\/v2\/users\/2"}],"replies":[{"embeddable":true,"href":"https:\/\/www.fiqsante.qc.ca\/en\/wp-json\/wp\/v2\/comments?post=10502"}],"version-history":[{"count":16,"href":"https:\/\/www.fiqsante.qc.ca\/en\/wp-json\/wp\/v2\/pages\/10502\/revisions"}],"predecessor-version":[{"id":10526,"href":"https:\/\/www.fiqsante.qc.ca\/en\/wp-json\/wp\/v2\/pages\/10502\/revisions\/10526"}],"wp:featuredmedia":[{"embeddable":true,"href":"https:\/\/www.fiqsante.qc.ca\/en\/wp-json\/wp\/v2\/media\/9451"}],"wp:attachment":[{"href":"https:\/\/www.fiqsante.qc.ca\/en\/wp-json\/wp\/v2\/media?parent=10502"}],"curies":[{"name":"wp","href":"https:\/\/api.w.org\/{rel}","templated":true}]}}