{"id":10779,"date":"2025-11-21T11:38:16","date_gmt":"2025-11-21T16:38:16","guid":{"rendered":"https:\/\/www.fiqsante.qc.ca\/pl3\/"},"modified":"2026-01-05T10:29:02","modified_gmt":"2026-01-05T15:29:02","slug":"pl3","status":"publish","type":"page","link":"https:\/\/www.fiqsante.qc.ca\/en\/pl3\/","title":{"rendered":"Bill 3"},"content":{"rendered":"<div class=\"wpb-content-wrapper\"><p>[vc_row][vc_column][vc_column_text css=&#8221;&#8221;]<\/p>\n<h2>Our rights aren\u2019t optional: understanding the impacts of Bill 3<\/h2>\n<p>Bill 3 threatens union democracy and your collective power. Discover its concrete impacts and how you can take action to defend your rights.[\/vc_column_text][\/vc_column][\/vc_row][vc_row][vc_column][vc_column_text css=&#8221;&#8221;]<\/p>\n<h4>President\u2019s message<\/h4>\n<p>[\/vc_column_text][\/vc_column][\/vc_row][vc_row][vc_column][vc_column_text css=&#8221;&#8221;]<img loading=\"lazy\" decoding=\"async\" class=\"alignnone wp-image-8810 \" style=\"padding-right: 1em; float: left;\" src=\"https:\/\/www.fiqsante.qc.ca\/wp-content\/uploads\/2025\/06\/1-1-300x300.jpg\" alt=\"\" width=\"179\" height=\"167\" \/><\/p>\n<p><span data-ccp-props=\"{&quot;201341983&quot;:0,&quot;335559739&quot;:0,&quot;335559740&quot;:240}\">\u00a0<\/span><\/p>\n<p>You have surely heard about Bill 3,\u00a0<em>An<\/em> <em>Act to improve the transparency, governance and democratic process of various associations in the workplace<\/em>, tabled by the Minister of Labour, Jean Boulet, last October. Behind the rhetoric of \u201ctransparency\u201d, this bill imposes measures that weaken unions and silence opposing forces.<\/p>\n<p>By interfering in the democratic life of unions, the government is jeopardizing social gains that are essential for everyone.<\/p>\n<p>Unions should belong to their members, not to the employer who is also the government.<\/p>\n<p>To fully grasp the scope of the changes that Bill 3 would bring about and understand its direct impact on your rights, we invite you to continue reading this page. Discover the concrete impacts of Bill 3 and the reasons why it is essential to stay mobilized to protect our union democracy.<\/p>\n<p><strong>Julie Bouchard, President of the FIQ\u00a0<\/strong>[\/vc_column_text][\/vc_column][\/vc_row][vc_row][vc_column]<a class=\"btn btn-dark btn-large btn-fleche \" href=\"#consequences\" title=\"\" target=\"\"><span>Consequences of Bill 3 for you<\/span><\/a><a class=\"btn btn-dark btn-large btn-fleche \" href=\"#enbref\" title=\"\" target=\"\"><span>Bill 3 at a glance<\/span><\/a><a class=\"btn btn-dark btn-large btn-fleche \" href=\"#luttes\" title=\"\" target=\"\"><span>Struggles that go beyond working conditions<\/span><\/a><a class=\"btn btn-dark btn-large btn-fleche \" href=\"#mobilisation\" title=\"\" target=\"\"><span>I want to denounce the bill<\/span><\/a><a class=\"btn btn-dark btn-large btn-fleche \" href=\"#actualit\u00e9s\" title=\"\" target=\"\"><span>News<\/span><\/a><a class=\"btn btn-dark btn-large btn-fleche \" href=\"#ressources\" title=\"\" target=\"\"><span>Resources<\/span><\/a>[vc_empty_space][\/vc_column][\/vc_row][vc_row][vc_column]<a class=\"henri-anchor consequences\" id=\"consequences\" name=\"consequences\"><\/a>[vc_column_text css=&#8221;&#8221;]<\/p>\n<h4>Consequences of Bill 3 for you<\/h4>\n<p>What Bill 3 changes in our professional and union life:<\/p>\n<ul>\n<li>Less means for defending your rights<\/li>\n<li>A weakened collective voice<\/li>\n<li>Major democratic setbacks<\/li>\n<li>More government control<\/li>\n<\/ul>\n<p>Bill 3 directly challenges the democratic functioning of unions. It is currently the members who determine their own rules and procedures.<\/p>\n<p>With Bill 3, Minister Boulet wants to impose standard rules, without taking into account the realities of each institution or territory. In practice, even when members feel that another way of doing things is more tailored to union affairs, it\u2019s the government that will have the last word.<\/p>\n<p>By also targeting union dues, Bill 3 reduces the unions\u2019 ability to challenge laws that affect your rights as citizens, and to support organizations that are essential to defending social rights.<\/p>\n<p>These setbacks are significant and worrying, particularly in the current social context.[\/vc_column_text][\/vc_column][\/vc_row][vc_row][vc_column]<a class=\"henri-anchor enbref\" id=\"enbref\" name=\"enbref\"><\/a>[vc_column_text css=&#8221;&#8221;]<\/p>\n<h4>Bill 3 at a glance<\/h4>\n<p><strong>What Bill 3 contains<\/strong><strong>\u202f<\/strong><strong>\u00a0<\/strong>[\/vc_column_text][\/vc_column][\/vc_row][vc_row][vc_column width=&#8221;1\/3&#8243;][vc_column_text css=&#8221;.vc_custom_1764172878461{border-top-width: 20px !important;padding-top: 20px !important;padding-right: 20px !important;padding-bottom: 20px !important;padding-left: 20px !important;background-color: #E3E3E3 !important;border-top-style: solid !important;border-radius: 10px !important;border-color: #009FE3 !important;}&#8221;]<\/p>\n<h5>\u201cTransparency\u201d<\/h5>\n<p>Although we are all in favour of applying the principles of transparency, with Bill 3, the government imposes new rules which will increase union bureaucracy. This will undermine union action, particularly during periods of negotiation.[\/vc_column_text][\/vc_column][vc_column width=&#8221;1\/3&#8243;][vc_column_text css=&#8221;.vc_custom_1764172900378{border-top-width: 20px !important;padding-top: 20px !important;padding-right: 20px !important;padding-bottom: 20px !important;padding-left: 20px !important;background-color: #E3E3E3 !important;border-top-style: solid !important;border-radius: 10px !important;border-color: #009FE3 !important;}&#8221;]<\/p>\n<h5>Union affairs<\/h5>\n<p>Bill 3 imposes ways of running union information and voting locations. It thus imposes government control over union constitutions and bylaws, currently voted on and adopted by the members.[\/vc_column_text][\/vc_column][vc_column width=&#8221;1\/3&#8243;][vc_column_text css=&#8221;.vc_custom_1764172920642{border-top-width: 20px !important;padding-top: 20px !important;padding-right: 20px !important;padding-bottom: 20px !important;padding-left: 20px !important;background-color: #E3E3E3 !important;border-top-style: solid !important;border-radius: 10px !important;border-color: #009FE3 !important;}&#8221;]<\/p>\n<h5>Union dues<\/h5>\n<p>Bill 3 stipulates an annual vote of members on union dues called \u201doptional\u201d. As such, the government wants to limit all union action that is not purely related to labour relations.<\/p>\n<p>Bill 3 also removes the unions\u2019 right to challenge laws, a right which would only be removed from unions, but not from other lobby groups or organizations.[\/vc_column_text][\/vc_column][\/vc_row][vc_row][vc_column]<a class=\"btn btn-dark btn-large \" href=\"https:\/\/www.assnat.qc.ca\/fr\/travaux-parlementaires\/projets-loi\/projet-loi-3-43-2.html\" title=\"\" target=\"\"><span>I want to read the bill<\/span><\/a>[vc_empty_space][\/vc_column][\/vc_row][vc_row][vc_column]<a class=\"henri-anchor luttes\" id=\"luttes\" name=\"luttes\"><\/a>[vc_column_text css=&#8221;&#8221;]<\/p>\n<h4>Struggles that go beyond working conditions<\/h4>\n<p>It is largely thanks to unions that the entire population now benefits from health and safety standards, maternity and parental leaves, women&#8217;s right to control their own bodies, the standard 40-hour workweek, statutory holidays, a minimum wage, a pension plan, sick leave, pay equity, etc. In fact, union struggles have benefitted all of society, regardless of what the CAQ government and its Minister of Labour think.<\/p>\n<p>As a union with a membership of 90% women, the FIQ cannot ignore social struggles that have a direct impact on women&#8217;s rights, equity and social justice.<\/p>\n<p>As a union representing healthcare professionals, the FIQ cannot ignore the social struggles either that, directly or indirectly, had an impact on the population\u2019s health and on the access and quality of care provided in the public network.[\/vc_column_text][\/vc_column][\/vc_row][vc_row][vc_column width=&#8221;1\/2&#8243;][vc_column_text css=&#8221;.vc_custom_1764172981595{border-left-width: 20px !important;padding-top: 20px !important;padding-right: 20px !important;padding-bottom: 20px !important;padding-left: 20px !important;border-left-style: solid !important;border-radius: 10px !important;border-color: #009FE3 !important;}&#8221;]<\/p>\n<h5>Major union struggles<\/h5>\n<ul>\n<li>Pension plans<\/li>\n<li>Occupational health and safety<\/li>\n<li>Defending public services<\/li>\n<li>Fighting against neoliberal policies<\/li>\n<li>Reducing working time<\/li>\n<li>A decent minimum wage<\/li>\n<li>Recognition of female professions<\/li>\n<li>Protection against privatization<\/li>\n<li>The right to strike and collective bargaining<\/li>\n<li>Fighting against job insecurity<\/li>\n<\/ul>\n<p>[\/vc_column_text][\/vc_column][vc_column width=&#8221;1\/2&#8243;][vc_column_text css=&#8221;.vc_custom_1764173005378{border-left-width: 20px !important;padding-top: 20px !important;padding-right: 20px !important;padding-bottom: 20px !important;padding-left: 20px !important;border-left-style: solid !important;border-radius: 10px !important;border-color: #009FE3 !important;}&#8221;]<\/p>\n<h5>Major feminist struggles<\/h5>\n<ul>\n<li>Pay equity<\/li>\n<li>Maternity and parental leaves<\/li>\n<li>Childcare centres<\/li>\n<li>Combatting violence against women<\/li>\n<li>The right to have an abortion and accessible sexual health services<\/li>\n<li>Fair representation of women<\/li>\n<li>Recognition of caregiving work<\/li>\n<\/ul>\n<p>[\/vc_column_text][\/vc_column][\/vc_row][vc_row][vc_column][vc_single_image image=&#8221;10791&#8243; img_size=&#8221;large&#8221; css=&#8221;&#8221;][\/vc_column][\/vc_row][vc_row][vc_column]<a class=\"henri-anchor mobilisation\" id=\"mobilisation\" name=\"mobilisation\"><\/a><a class=\"btn btn-dark btn-large btn-fleche \" href=\"https:\/\/www.fiqsante.qc.ca\/en\/le-29-novembre-unissons-nos-voix-pour-la-justice-sociale\/\" title=\"\" target=\"\"><span>I want to demonstrate against this bill<\/span><\/a><a class=\"btn btn-dark btn-large btn-fleche \" href=\"https:\/\/www.fiqsante.qc.ca\/en\/trousse-a-outils-projet-de-loi-3-pl3\/\" title=\"\" target=\"\"><span>I want to be seen<\/span><\/a><a class=\"btn btn-dark btn-large btn-fleche \" href=\"https:\/\/www.assnat.qc.ca\/fr\/travaux-parlementaires\/commentaire.html?type=ProjetLoi&id=26643&url=travaux-parlementaires\/projets-loi\/projet-loi-3-43-2\" title=\"\" target=\"\"><span>I want to denounce the bill<\/span><\/a><a class=\"btn btn-dark btn-large btn-fleche \" href=\"https:\/\/www.fiqsante.qc.ca\/en\/organization\/\" title=\"\" target=\"\"><span>I want to talk to my local union<\/span><\/a>[\/vc_column][\/vc_row][vc_row][vc_column width=&#8221;1\/2&#8243;]<a class=\"henri-anchor actualit\u00e9s\" id=\"actualit\u00e9s\" name=\"actualit\u00e9s\"><\/a>[vc_empty_space][vc_column_text css=&#8221;&#8221;]<\/p>\n<h4>News<\/h4>\n<p>[\/vc_column_text]<div class=\"actualite-en-vedette-module \">\n                <div class=\"row\">\n            <div class=\"col-12\">\n                <div class=\"row\">\n                                            <div class=\"col-12 col-md-6 border-right nouvelles-box-container\">\n                            <div class=\"nouvelle-box matchHeight\">\n                                <a href=\"https:\/\/www.fiqsante.qc.ca\/en\/pl3-la-fiq-soppose-a-une-ingerence-gouvernementale-qui-menace-la-democratie-syndicale\/\">\n            <div class=\"img-box\">\n            <img loading=\"lazy\" decoding=\"async\" width=\"850\" height=\"550\" src=\"https:\/\/www.fiqsante.qc.ca\/wp-content\/uploads\/2025\/11\/communique.jpg\" class=\"img-fluid wp-post-image\" alt=\"\" srcset=\"https:\/\/www.fiqsante.qc.ca\/wp-content\/uploads\/2025\/11\/communique.jpg 850w, https:\/\/www.fiqsante.qc.ca\/wp-content\/uploads\/2025\/11\/communique-300x194.jpg 300w, https:\/\/www.fiqsante.qc.ca\/wp-content\/uploads\/2025\/11\/communique-768x497.jpg 768w\" sizes=\"auto, (max-width: 850px) 100vw, 850px\" \/>        <\/div>\n    \t<div class=\"content-box\">\n\t\t<span class=\"date-txt\">25 November 2025 <\/span>\n\t\t<p class=\"lead\">Bill 3 | La FIQ objects to government interference which threatens union democracy<\/p>\n                    <p>Bill 3 doesn\u2019t improve anything: it weakens union democracy, limits access to courts and attempts to silence those who defend workers. <\/p>\n        \t<\/div>\n<\/a>\n<div class=\"share-sociaux-box\">\n    <div class=\"addtoany_shortcode\"><div class=\"a2a_kit a2a_kit_size_32 addtoany_list\" data-a2a-url=\"https:\/\/www.fiqsante.qc.ca\/en\/pl3-la-fiq-soppose-a-une-ingerence-gouvernementale-qui-menace-la-democratie-syndicale\/\" data-a2a-title=\"Bill 3 | La FIQ objects to government interference which threatens union democracy\"><a class=\"a2a_button_facebook\" href=\"https:\/\/www.addtoany.com\/add_to\/facebook?linkurl=https%3A%2F%2Fwww.fiqsante.qc.ca%2Fen%2Fpl3-la-fiq-soppose-a-une-ingerence-gouvernementale-qui-menace-la-democratie-syndicale%2F&amp;linkname=Bill%203%20%7C%20La%20FIQ%20objects%20to%20government%20interference%20which%20threatens%20union%20democracy\" title=\"Facebook\" rel=\"nofollow noopener\" target=\"_blank\"><\/a><a class=\"a2a_button_bluesky\" href=\"https:\/\/www.addtoany.com\/add_to\/bluesky?linkurl=https%3A%2F%2Fwww.fiqsante.qc.ca%2Fen%2Fpl3-la-fiq-soppose-a-une-ingerence-gouvernementale-qui-menace-la-democratie-syndicale%2F&amp;linkname=Bill%203%20%7C%20La%20FIQ%20objects%20to%20government%20interference%20which%20threatens%20union%20democracy\" title=\"Bluesky\" rel=\"nofollow noopener\" target=\"_blank\"><\/a><a class=\"a2a_button_email\" href=\"https:\/\/www.addtoany.com\/add_to\/email?linkurl=https%3A%2F%2Fwww.fiqsante.qc.ca%2Fen%2Fpl3-la-fiq-soppose-a-une-ingerence-gouvernementale-qui-menace-la-democratie-syndicale%2F&amp;linkname=Bill%203%20%7C%20La%20FIQ%20objects%20to%20government%20interference%20which%20threatens%20union%20democracy\" title=\"Email\" rel=\"nofollow noopener\" target=\"_blank\"><\/a><\/div><\/div><\/div>\n\n                            <\/div>\n                        <\/div>\n                                    <\/div>\n            <\/div>\n        <\/div>\n    <\/div>\n[\/vc_column][vc_column width=&#8221;1\/2&#8243;][\/vc_column][\/vc_row][vc_row][vc_column]<a class=\"henri-anchor ressources\" id=\"ressources\" name=\"ressources\"><\/a>[vc_column_text css=&#8221;&#8221;]<\/p>\n<h4>Resources<\/h4>\n<p>[\/vc_column_text][vc_column_text css=&#8221;&#8221;]<a href=\"https:\/\/www.fiqsante.qc.ca\/wp-content\/uploads\/2025\/11\/Memoire-PL3-Une-menace-a-la-solidarite-et-a-une-representation-syndicale-pleine-et-entiere-1.pdf\">M\u00c9MOIRE | Projet de loi no 3 : Une menace \u00e0 la solidarit\u00e9 et \u00e0 une repr\u00e9sentation syndicale pleine et enti\u00e8re<\/a>[\/vc_column_text][\/vc_column][\/vc_row]<\/p>\n<\/div>","protected":false},"excerpt":{"rendered":"<p>[vc_row][vc_column][vc_column_text css=&#8221;&#8221;] Our rights aren\u2019t optional: understanding the impacts of Bill 3 Bill 3 threatens union democracy and your collective power. Discover its concrete impacts and how you can take action to defend your rights.[\/vc_column_text][\/vc_column][\/vc_row][vc_row][vc_column][vc_column_text css=&#8221;&#8221;] President\u2019s message [\/vc_column_text][\/vc_column][\/vc_row][vc_row][vc_column][vc_column_text css=&#8221;&#8221;] \u00a0 You have surely heard about Bill 3,\u00a0An Act to improve the transparency, governance and [&hellip;]<\/p>\n","protected":false},"author":2,"featured_media":10700,"parent":0,"menu_order":0,"comment_status":"closed","ping_status":"closed","template":"","meta":{"_acf_changed":false,"inline_featured_image":false,"footnotes":""},"class_list":["post-10779","page","type-page","status-publish","has-post-thumbnail","hentry"],"acf":[],"yoast_head":"<!-- This site is optimized with the Yoast SEO plugin v27.3 - https:\/\/yoast.com\/product\/yoast-seo-wordpress\/ -->\n<title>Bill 3 - F\u00e9d\u00e9ration interprofessionnelle de la sant\u00e9 du Qu\u00e9bec<\/title>\n<meta name=\"robots\" content=\"index, follow, max-snippet:-1, max-image-preview:large, max-video-preview:-1\" \/>\n<link rel=\"canonical\" href=\"https:\/\/www.fiqsante.qc.ca\/en\/pl3\/\" \/>\n<meta property=\"og:locale\" content=\"en_US\" \/>\n<meta property=\"og:type\" content=\"article\" \/>\n<meta property=\"og:title\" content=\"Bill 3 - F\u00e9d\u00e9ration interprofessionnelle de la sant\u00e9 du Qu\u00e9bec\" \/>\n<meta property=\"og:description\" content=\"[vc_row][vc_column][vc_column_text css=&#8221;&#8221;] Our rights aren\u2019t optional: understanding the impacts of Bill 3 Bill 3 threatens union democracy and your collective power. Discover its concrete impacts and how you can take action to defend your rights.[\/vc_column_text][\/vc_column][\/vc_row][vc_row][vc_column][vc_column_text css=&#8221;&#8221;] President\u2019s message [\/vc_column_text][\/vc_column][\/vc_row][vc_row][vc_column][vc_column_text css=&#8221;&#8221;] \u00a0 You have surely heard about Bill 3,\u00a0An Act to improve the transparency, governance and [&hellip;]\" \/>\n<meta property=\"og:url\" content=\"https:\/\/www.fiqsante.qc.ca\/en\/pl3\/\" \/>\n<meta property=\"og:site_name\" content=\"F\u00e9d\u00e9ration interprofessionnelle de la sant\u00e9 du Qu\u00e9bec\" \/>\n<meta property=\"article:modified_time\" content=\"2026-01-05T15:29:02+00:00\" \/>\n<meta property=\"og:image\" content=\"https:\/\/www.fiqsante.qc.ca\/wp-content\/uploads\/2025\/11\/entete-web-anglais.jpg\" \/>\n\t<meta property=\"og:image:width\" content=\"850\" \/>\n\t<meta property=\"og:image:height\" content=\"550\" \/>\n\t<meta property=\"og:image:type\" content=\"image\/jpeg\" \/>\n<meta name=\"twitter:card\" content=\"summary_large_image\" \/>\n<meta name=\"twitter:label1\" content=\"Est. reading time\" \/>\n\t<meta name=\"twitter:data1\" content=\"6 minutes\" \/>\n<script type=\"application\/ld+json\" class=\"yoast-schema-graph\">{\"@context\":\"https:\\\/\\\/schema.org\",\"@graph\":[{\"@type\":\"WebPage\",\"@id\":\"https:\\\/\\\/www.fiqsante.qc.ca\\\/en\\\/pl3\\\/\",\"url\":\"https:\\\/\\\/www.fiqsante.qc.ca\\\/en\\\/pl3\\\/\",\"name\":\"Bill 3 - F\u00e9d\u00e9ration interprofessionnelle de la sant\u00e9 du Qu\u00e9bec\",\"isPartOf\":{\"@id\":\"https:\\\/\\\/www.fiqsante.qc.ca\\\/en\\\/#website\"},\"primaryImageOfPage\":{\"@id\":\"https:\\\/\\\/www.fiqsante.qc.ca\\\/en\\\/pl3\\\/#primaryimage\"},\"image\":{\"@id\":\"https:\\\/\\\/www.fiqsante.qc.ca\\\/en\\\/pl3\\\/#primaryimage\"},\"thumbnailUrl\":\"https:\\\/\\\/www.fiqsante.qc.ca\\\/wp-content\\\/uploads\\\/2025\\\/11\\\/entete-web-anglais.jpg\",\"datePublished\":\"2025-11-21T16:38:16+00:00\",\"dateModified\":\"2026-01-05T15:29:02+00:00\",\"breadcrumb\":{\"@id\":\"https:\\\/\\\/www.fiqsante.qc.ca\\\/en\\\/pl3\\\/#breadcrumb\"},\"inLanguage\":\"en-US\",\"potentialAction\":[{\"@type\":\"ReadAction\",\"target\":[\"https:\\\/\\\/www.fiqsante.qc.ca\\\/en\\\/pl3\\\/\"]}]},{\"@type\":\"ImageObject\",\"inLanguage\":\"en-US\",\"@id\":\"https:\\\/\\\/www.fiqsante.qc.ca\\\/en\\\/pl3\\\/#primaryimage\",\"url\":\"https:\\\/\\\/www.fiqsante.qc.ca\\\/wp-content\\\/uploads\\\/2025\\\/11\\\/entete-web-anglais.jpg\",\"contentUrl\":\"https:\\\/\\\/www.fiqsante.qc.ca\\\/wp-content\\\/uploads\\\/2025\\\/11\\\/entete-web-anglais.jpg\",\"width\":850,\"height\":550},{\"@type\":\"BreadcrumbList\",\"@id\":\"https:\\\/\\\/www.fiqsante.qc.ca\\\/en\\\/pl3\\\/#breadcrumb\",\"itemListElement\":[{\"@type\":\"ListItem\",\"position\":1,\"name\":\"Home\",\"item\":\"https:\\\/\\\/www.fiqsante.qc.ca\\\/en\\\/\"},{\"@type\":\"ListItem\",\"position\":2,\"name\":\"Bill 3\"}]},{\"@type\":\"WebSite\",\"@id\":\"https:\\\/\\\/www.fiqsante.qc.ca\\\/en\\\/#website\",\"url\":\"https:\\\/\\\/www.fiqsante.qc.ca\\\/en\\\/\",\"name\":\"F\u00e9d\u00e9ration interprofessionnelle de la sant\u00e9 du Qu\u00e9bec\",\"description\":\"\",\"potentialAction\":[{\"@type\":\"SearchAction\",\"target\":{\"@type\":\"EntryPoint\",\"urlTemplate\":\"https:\\\/\\\/www.fiqsante.qc.ca\\\/en\\\/?s={search_term_string}\"},\"query-input\":{\"@type\":\"PropertyValueSpecification\",\"valueRequired\":true,\"valueName\":\"search_term_string\"}}],\"inLanguage\":\"en-US\"}]}<\/script>\n<!-- \/ Yoast SEO plugin. -->","yoast_head_json":{"title":"Bill 3 - F\u00e9d\u00e9ration interprofessionnelle de la sant\u00e9 du Qu\u00e9bec","robots":{"index":"index","follow":"follow","max-snippet":"max-snippet:-1","max-image-preview":"max-image-preview:large","max-video-preview":"max-video-preview:-1"},"canonical":"https:\/\/www.fiqsante.qc.ca\/en\/pl3\/","og_locale":"en_US","og_type":"article","og_title":"Bill 3 - F\u00e9d\u00e9ration interprofessionnelle de la sant\u00e9 du Qu\u00e9bec","og_description":"[vc_row][vc_column][vc_column_text css=&#8221;&#8221;] Our rights aren\u2019t optional: understanding the impacts of Bill 3 Bill 3 threatens union democracy and your collective power. Discover its concrete impacts and how you can take action to defend your rights.[\/vc_column_text][\/vc_column][\/vc_row][vc_row][vc_column][vc_column_text css=&#8221;&#8221;] President\u2019s message [\/vc_column_text][\/vc_column][\/vc_row][vc_row][vc_column][vc_column_text css=&#8221;&#8221;] \u00a0 You have surely heard about Bill 3,\u00a0An Act to improve the transparency, governance and [&hellip;]","og_url":"https:\/\/www.fiqsante.qc.ca\/en\/pl3\/","og_site_name":"F\u00e9d\u00e9ration interprofessionnelle de la sant\u00e9 du Qu\u00e9bec","article_modified_time":"2026-01-05T15:29:02+00:00","og_image":[{"width":850,"height":550,"url":"https:\/\/www.fiqsante.qc.ca\/wp-content\/uploads\/2025\/11\/entete-web-anglais.jpg","type":"image\/jpeg"}],"twitter_card":"summary_large_image","twitter_misc":{"Est. reading time":"6 minutes"},"schema":{"@context":"https:\/\/schema.org","@graph":[{"@type":"WebPage","@id":"https:\/\/www.fiqsante.qc.ca\/en\/pl3\/","url":"https:\/\/www.fiqsante.qc.ca\/en\/pl3\/","name":"Bill 3 - F\u00e9d\u00e9ration interprofessionnelle de la sant\u00e9 du Qu\u00e9bec","isPartOf":{"@id":"https:\/\/www.fiqsante.qc.ca\/en\/#website"},"primaryImageOfPage":{"@id":"https:\/\/www.fiqsante.qc.ca\/en\/pl3\/#primaryimage"},"image":{"@id":"https:\/\/www.fiqsante.qc.ca\/en\/pl3\/#primaryimage"},"thumbnailUrl":"https:\/\/www.fiqsante.qc.ca\/wp-content\/uploads\/2025\/11\/entete-web-anglais.jpg","datePublished":"2025-11-21T16:38:16+00:00","dateModified":"2026-01-05T15:29:02+00:00","breadcrumb":{"@id":"https:\/\/www.fiqsante.qc.ca\/en\/pl3\/#breadcrumb"},"inLanguage":"en-US","potentialAction":[{"@type":"ReadAction","target":["https:\/\/www.fiqsante.qc.ca\/en\/pl3\/"]}]},{"@type":"ImageObject","inLanguage":"en-US","@id":"https:\/\/www.fiqsante.qc.ca\/en\/pl3\/#primaryimage","url":"https:\/\/www.fiqsante.qc.ca\/wp-content\/uploads\/2025\/11\/entete-web-anglais.jpg","contentUrl":"https:\/\/www.fiqsante.qc.ca\/wp-content\/uploads\/2025\/11\/entete-web-anglais.jpg","width":850,"height":550},{"@type":"BreadcrumbList","@id":"https:\/\/www.fiqsante.qc.ca\/en\/pl3\/#breadcrumb","itemListElement":[{"@type":"ListItem","position":1,"name":"Home","item":"https:\/\/www.fiqsante.qc.ca\/en\/"},{"@type":"ListItem","position":2,"name":"Bill 3"}]},{"@type":"WebSite","@id":"https:\/\/www.fiqsante.qc.ca\/en\/#website","url":"https:\/\/www.fiqsante.qc.ca\/en\/","name":"F\u00e9d\u00e9ration interprofessionnelle de la sant\u00e9 du Qu\u00e9bec","description":"","potentialAction":[{"@type":"SearchAction","target":{"@type":"EntryPoint","urlTemplate":"https:\/\/www.fiqsante.qc.ca\/en\/?s={search_term_string}"},"query-input":{"@type":"PropertyValueSpecification","valueRequired":true,"valueName":"search_term_string"}}],"inLanguage":"en-US"}]}},"_links":{"self":[{"href":"https:\/\/www.fiqsante.qc.ca\/en\/wp-json\/wp\/v2\/pages\/10779","targetHints":{"allow":["GET"]}}],"collection":[{"href":"https:\/\/www.fiqsante.qc.ca\/en\/wp-json\/wp\/v2\/pages"}],"about":[{"href":"https:\/\/www.fiqsante.qc.ca\/en\/wp-json\/wp\/v2\/types\/page"}],"author":[{"embeddable":true,"href":"https:\/\/www.fiqsante.qc.ca\/en\/wp-json\/wp\/v2\/users\/2"}],"replies":[{"embeddable":true,"href":"https:\/\/www.fiqsante.qc.ca\/en\/wp-json\/wp\/v2\/comments?post=10779"}],"version-history":[{"count":8,"href":"https:\/\/www.fiqsante.qc.ca\/en\/wp-json\/wp\/v2\/pages\/10779\/revisions"}],"predecessor-version":[{"id":11192,"href":"https:\/\/www.fiqsante.qc.ca\/en\/wp-json\/wp\/v2\/pages\/10779\/revisions\/11192"}],"wp:featuredmedia":[{"embeddable":true,"href":"https:\/\/www.fiqsante.qc.ca\/en\/wp-json\/wp\/v2\/media\/10700"}],"wp:attachment":[{"href":"https:\/\/www.fiqsante.qc.ca\/en\/wp-json\/wp\/v2\/media?parent=10779"}],"curies":[{"name":"wp","href":"https:\/\/api.w.org\/{rel}","templated":true}]}}