{"id":10798,"date":"2024-05-29T16:33:21","date_gmt":"2024-05-29T20:33:21","guid":{"rendered":"https:\/\/www.fiqsante.qc.ca\/memoires\/"},"modified":"2025-11-27T11:56:03","modified_gmt":"2025-11-27T16:56:03","slug":"memoires","status":"publish","type":"page","link":"https:\/\/www.fiqsante.qc.ca\/en\/memoires\/","title":{"rendered":"Briefs and opinions"},"content":{"rendered":"<div class=\"wpb-content-wrapper\"><p>[vc_row][vc_column][vc_column_text css=&#8221;&#8221;]<\/p>\n<h1>Briefs and opinions<\/h1>\n<p>[\/vc_column_text][\/vc_column][\/vc_row][vc_row][vc_column width=&#8221;2\/3&#8243;][vc_column_text css=&#8221;&#8221;]As a labour organization, the FIQ actively carries out its role as an agent of social change. As such, it engages in societal debates to defend and promote the interests and concerns of the healthcare professionals it represents, but also those of the public. The FIQ strongly believes that participating in these discussions is essential in influencing public policies and contributing to building a more just and fair society. It is in this spirit that the FIQ regularly submits briefs and opinions to parliamentary committees, addressing a variety of issues such as health, working conditions, pay equity, family rights and many others. These briefs and opinions reflect not only the concerns and aspirations of healthcare professionals, but also the feminist values and principles of social justice at the heart of our mission.<\/p>\n<p>We invite you to consult the briefs submitted by the FIQ, which demonstrate our ongoing commitment and willingness to participate constructively in the legislative and decision-making processes.[\/vc_column_text][vc_column_text css=&#8221;&#8221;]\n<fivo-docs class=\"fivo-docs\" data-fivo-docs-style=\"grid\" data-fivo-docs-boxed=\"false\" data-fivo-docs-masonry=\"false\" data-fivo-docs-scrollable=\"false\" data-fivo-docs-collapsible=\"true\" data-fivo-docs-filters=\"false\" data-fivo-docs-pagination=\"false\" data-fivo-docs-use-theme-fonts=\"false\">\n\n\t\n\t<div class=\"fivo-docs-grid\" style=\"--fivo-docs--columns-xs:1;--fivo-docs--columns-sm:1;--fivo-docs--columns-md:1;--fivo-docs--columns-lg:1;--fivo-docs--columns-xl:1\">\n\n\t\n\t\t<div class=\"fivo-docs-section\" data-fivo-docs-accordion>\n\n\t\t\t<h3 class=\"fivo-docs-title fivo-docs-category-title\">Briefs and opinions<\/h3>\n\n\t\t\t\n\t\t\t\t<div class=\"fivo-docs-subsection\">\n\n\t\t\t\t\t<div class=\"fivo-docs-list fivo-docs-uncategorized-list\">\n\n\t\t\t\t\t\t\n<a\n\ttarget=\"_blank\"\n\thref=\"https:\/\/www.fiqsante.qc.ca\/wp-content\/uploads\/2026\/02\/brief-2026-2027-pre-budget-consultations.pdf\"\n\tclass=\"fivo-docs-item\"\n\tdata-fivo-docs-filter-index=\"0\"\n\tdata-fivo-docs-filter-size=\"305017\"\n\tdata-fivo-docs-filter-type=\"pdf\"\n\tdata-fivo-docs-filter-category=\"briefs-and-opinions\"\n\tdata-fivo-docs-filter-date=\"2026-02-26\">\n\t<span class=\"fivo-docs-item-icon fivo-docs-file-icon\" data-fivo-docs-file-type=\"pdf\"><span><\/span><\/span>\n\t<span class=\"fivo-docs-item-info\">\n\t\t<span class=\"fivo-docs-item-title\">Brief - 2026-2027 Pre-Budget Consultations<\/span>\n\t\t\t\t<span class=\"fivo-docs-item-meta\">\n\t\t\t<span class=\"fivo-docs-item-size\">297.9 KB<\/span>\n\t\t\t\t\t\t\t<span class=\"fivo-docs-item-date\">26 February 2026<\/span>\n\t\t\t\t\t<\/span>\n\t<\/span>\n<\/a>\n\n<a\n\ttarget=\"_blank\"\n\thref=\"https:\/\/www.fiqsante.qc.ca\/wp-content\/uploads\/2026\/02\/brief-bill-15-commendable-goals-opportunity-to-go-further.pdf\"\n\tclass=\"fivo-docs-item\"\n\tdata-fivo-docs-filter-index=\"1\"\n\tdata-fivo-docs-filter-size=\"361894\"\n\tdata-fivo-docs-filter-type=\"pdf\"\n\tdata-fivo-docs-filter-category=\"briefs-and-opinions\"\n\tdata-fivo-docs-filter-date=\"2026-02-23\">\n\t<span class=\"fivo-docs-item-icon fivo-docs-file-icon\" data-fivo-docs-file-type=\"pdf\"><span><\/span><\/span>\n\t<span class=\"fivo-docs-item-info\">\n\t\t<span class=\"fivo-docs-item-title\">Brief - Bill 15 - Commendable Goals Opportunity to Go Further<\/span>\n\t\t\t\t<span class=\"fivo-docs-item-meta\">\n\t\t\t<span class=\"fivo-docs-item-size\">353.4 KB<\/span>\n\t\t\t\t\t\t\t<span class=\"fivo-docs-item-date\">23 February 2026<\/span>\n\t\t\t\t\t<\/span>\n\t<\/span>\n<\/a>\n\n<a\n\ttarget=\"_blank\"\n\thref=\"https:\/\/www.fiqsante.qc.ca\/wp-content\/uploads\/2026\/02\/2025-03-17-brief-bill-89-right-to-strike.pdf\"\n\tclass=\"fivo-docs-item\"\n\tdata-fivo-docs-filter-index=\"2\"\n\tdata-fivo-docs-filter-size=\"284315\"\n\tdata-fivo-docs-filter-type=\"pdf\"\n\tdata-fivo-docs-filter-category=\"briefs-and-opinions\"\n\tdata-fivo-docs-filter-date=\"2026-02-05\">\n\t<span class=\"fivo-docs-item-icon fivo-docs-file-icon\" data-fivo-docs-file-type=\"pdf\"><span><\/span><\/span>\n\t<span class=\"fivo-docs-item-info\">\n\t\t<span class=\"fivo-docs-item-title\">Brief Bill 89 Right to strike<\/span>\n\t\t\t\t<span class=\"fivo-docs-item-meta\">\n\t\t\t<span class=\"fivo-docs-item-size\">277.7 KB<\/span>\n\t\t\t\t\t\t\t<span class=\"fivo-docs-item-date\">5 February 2026<\/span>\n\t\t\t\t\t<\/span>\n\t<\/span>\n<\/a>\n\n<a\n\ttarget=\"_blank\"\n\thref=\"https:\/\/www.fiqsante.qc.ca\/wp-content\/uploads\/2025\/12\/brief-bill-1-a-bill-that-threatens-the-balance-of-democracy-1.pdf\"\n\tclass=\"fivo-docs-item\"\n\tdata-fivo-docs-filter-index=\"3\"\n\tdata-fivo-docs-filter-size=\"242726\"\n\tdata-fivo-docs-filter-type=\"pdf\"\n\tdata-fivo-docs-filter-category=\"briefs-and-opinions\"\n\tdata-fivo-docs-filter-date=\"2025-12-08\">\n\t<span class=\"fivo-docs-item-icon fivo-docs-file-icon\" data-fivo-docs-file-type=\"pdf\"><span><\/span><\/span>\n\t<span class=\"fivo-docs-item-info\">\n\t\t<span class=\"fivo-docs-item-title\">Brief Bill 1 - A bill that threatens the balance of democracy<\/span>\n\t\t\t\t<span class=\"fivo-docs-item-meta\">\n\t\t\t<span class=\"fivo-docs-item-size\">237.0 KB<\/span>\n\t\t\t\t\t\t\t<span class=\"fivo-docs-item-date\">8 December 2025<\/span>\n\t\t\t\t\t<\/span>\n\t<\/span>\n<\/a>\n\n<a\n\ttarget=\"_blank\"\n\thref=\"https:\/\/www.fiqsante.qc.ca\/wp-content\/uploads\/2025\/12\/brief-bill-100-reform-bargaining-system.pdf\"\n\tclass=\"fivo-docs-item\"\n\tdata-fivo-docs-filter-index=\"4\"\n\tdata-fivo-docs-filter-size=\"153098\"\n\tdata-fivo-docs-filter-type=\"pdf\"\n\tdata-fivo-docs-filter-category=\"briefs-and-opinions\"\n\tdata-fivo-docs-filter-date=\"2025-12-04\">\n\t<span class=\"fivo-docs-item-icon fivo-docs-file-icon\" data-fivo-docs-file-type=\"pdf\"><span><\/span><\/span>\n\t<span class=\"fivo-docs-item-info\">\n\t\t<span class=\"fivo-docs-item-title\">Brief Bill 100 - Reform of the Bargaining System<\/span>\n\t\t\t\t<span class=\"fivo-docs-item-meta\">\n\t\t\t<span class=\"fivo-docs-item-size\">149.5 KB<\/span>\n\t\t\t\t\t\t\t<span class=\"fivo-docs-item-date\">4 December 2025<\/span>\n\t\t\t\t\t<\/span>\n\t<\/span>\n<\/a>\n\n<a\n\ttarget=\"_blank\"\n\thref=\"https:\/\/www.fiqsante.qc.ca\/wp-content\/uploads\/2025\/11\/brief-bill-3-a-threat-to-solidarity-and-full-and-complete-union-representation.pdf\"\n\tclass=\"fivo-docs-item\"\n\tdata-fivo-docs-filter-index=\"5\"\n\tdata-fivo-docs-filter-size=\"286429\"\n\tdata-fivo-docs-filter-type=\"pdf\"\n\tdata-fivo-docs-filter-category=\"briefs-and-opinions\"\n\tdata-fivo-docs-filter-date=\"2025-11-27\">\n\t<span class=\"fivo-docs-item-icon fivo-docs-file-icon\" data-fivo-docs-file-type=\"pdf\"><span><\/span><\/span>\n\t<span class=\"fivo-docs-item-info\">\n\t\t<span class=\"fivo-docs-item-title\">Brief Bill 3 - A Threat to Solidarity and Full and Complete Union Representation<\/span>\n\t\t\t\t<span class=\"fivo-docs-item-meta\">\n\t\t\t<span class=\"fivo-docs-item-size\">279.7 KB<\/span>\n\t\t\t\t\t\t\t<span class=\"fivo-docs-item-date\">27 November 2025<\/span>\n\t\t\t\t\t<\/span>\n\t<\/span>\n<\/a>\n\n\t\t\t\t\t<\/div>\n\n\t\t\t\t<\/div>\n\n\t\t\t\n\t\t\t\n\t\t<\/div>\n\n\t\t<\/div>\n\n<\/fivo-docs>\n[\/vc_column_text][\/vc_column][vc_column width=&#8221;1\/3&#8243;][\/vc_column][\/vc_row]<\/p>\n<\/div>","protected":false},"excerpt":{"rendered":"<p>[vc_row][vc_column][vc_column_text css=&#8221;&#8221;] Briefs and opinions [\/vc_column_text][\/vc_column][\/vc_row][vc_row][vc_column width=&#8221;2\/3&#8243;][vc_column_text css=&#8221;&#8221;]As a labour organization, the FIQ actively carries out its role as an agent of social change. As such, it engages in societal debates to defend and promote the interests and concerns of the healthcare professionals it represents, but also those of the public. The FIQ strongly believes [&hellip;]<\/p>\n","protected":false},"author":2,"featured_media":0,"parent":0,"menu_order":0,"comment_status":"closed","ping_status":"closed","template":"","meta":{"_acf_changed":false,"inline_featured_image":false,"footnotes":""},"class_list":["post-10798","page","type-page","status-publish","hentry"],"acf":[],"yoast_head":"<!-- This site is optimized with the Yoast SEO plugin v27.4 - https:\/\/yoast.com\/product\/yoast-seo-wordpress\/ -->\n<title>Briefs and opinions - F\u00e9d\u00e9ration interprofessionnelle de la sant\u00e9 du Qu\u00e9bec<\/title>\n<meta name=\"robots\" content=\"index, follow, max-snippet:-1, max-image-preview:large, max-video-preview:-1\" \/>\n<link rel=\"canonical\" href=\"https:\/\/www.fiqsante.qc.ca\/en\/memoires\/\" \/>\n<meta property=\"og:locale\" content=\"en_US\" \/>\n<meta property=\"og:type\" content=\"article\" \/>\n<meta property=\"og:title\" content=\"Briefs and opinions - F\u00e9d\u00e9ration interprofessionnelle de la sant\u00e9 du Qu\u00e9bec\" \/>\n<meta property=\"og:description\" content=\"[vc_row][vc_column][vc_column_text css=&#8221;&#8221;] Briefs and opinions [\/vc_column_text][\/vc_column][\/vc_row][vc_row][vc_column width=&#8221;2\/3&#8243;][vc_column_text css=&#8221;&#8221;]As a labour organization, the FIQ actively carries out its role as an agent of social change. As such, it engages in societal debates to defend and promote the interests and concerns of the healthcare professionals it represents, but also those of the public. The FIQ strongly believes [&hellip;]\" \/>\n<meta property=\"og:url\" content=\"https:\/\/www.fiqsante.qc.ca\/en\/memoires\/\" \/>\n<meta property=\"og:site_name\" content=\"F\u00e9d\u00e9ration interprofessionnelle de la sant\u00e9 du Qu\u00e9bec\" \/>\n<meta property=\"article:modified_time\" content=\"2025-11-27T16:56:03+00:00\" \/>\n<meta name=\"twitter:card\" content=\"summary_large_image\" \/>\n<meta name=\"twitter:label1\" content=\"Est. reading time\" \/>\n\t<meta name=\"twitter:data1\" content=\"1 minute\" \/>\n<script type=\"application\/ld+json\" class=\"yoast-schema-graph\">{\"@context\":\"https:\\\/\\\/schema.org\",\"@graph\":[{\"@type\":\"WebPage\",\"@id\":\"https:\\\/\\\/www.fiqsante.qc.ca\\\/en\\\/memoires\\\/\",\"url\":\"https:\\\/\\\/www.fiqsante.qc.ca\\\/en\\\/memoires\\\/\",\"name\":\"Briefs and opinions - F\u00e9d\u00e9ration interprofessionnelle de la sant\u00e9 du Qu\u00e9bec\",\"isPartOf\":{\"@id\":\"https:\\\/\\\/www.fiqsante.qc.ca\\\/en\\\/#website\"},\"datePublished\":\"2024-05-29T20:33:21+00:00\",\"dateModified\":\"2025-11-27T16:56:03+00:00\",\"breadcrumb\":{\"@id\":\"https:\\\/\\\/www.fiqsante.qc.ca\\\/en\\\/memoires\\\/#breadcrumb\"},\"inLanguage\":\"en-US\",\"potentialAction\":[{\"@type\":\"ReadAction\",\"target\":[\"https:\\\/\\\/www.fiqsante.qc.ca\\\/en\\\/memoires\\\/\"]}]},{\"@type\":\"BreadcrumbList\",\"@id\":\"https:\\\/\\\/www.fiqsante.qc.ca\\\/en\\\/memoires\\\/#breadcrumb\",\"itemListElement\":[{\"@type\":\"ListItem\",\"position\":1,\"name\":\"Home\",\"item\":\"https:\\\/\\\/www.fiqsante.qc.ca\\\/en\\\/\"},{\"@type\":\"ListItem\",\"position\":2,\"name\":\"Briefs and opinions\"}]},{\"@type\":\"WebSite\",\"@id\":\"https:\\\/\\\/www.fiqsante.qc.ca\\\/en\\\/#website\",\"url\":\"https:\\\/\\\/www.fiqsante.qc.ca\\\/en\\\/\",\"name\":\"F\u00e9d\u00e9ration interprofessionnelle de la sant\u00e9 du Qu\u00e9bec\",\"description\":\"\",\"potentialAction\":[{\"@type\":\"SearchAction\",\"target\":{\"@type\":\"EntryPoint\",\"urlTemplate\":\"https:\\\/\\\/www.fiqsante.qc.ca\\\/en\\\/?s={search_term_string}\"},\"query-input\":{\"@type\":\"PropertyValueSpecification\",\"valueRequired\":true,\"valueName\":\"search_term_string\"}}],\"inLanguage\":\"en-US\"}]}<\/script>\n<!-- \/ Yoast SEO plugin. -->","yoast_head_json":{"title":"Briefs and opinions - F\u00e9d\u00e9ration interprofessionnelle de la sant\u00e9 du Qu\u00e9bec","robots":{"index":"index","follow":"follow","max-snippet":"max-snippet:-1","max-image-preview":"max-image-preview:large","max-video-preview":"max-video-preview:-1"},"canonical":"https:\/\/www.fiqsante.qc.ca\/en\/memoires\/","og_locale":"en_US","og_type":"article","og_title":"Briefs and opinions - F\u00e9d\u00e9ration interprofessionnelle de la sant\u00e9 du Qu\u00e9bec","og_description":"[vc_row][vc_column][vc_column_text css=&#8221;&#8221;] Briefs and opinions [\/vc_column_text][\/vc_column][\/vc_row][vc_row][vc_column width=&#8221;2\/3&#8243;][vc_column_text css=&#8221;&#8221;]As a labour organization, the FIQ actively carries out its role as an agent of social change. As such, it engages in societal debates to defend and promote the interests and concerns of the healthcare professionals it represents, but also those of the public. The FIQ strongly believes [&hellip;]","og_url":"https:\/\/www.fiqsante.qc.ca\/en\/memoires\/","og_site_name":"F\u00e9d\u00e9ration interprofessionnelle de la sant\u00e9 du Qu\u00e9bec","article_modified_time":"2025-11-27T16:56:03+00:00","twitter_card":"summary_large_image","twitter_misc":{"Est. reading time":"1 minute"},"schema":{"@context":"https:\/\/schema.org","@graph":[{"@type":"WebPage","@id":"https:\/\/www.fiqsante.qc.ca\/en\/memoires\/","url":"https:\/\/www.fiqsante.qc.ca\/en\/memoires\/","name":"Briefs and opinions - F\u00e9d\u00e9ration interprofessionnelle de la sant\u00e9 du Qu\u00e9bec","isPartOf":{"@id":"https:\/\/www.fiqsante.qc.ca\/en\/#website"},"datePublished":"2024-05-29T20:33:21+00:00","dateModified":"2025-11-27T16:56:03+00:00","breadcrumb":{"@id":"https:\/\/www.fiqsante.qc.ca\/en\/memoires\/#breadcrumb"},"inLanguage":"en-US","potentialAction":[{"@type":"ReadAction","target":["https:\/\/www.fiqsante.qc.ca\/en\/memoires\/"]}]},{"@type":"BreadcrumbList","@id":"https:\/\/www.fiqsante.qc.ca\/en\/memoires\/#breadcrumb","itemListElement":[{"@type":"ListItem","position":1,"name":"Home","item":"https:\/\/www.fiqsante.qc.ca\/en\/"},{"@type":"ListItem","position":2,"name":"Briefs and opinions"}]},{"@type":"WebSite","@id":"https:\/\/www.fiqsante.qc.ca\/en\/#website","url":"https:\/\/www.fiqsante.qc.ca\/en\/","name":"F\u00e9d\u00e9ration interprofessionnelle de la sant\u00e9 du Qu\u00e9bec","description":"","potentialAction":[{"@type":"SearchAction","target":{"@type":"EntryPoint","urlTemplate":"https:\/\/www.fiqsante.qc.ca\/en\/?s={search_term_string}"},"query-input":{"@type":"PropertyValueSpecification","valueRequired":true,"valueName":"search_term_string"}}],"inLanguage":"en-US"}]}},"_links":{"self":[{"href":"https:\/\/www.fiqsante.qc.ca\/en\/wp-json\/wp\/v2\/pages\/10798","targetHints":{"allow":["GET"]}}],"collection":[{"href":"https:\/\/www.fiqsante.qc.ca\/en\/wp-json\/wp\/v2\/pages"}],"about":[{"href":"https:\/\/www.fiqsante.qc.ca\/en\/wp-json\/wp\/v2\/types\/page"}],"author":[{"embeddable":true,"href":"https:\/\/www.fiqsante.qc.ca\/en\/wp-json\/wp\/v2\/users\/2"}],"replies":[{"embeddable":true,"href":"https:\/\/www.fiqsante.qc.ca\/en\/wp-json\/wp\/v2\/comments?post=10798"}],"version-history":[{"count":2,"href":"https:\/\/www.fiqsante.qc.ca\/en\/wp-json\/wp\/v2\/pages\/10798\/revisions"}],"predecessor-version":[{"id":10802,"href":"https:\/\/www.fiqsante.qc.ca\/en\/wp-json\/wp\/v2\/pages\/10798\/revisions\/10802"}],"wp:attachment":[{"href":"https:\/\/www.fiqsante.qc.ca\/en\/wp-json\/wp\/v2\/media?parent=10798"}],"curies":[{"name":"wp","href":"https:\/\/api.w.org\/{rel}","templated":true}]}}