{"id":11024,"date":"2025-12-16T14:24:00","date_gmt":"2025-12-16T19:24:00","guid":{"rendered":"https:\/\/www.fiqsante.qc.ca\/?page_id=11024"},"modified":"2025-12-16T14:24:01","modified_gmt":"2025-12-16T19:24:01","slug":"toolkit-bill-3","status":"publish","type":"page","link":"https:\/\/www.fiqsante.qc.ca\/en\/toolkit-bill-3\/","title":{"rendered":"Toolkit \u2013 Bill 3"},"content":{"rendered":"<div class=\"wpb-content-wrapper\"><p>[vc_row][vc_column][vc_column_text css=&#8221;&#8221;]<\/p>\n<h3>Toolkit \u2013 Bill 3<\/h3>\n<p>Use these visual images and resources to talk about Bill 3 on social media and to encourage your colleagues and your entourage to mobilize. \u00a0Every time it is shared helps raise awareness about the impacts of the bill, counter misinformation, and defend the rights of healthcare professionals.[\/vc_column_text][\/vc_column][\/vc_row][vc_row][vc_column width=&#8221;1\/5&#8243;][vc_single_image image=&#8221;10696&#8243; img_size=&#8221;medium&#8221; css=&#8221;&#8221;][vc_column_text css=&#8221;&#8221;]<strong>Facebook post (in French only)<\/strong>[\/vc_column_text]<a class=\"btn btn-primary \" href=\"https:\/\/www.fiqsante.qc.ca\/wp-content\/uploads\/2025\/11\/carre-fb-1.jpg\" title=\"\" target=\"\"><span>Download<\/span><\/a>[\/vc_column][vc_column width=&#8221;1\/5&#8243;][vc_single_image image=&#8221;10704&#8243; img_size=&#8221;medium&#8221; css=&#8221;&#8221;][vc_column_text css=&#8221;&#8221;]<strong>Story (in French Only)<\/strong>[\/vc_column_text]<a class=\"btn btn-primary \" href=\"https:\/\/www.fiqsante.qc.ca\/wp-content\/uploads\/2025\/11\/story-reel-1.jpg\" title=\"\" target=\"\"><span>Download<\/span><\/a>[\/vc_column][vc_column width=&#8221;1\/5&#8243;][vc_single_image image=&#8221;10702&#8243; img_size=&#8221;medium&#8221; css=&#8221;&#8221;][vc_column_text css=&#8221;&#8221;]<strong>Instagram post (in French only)<\/strong>[\/vc_column_text]<a class=\"btn btn-primary \" href=\"https:\/\/www.fiqsante.qc.ca\/wp-content\/uploads\/2025\/11\/rectangle-ig.jpg\" title=\"\" target=\"\"><span>Download<\/span><\/a>[\/vc_column][vc_column width=&#8221;1\/5&#8243;][vc_single_image image=&#8221;10698&#8243; img_size=&#8221;medium&#8221; css=&#8221;&#8221;][vc_column_text css=&#8221;&#8221;]<strong>Website header (in French)<\/strong>[\/vc_column_text]<a class=\"btn btn-primary \" href=\"https:\/\/www.fiqsante.qc.ca\/wp-content\/uploads\/2025\/11\/en-tete-web-1.jpg\" title=\"\" target=\"\"><span>Download<\/span><\/a>[\/vc_column][vc_column width=&#8221;1\/5&#8243;][vc_single_image image=&#8221;10700&#8243; img_size=&#8221;medium&#8221; css=&#8221;&#8221;][vc_column_text css=&#8221;&#8221;]<strong>Website header (in English)<\/strong>[\/vc_column_text]<a class=\"btn btn-primary \" href=\"https:\/\/www.fiqsante.qc.ca\/wp-content\/uploads\/2025\/11\/en-tete-web-1.jpg\" title=\"\" target=\"\"><span>Download<\/span><\/a>[\/vc_column][\/vc_row]<\/p>\n<\/div>","protected":false},"excerpt":{"rendered":"<p>[vc_row][vc_column][vc_column_text css=&#8221;&#8221;] Toolkit \u2013 Bill 3 Use these visual images and resources to talk about Bill 3 on social media and to encourage your colleagues and your entourage to mobilize. \u00a0Every time it is shared helps raise awareness about the impacts of the bill, counter misinformation, and defend the rights of healthcare professionals.[\/vc_column_text][\/vc_column][\/vc_row][vc_row][vc_column width=&#8221;1\/5&#8243;][vc_single_image image=&#8221;10696&#8243; [&hellip;]<\/p>\n","protected":false},"author":2,"featured_media":0,"parent":0,"menu_order":0,"comment_status":"closed","ping_status":"closed","template":"","meta":{"_acf_changed":false,"inline_featured_image":false,"footnotes":""},"class_list":["post-11024","page","type-page","status-publish","hentry"],"acf":[],"yoast_head":"<!-- This site is optimized with the Yoast SEO plugin v27.3 - https:\/\/yoast.com\/product\/yoast-seo-wordpress\/ -->\n<title>Toolkit \u2013 Bill 3 - F\u00e9d\u00e9ration interprofessionnelle de la sant\u00e9 du Qu\u00e9bec<\/title>\n<meta name=\"robots\" content=\"index, follow, max-snippet:-1, max-image-preview:large, max-video-preview:-1\" \/>\n<link rel=\"canonical\" href=\"https:\/\/www.fiqsante.qc.ca\/en\/toolkit-bill-3\/\" \/>\n<meta property=\"og:locale\" content=\"en_US\" \/>\n<meta property=\"og:type\" content=\"article\" \/>\n<meta property=\"og:title\" content=\"Toolkit \u2013 Bill 3 - F\u00e9d\u00e9ration interprofessionnelle de la sant\u00e9 du Qu\u00e9bec\" \/>\n<meta property=\"og:description\" content=\"[vc_row][vc_column][vc_column_text css=&#8221;&#8221;] Toolkit \u2013 Bill 3 Use these visual images and resources to talk about Bill 3 on social media and to encourage your colleagues and your entourage to mobilize. \u00a0Every time it is shared helps raise awareness about the impacts of the bill, counter misinformation, and defend the rights of healthcare professionals.[\/vc_column_text][\/vc_column][\/vc_row][vc_row][vc_column width=&#8221;1\/5&#8243;][vc_single_image image=&#8221;10696&#8243; [&hellip;]\" \/>\n<meta property=\"og:url\" content=\"https:\/\/www.fiqsante.qc.ca\/en\/toolkit-bill-3\/\" \/>\n<meta property=\"og:site_name\" content=\"F\u00e9d\u00e9ration interprofessionnelle de la sant\u00e9 du Qu\u00e9bec\" \/>\n<meta property=\"article:modified_time\" content=\"2025-12-16T19:24:01+00:00\" \/>\n<meta name=\"twitter:card\" content=\"summary_large_image\" \/>\n<meta name=\"twitter:label1\" content=\"Est. reading time\" \/>\n\t<meta name=\"twitter:data1\" content=\"2 minutes\" \/>\n<script type=\"application\/ld+json\" class=\"yoast-schema-graph\">{\"@context\":\"https:\\\/\\\/schema.org\",\"@graph\":[{\"@type\":\"WebPage\",\"@id\":\"https:\\\/\\\/www.fiqsante.qc.ca\\\/en\\\/toolkit-bill-3\\\/\",\"url\":\"https:\\\/\\\/www.fiqsante.qc.ca\\\/en\\\/toolkit-bill-3\\\/\",\"name\":\"Toolkit \u2013 Bill 3 - F\u00e9d\u00e9ration interprofessionnelle de la sant\u00e9 du Qu\u00e9bec\",\"isPartOf\":{\"@id\":\"https:\\\/\\\/www.fiqsante.qc.ca\\\/en\\\/#website\"},\"datePublished\":\"2025-12-16T19:24:00+00:00\",\"dateModified\":\"2025-12-16T19:24:01+00:00\",\"breadcrumb\":{\"@id\":\"https:\\\/\\\/www.fiqsante.qc.ca\\\/en\\\/toolkit-bill-3\\\/#breadcrumb\"},\"inLanguage\":\"en-US\",\"potentialAction\":[{\"@type\":\"ReadAction\",\"target\":[\"https:\\\/\\\/www.fiqsante.qc.ca\\\/en\\\/toolkit-bill-3\\\/\"]}]},{\"@type\":\"BreadcrumbList\",\"@id\":\"https:\\\/\\\/www.fiqsante.qc.ca\\\/en\\\/toolkit-bill-3\\\/#breadcrumb\",\"itemListElement\":[{\"@type\":\"ListItem\",\"position\":1,\"name\":\"Home\",\"item\":\"https:\\\/\\\/www.fiqsante.qc.ca\\\/en\\\/\"},{\"@type\":\"ListItem\",\"position\":2,\"name\":\"Toolkit \u2013 Bill 3\"}]},{\"@type\":\"WebSite\",\"@id\":\"https:\\\/\\\/www.fiqsante.qc.ca\\\/en\\\/#website\",\"url\":\"https:\\\/\\\/www.fiqsante.qc.ca\\\/en\\\/\",\"name\":\"F\u00e9d\u00e9ration interprofessionnelle de la sant\u00e9 du Qu\u00e9bec\",\"description\":\"\",\"potentialAction\":[{\"@type\":\"SearchAction\",\"target\":{\"@type\":\"EntryPoint\",\"urlTemplate\":\"https:\\\/\\\/www.fiqsante.qc.ca\\\/en\\\/?s={search_term_string}\"},\"query-input\":{\"@type\":\"PropertyValueSpecification\",\"valueRequired\":true,\"valueName\":\"search_term_string\"}}],\"inLanguage\":\"en-US\"}]}<\/script>\n<!-- \/ Yoast SEO plugin. -->","yoast_head_json":{"title":"Toolkit \u2013 Bill 3 - F\u00e9d\u00e9ration interprofessionnelle de la sant\u00e9 du Qu\u00e9bec","robots":{"index":"index","follow":"follow","max-snippet":"max-snippet:-1","max-image-preview":"max-image-preview:large","max-video-preview":"max-video-preview:-1"},"canonical":"https:\/\/www.fiqsante.qc.ca\/en\/toolkit-bill-3\/","og_locale":"en_US","og_type":"article","og_title":"Toolkit \u2013 Bill 3 - F\u00e9d\u00e9ration interprofessionnelle de la sant\u00e9 du Qu\u00e9bec","og_description":"[vc_row][vc_column][vc_column_text css=&#8221;&#8221;] Toolkit \u2013 Bill 3 Use these visual images and resources to talk about Bill 3 on social media and to encourage your colleagues and your entourage to mobilize. \u00a0Every time it is shared helps raise awareness about the impacts of the bill, counter misinformation, and defend the rights of healthcare professionals.[\/vc_column_text][\/vc_column][\/vc_row][vc_row][vc_column width=&#8221;1\/5&#8243;][vc_single_image image=&#8221;10696&#8243; [&hellip;]","og_url":"https:\/\/www.fiqsante.qc.ca\/en\/toolkit-bill-3\/","og_site_name":"F\u00e9d\u00e9ration interprofessionnelle de la sant\u00e9 du Qu\u00e9bec","article_modified_time":"2025-12-16T19:24:01+00:00","twitter_card":"summary_large_image","twitter_misc":{"Est. reading time":"2 minutes"},"schema":{"@context":"https:\/\/schema.org","@graph":[{"@type":"WebPage","@id":"https:\/\/www.fiqsante.qc.ca\/en\/toolkit-bill-3\/","url":"https:\/\/www.fiqsante.qc.ca\/en\/toolkit-bill-3\/","name":"Toolkit \u2013 Bill 3 - F\u00e9d\u00e9ration interprofessionnelle de la sant\u00e9 du Qu\u00e9bec","isPartOf":{"@id":"https:\/\/www.fiqsante.qc.ca\/en\/#website"},"datePublished":"2025-12-16T19:24:00+00:00","dateModified":"2025-12-16T19:24:01+00:00","breadcrumb":{"@id":"https:\/\/www.fiqsante.qc.ca\/en\/toolkit-bill-3\/#breadcrumb"},"inLanguage":"en-US","potentialAction":[{"@type":"ReadAction","target":["https:\/\/www.fiqsante.qc.ca\/en\/toolkit-bill-3\/"]}]},{"@type":"BreadcrumbList","@id":"https:\/\/www.fiqsante.qc.ca\/en\/toolkit-bill-3\/#breadcrumb","itemListElement":[{"@type":"ListItem","position":1,"name":"Home","item":"https:\/\/www.fiqsante.qc.ca\/en\/"},{"@type":"ListItem","position":2,"name":"Toolkit \u2013 Bill 3"}]},{"@type":"WebSite","@id":"https:\/\/www.fiqsante.qc.ca\/en\/#website","url":"https:\/\/www.fiqsante.qc.ca\/en\/","name":"F\u00e9d\u00e9ration interprofessionnelle de la sant\u00e9 du Qu\u00e9bec","description":"","potentialAction":[{"@type":"SearchAction","target":{"@type":"EntryPoint","urlTemplate":"https:\/\/www.fiqsante.qc.ca\/en\/?s={search_term_string}"},"query-input":{"@type":"PropertyValueSpecification","valueRequired":true,"valueName":"search_term_string"}}],"inLanguage":"en-US"}]}},"_links":{"self":[{"href":"https:\/\/www.fiqsante.qc.ca\/en\/wp-json\/wp\/v2\/pages\/11024","targetHints":{"allow":["GET"]}}],"collection":[{"href":"https:\/\/www.fiqsante.qc.ca\/en\/wp-json\/wp\/v2\/pages"}],"about":[{"href":"https:\/\/www.fiqsante.qc.ca\/en\/wp-json\/wp\/v2\/types\/page"}],"author":[{"embeddable":true,"href":"https:\/\/www.fiqsante.qc.ca\/en\/wp-json\/wp\/v2\/users\/2"}],"replies":[{"embeddable":true,"href":"https:\/\/www.fiqsante.qc.ca\/en\/wp-json\/wp\/v2\/comments?post=11024"}],"version-history":[{"count":1,"href":"https:\/\/www.fiqsante.qc.ca\/en\/wp-json\/wp\/v2\/pages\/11024\/revisions"}],"predecessor-version":[{"id":11025,"href":"https:\/\/www.fiqsante.qc.ca\/en\/wp-json\/wp\/v2\/pages\/11024\/revisions\/11025"}],"wp:attachment":[{"href":"https:\/\/www.fiqsante.qc.ca\/en\/wp-json\/wp\/v2\/media?parent=11024"}],"curies":[{"name":"wp","href":"https:\/\/api.w.org\/{rel}","templated":true}]}}