{"id":11402,"date":"2026-01-22T14:23:28","date_gmt":"2026-01-22T19:23:28","guid":{"rendered":"https:\/\/www.fiqsante.qc.ca\/trousse-a-outils-generations-deboutte\/"},"modified":"2026-01-26T14:25:46","modified_gmt":"2026-01-26T19:25:46","slug":"trousse-a-outils-generations-deboutte","status":"publish","type":"page","link":"https:\/\/www.fiqsante.qc.ca\/en\/trousse-a-outils-generations-deboutte\/","title":{"rendered":"Tool kit | Generations STAND UP!"},"content":{"rendered":"<div class=\"wpb-content-wrapper\"><p>[vc_row][vc_column][vc_column_text css=&#8221;&#8221;]<\/p>\n<h5>Tool kit | Generations STAND UP!<\/h5>\n<p>The FIQ invites its members to embrace the slogan <em>Generations STAND UP!<\/em> by showing their support in their workplace, in their community or on social media. The official visuals can be downloaded to support mobilization across Quebec.<\/p>\n<p>Let\u2019s proudly show that we are part of <em>Generations STAND UP!<\/em><\/p>\n<p>Whenever you use a visual, credit it to: Collectif 8 mars. Club\u00a0Sexu. Illustration: Alex Bilodeau<\/p>\n<p>Materials are the property of Collectif 8 mars. Any use or reproduction by political parties is strictly forbidden. The illustration may not be corrected, changed or adapted without the prior written consent of Collectif 8 mars.[\/vc_column_text][\/vc_column][\/vc_row][vc_row][vc_column width=&#8221;1\/4&#8243;][vc_single_image image=&#8221;11408&#8243; img_size=&#8221;medium&#8221; css=&#8221;&#8221;][vc_column_text css=&#8221;&#8221;]<\/p>\n<p class=\"p1\">Banner (Facebook, X)<\/p>\n<p>[\/vc_column_text]<a class=\"btn btn-primary \" href=\"https:\/\/www.fiqsante.qc.ca\/wp-content\/uploads\/2026\/01\/coll8mars-declinaisons-num-banniere-fb-en-o2.jpg\" title=\"\" target=\"\"><span>T\u00e9l\u00e9charger<\/span><\/a>[\/vc_column][vc_column width=&#8221;1\/4&#8243;][vc_single_image image=&#8221;11410&#8243; img_size=&#8221;medium&#8221; css=&#8221;&#8221;][vc_column_text css=&#8221;&#8221;]<\/p>\n<p class=\"p1\">Banner (Facebook, X)<\/p>\n<p>[\/vc_column_text]<a class=\"btn btn-primary \" href=\"https:\/\/www.fiqsante.qc.ca\/wp-content\/uploads\/2026\/01\/coll8mars-declinaisons-num-banniere-x-en-o1.jpg\" title=\"\" target=\"\"><span>T\u00e9l\u00e9charger<\/span><\/a>[\/vc_column][vc_column width=&#8221;1\/4&#8243;][vc_single_image image=&#8221;11412&#8243; img_size=&#8221;medium&#8221; css=&#8221;&#8221;][vc_column_text css=&#8221;&#8221;]<\/p>\n<p class=\"p1\">Background for Teams and Zoom meetings<\/p>\n<p>[\/vc_column_text]<a class=\"btn btn-primary \" href=\"https:\/\/www.fiqsante.qc.ca\/wp-content\/uploads\/2026\/01\/coll8mars-declinaisons-num-fond-zoom-teams-en.jpg\" title=\"\" target=\"\"><span>T\u00e9l\u00e9charger<\/span><\/a>[\/vc_column][vc_column width=&#8221;1\/4&#8243;][vc_single_image image=&#8221;11371&#8243; img_size=&#8221;medium&#8221; css=&#8221;&#8221;][vc_column_text css=&#8221;&#8221;]<\/p>\n<p class=\"p1\">Profile picture<\/p>\n<p>[\/vc_column_text]<a class=\"btn btn-primary \" href=\"https:\/\/www.fiqsante.qc.ca\/wp-content\/uploads\/2026\/01\/coll8mars-declinaisons-num-photo-profil.jpg\" title=\"\" target=\"\"><span>T\u00e9l\u00e9charger<\/span><\/a>[\/vc_column][\/vc_row][vc_row][vc_column][vc_empty_space][\/vc_column][\/vc_row][vc_row][vc_column width=&#8221;1\/4&#8243;][vc_single_image image=&#8221;11414&#8243; img_size=&#8221;medium&#8221; css=&#8221;&#8221;][vc_column_text css=&#8221;&#8221;]<\/p>\n<p class=\"p1\">Email signature<\/p>\n<p>[\/vc_column_text]<a class=\"btn btn-primary \" href=\"https:\/\/www.fiqsante.qc.ca\/wp-content\/uploads\/2026\/01\/coll8mars-declinaisons-num-signature-courriel-en.png\" title=\"\" target=\"\"><span>T\u00e9l\u00e9charger<\/span><\/a>[\/vc_column][vc_column width=&#8221;1\/4&#8243;][vc_single_image image=&#8221;11398&#8243; img_size=&#8221;medium&#8221; css=&#8221;&#8221;][vc_column_text css=&#8221;&#8221;]<\/p>\n<p class=\"p1\">Thumbnail<\/p>\n<p>[\/vc_column_text]<a class=\"btn btn-primary \" href=\"https:\/\/www.fiqsante.qc.ca\/wp-content\/uploads\/2026\/01\/coll8mars-declinaisons-num-vignette-en-1.jpg\" title=\"\" target=\"\"><span>T\u00e9l\u00e9charger<\/span><\/a>[\/vc_column][vc_column width=&#8221;1\/4&#8243;][vc_single_image image=&#8221;11378&#8243; img_size=&#8221;medium&#8221; css=&#8221;&#8221;][vc_column_text css=&#8221;&#8221;]Pin[\/vc_column_text]<a class=\"btn btn-primary \" href=\"https:\/\/www.fiqsante.qc.ca\/wp-content\/uploads\/2026\/01\/coll8mars-epinglette-selection-o1.png\" title=\"\" target=\"\"><span>T\u00e9l\u00e9charger<\/span><\/a>[\/vc_column][vc_column width=&#8221;1\/4&#8243;][vc_single_image image=&#8221;11444&#8243; img_size=&#8221;medium&#8221; css=&#8221;&#8221;][vc_column_text css=&#8221;&#8221;]Poster[\/vc_column_text]<a class=\"btn btn-primary \" href=\"https:\/\/www.fiqsante.qc.ca\/wp-content\/uploads\/2026\/01\/coll8mars-affiche-web-en-2.pdf\" title=\"\" target=\"\"><span>T\u00e9l\u00e9charger<\/span><\/a>[\/vc_column][\/vc_row][vc_row][vc_column width=&#8221;1\/4&#8243;][vc_single_image image=&#8221;11385&#8243; img_size=&#8221;medium&#8221; css=&#8221;&#8221;][vc_column_text css=&#8221;&#8221;]Sticker[\/vc_column_text]<a class=\"btn btn-primary \" href=\"https:\/\/www.fiqsante.qc.ca\/wp-content\/uploads\/2026\/01\/coll8mars-autocollant-final.png\" title=\"\" target=\"\"><span>T\u00e9l\u00e9charger<\/span><\/a>[\/vc_column][\/vc_row]<\/p>\n<\/div>","protected":false},"excerpt":{"rendered":"<p>[vc_row][vc_column][vc_column_text css=&#8221;&#8221;] Tool kit | Generations STAND UP! The FIQ invites its members to embrace the slogan Generations STAND UP! by showing their support in their workplace, in their community or on social media. The official visuals can be downloaded to support mobilization across Quebec. Let\u2019s proudly show that we are part of Generations STAND [&hellip;]<\/p>\n","protected":false},"author":2,"featured_media":0,"parent":0,"menu_order":0,"comment_status":"closed","ping_status":"closed","template":"","meta":{"_acf_changed":false,"inline_featured_image":false,"footnotes":""},"class_list":["post-11402","page","type-page","status-publish","hentry"],"acf":[],"yoast_head":"<!-- This site is optimized with the Yoast SEO plugin v27.4 - https:\/\/yoast.com\/product\/yoast-seo-wordpress\/ -->\n<title>Tool kit | Generations STAND UP! - F\u00e9d\u00e9ration interprofessionnelle de la sant\u00e9 du Qu\u00e9bec<\/title>\n<meta name=\"robots\" content=\"index, follow, max-snippet:-1, max-image-preview:large, max-video-preview:-1\" \/>\n<link rel=\"canonical\" href=\"https:\/\/www.fiqsante.qc.ca\/en\/trousse-a-outils-generations-deboutte\/\" \/>\n<meta property=\"og:locale\" content=\"en_US\" \/>\n<meta property=\"og:type\" content=\"article\" \/>\n<meta property=\"og:title\" content=\"Tool kit | Generations STAND UP! - F\u00e9d\u00e9ration interprofessionnelle de la sant\u00e9 du Qu\u00e9bec\" \/>\n<meta property=\"og:description\" content=\"[vc_row][vc_column][vc_column_text css=&#8221;&#8221;] Tool kit | Generations STAND UP! The FIQ invites its members to embrace the slogan Generations STAND UP! by showing their support in their workplace, in their community or on social media. The official visuals can be downloaded to support mobilization across Quebec. Let\u2019s proudly show that we are part of Generations STAND [&hellip;]\" \/>\n<meta property=\"og:url\" content=\"https:\/\/www.fiqsante.qc.ca\/en\/trousse-a-outils-generations-deboutte\/\" \/>\n<meta property=\"og:site_name\" content=\"F\u00e9d\u00e9ration interprofessionnelle de la sant\u00e9 du Qu\u00e9bec\" \/>\n<meta property=\"article:modified_time\" content=\"2026-01-26T19:25:46+00:00\" \/>\n<meta name=\"twitter:card\" content=\"summary_large_image\" \/>\n<meta name=\"twitter:label1\" content=\"Est. reading time\" \/>\n\t<meta name=\"twitter:data1\" content=\"3 minutes\" \/>\n<script type=\"application\/ld+json\" class=\"yoast-schema-graph\">{\"@context\":\"https:\\\/\\\/schema.org\",\"@graph\":[{\"@type\":\"WebPage\",\"@id\":\"https:\\\/\\\/www.fiqsante.qc.ca\\\/en\\\/trousse-a-outils-generations-deboutte\\\/\",\"url\":\"https:\\\/\\\/www.fiqsante.qc.ca\\\/en\\\/trousse-a-outils-generations-deboutte\\\/\",\"name\":\"Tool kit | Generations STAND UP! - F\u00e9d\u00e9ration interprofessionnelle de la sant\u00e9 du Qu\u00e9bec\",\"isPartOf\":{\"@id\":\"https:\\\/\\\/www.fiqsante.qc.ca\\\/en\\\/#website\"},\"datePublished\":\"2026-01-22T19:23:28+00:00\",\"dateModified\":\"2026-01-26T19:25:46+00:00\",\"breadcrumb\":{\"@id\":\"https:\\\/\\\/www.fiqsante.qc.ca\\\/en\\\/trousse-a-outils-generations-deboutte\\\/#breadcrumb\"},\"inLanguage\":\"en-US\",\"potentialAction\":[{\"@type\":\"ReadAction\",\"target\":[\"https:\\\/\\\/www.fiqsante.qc.ca\\\/en\\\/trousse-a-outils-generations-deboutte\\\/\"]}]},{\"@type\":\"BreadcrumbList\",\"@id\":\"https:\\\/\\\/www.fiqsante.qc.ca\\\/en\\\/trousse-a-outils-generations-deboutte\\\/#breadcrumb\",\"itemListElement\":[{\"@type\":\"ListItem\",\"position\":1,\"name\":\"Home\",\"item\":\"https:\\\/\\\/www.fiqsante.qc.ca\\\/en\\\/\"},{\"@type\":\"ListItem\",\"position\":2,\"name\":\"Tool kit | Generations STAND UP!\"}]},{\"@type\":\"WebSite\",\"@id\":\"https:\\\/\\\/www.fiqsante.qc.ca\\\/en\\\/#website\",\"url\":\"https:\\\/\\\/www.fiqsante.qc.ca\\\/en\\\/\",\"name\":\"F\u00e9d\u00e9ration interprofessionnelle de la sant\u00e9 du Qu\u00e9bec\",\"description\":\"\",\"potentialAction\":[{\"@type\":\"SearchAction\",\"target\":{\"@type\":\"EntryPoint\",\"urlTemplate\":\"https:\\\/\\\/www.fiqsante.qc.ca\\\/en\\\/?s={search_term_string}\"},\"query-input\":{\"@type\":\"PropertyValueSpecification\",\"valueRequired\":true,\"valueName\":\"search_term_string\"}}],\"inLanguage\":\"en-US\"}]}<\/script>\n<!-- \/ Yoast SEO plugin. -->","yoast_head_json":{"title":"Tool kit | Generations STAND UP! - F\u00e9d\u00e9ration interprofessionnelle de la sant\u00e9 du Qu\u00e9bec","robots":{"index":"index","follow":"follow","max-snippet":"max-snippet:-1","max-image-preview":"max-image-preview:large","max-video-preview":"max-video-preview:-1"},"canonical":"https:\/\/www.fiqsante.qc.ca\/en\/trousse-a-outils-generations-deboutte\/","og_locale":"en_US","og_type":"article","og_title":"Tool kit | Generations STAND UP! - F\u00e9d\u00e9ration interprofessionnelle de la sant\u00e9 du Qu\u00e9bec","og_description":"[vc_row][vc_column][vc_column_text css=&#8221;&#8221;] Tool kit | Generations STAND UP! The FIQ invites its members to embrace the slogan Generations STAND UP! by showing their support in their workplace, in their community or on social media. The official visuals can be downloaded to support mobilization across Quebec. Let\u2019s proudly show that we are part of Generations STAND [&hellip;]","og_url":"https:\/\/www.fiqsante.qc.ca\/en\/trousse-a-outils-generations-deboutte\/","og_site_name":"F\u00e9d\u00e9ration interprofessionnelle de la sant\u00e9 du Qu\u00e9bec","article_modified_time":"2026-01-26T19:25:46+00:00","twitter_card":"summary_large_image","twitter_misc":{"Est. reading time":"3 minutes"},"schema":{"@context":"https:\/\/schema.org","@graph":[{"@type":"WebPage","@id":"https:\/\/www.fiqsante.qc.ca\/en\/trousse-a-outils-generations-deboutte\/","url":"https:\/\/www.fiqsante.qc.ca\/en\/trousse-a-outils-generations-deboutte\/","name":"Tool kit | Generations STAND UP! - F\u00e9d\u00e9ration interprofessionnelle de la sant\u00e9 du Qu\u00e9bec","isPartOf":{"@id":"https:\/\/www.fiqsante.qc.ca\/en\/#website"},"datePublished":"2026-01-22T19:23:28+00:00","dateModified":"2026-01-26T19:25:46+00:00","breadcrumb":{"@id":"https:\/\/www.fiqsante.qc.ca\/en\/trousse-a-outils-generations-deboutte\/#breadcrumb"},"inLanguage":"en-US","potentialAction":[{"@type":"ReadAction","target":["https:\/\/www.fiqsante.qc.ca\/en\/trousse-a-outils-generations-deboutte\/"]}]},{"@type":"BreadcrumbList","@id":"https:\/\/www.fiqsante.qc.ca\/en\/trousse-a-outils-generations-deboutte\/#breadcrumb","itemListElement":[{"@type":"ListItem","position":1,"name":"Home","item":"https:\/\/www.fiqsante.qc.ca\/en\/"},{"@type":"ListItem","position":2,"name":"Tool kit | Generations STAND UP!"}]},{"@type":"WebSite","@id":"https:\/\/www.fiqsante.qc.ca\/en\/#website","url":"https:\/\/www.fiqsante.qc.ca\/en\/","name":"F\u00e9d\u00e9ration interprofessionnelle de la sant\u00e9 du Qu\u00e9bec","description":"","potentialAction":[{"@type":"SearchAction","target":{"@type":"EntryPoint","urlTemplate":"https:\/\/www.fiqsante.qc.ca\/en\/?s={search_term_string}"},"query-input":{"@type":"PropertyValueSpecification","valueRequired":true,"valueName":"search_term_string"}}],"inLanguage":"en-US"}]}},"_links":{"self":[{"href":"https:\/\/www.fiqsante.qc.ca\/en\/wp-json\/wp\/v2\/pages\/11402","targetHints":{"allow":["GET"]}}],"collection":[{"href":"https:\/\/www.fiqsante.qc.ca\/en\/wp-json\/wp\/v2\/pages"}],"about":[{"href":"https:\/\/www.fiqsante.qc.ca\/en\/wp-json\/wp\/v2\/types\/page"}],"author":[{"embeddable":true,"href":"https:\/\/www.fiqsante.qc.ca\/en\/wp-json\/wp\/v2\/users\/2"}],"replies":[{"embeddable":true,"href":"https:\/\/www.fiqsante.qc.ca\/en\/wp-json\/wp\/v2\/comments?post=11402"}],"version-history":[{"count":7,"href":"https:\/\/www.fiqsante.qc.ca\/en\/wp-json\/wp\/v2\/pages\/11402\/revisions"}],"predecessor-version":[{"id":11446,"href":"https:\/\/www.fiqsante.qc.ca\/en\/wp-json\/wp\/v2\/pages\/11402\/revisions\/11446"}],"wp:attachment":[{"href":"https:\/\/www.fiqsante.qc.ca\/en\/wp-json\/wp\/v2\/media?parent=11402"}],"curies":[{"name":"wp","href":"https:\/\/api.w.org\/{rel}","templated":true}]}}