{"id":11730,"date":"2026-03-18T09:34:59","date_gmt":"2026-03-18T13:34:59","guid":{"rendered":"https:\/\/www.fiqsante.qc.ca\/?page_id=11730"},"modified":"2026-03-26T11:04:25","modified_gmt":"2026-03-26T15:04:25","slug":"la-resonance-no-02-printemps-2026","status":"publish","type":"page","link":"https:\/\/www.fiqsante.qc.ca\/en\/la-resonance-no-02-printemps-2026\/","title":{"rendered":"No. 02 \u2013 Spring 2026"},"content":{"rendered":"<div class=\"wpb-content-wrapper\"><p>[vc_row][vc_column][vc_column_text css=&#8221;&#8221;]<\/p>\n<h2 class=\"crayon rubrique-titre-245 entry-title\">No. 02 \u2013 Spring 2026<\/h2>\n<p>[\/vc_column_text][\/vc_column][\/vc_row][vc_row][vc_column width=&#8221;1\/2&#8243;][vc_column_text css=&#8221;&#8221;]<\/p>\n<h2>Message from the FIQ president<\/h2>\n<p>[\/vc_column_text][vc_column_text css=&#8221;&#8221;]<img loading=\"lazy\" decoding=\"async\" class=\"alignnone wp-image-8810 \" style=\"padding-right: 1em; float: left;\" src=\"https:\/\/www.fiqsante.qc.ca\/wp-content\/uploads\/2025\/06\/1-1-300x300.jpg\" alt=\"\" width=\"179\" height=\"167\" \/><\/p>\n<h2><a name=\"_Toc222489443\"><\/a>Overloaded each in their own corner<\/h2>\n<p>Over time, work overloads have become commonplace in the health network. No one is surprised anymore when emergency rooms are overwhelmed, when teams are running with two less staff members, or when a third contingency plan is imposed. <strong>But at no time should<\/strong> <strong>a work overload be <\/strong><strong>normalized. It should not be part of the game.<\/strong><\/p>\n<p>As you will have gathered, for this second edition of La R\u00e9sonance, we have decided to talk about work overload. Don&#8217;t worry, the aim is not to explain why you are overloaded, but rather to offer solutions to finally break free from this cycle.<\/p>\n<p>A work overload can be discouraging, but past struggles have shown us that collective strength can advance our demands to improve our working conditions, even when it seems impossible. What I propose is that we work together to stop being overloaded in our own little worlds. Shall we get started?<\/p>\n<p><strong>Julie Bouchard, pr\u00e9sidente de la FIQ\u00a0<\/strong>[\/vc_column_text][vc_column_text css=&#8221;&#8221;]<\/p>\n<h2><a name=\"_Toc222489444\"><\/a><span lang=\"EN-CA\">Message from the Communication Committee<\/span><\/h2>\n<p>[\/vc_column_text][vc_column_text css=&#8221;&#8221;]<img loading=\"lazy\" decoding=\"async\" class=\"alignnone wp-image-11735 size-medium\" style=\"padding-right: 1em; float: left;\" src=\"https:\/\/www.fiqsante.qc.ca\/wp-content\/uploads\/2026\/03\/5-comite-communication-300x200.jpg\" alt=\"\" width=\"300\" height=\"200\" srcset=\"https:\/\/www.fiqsante.qc.ca\/wp-content\/uploads\/2026\/03\/5-comite-communication-300x200.jpg 300w, https:\/\/www.fiqsante.qc.ca\/wp-content\/uploads\/2026\/03\/5-comite-communication-1024x683.jpg 1024w, https:\/\/www.fiqsante.qc.ca\/wp-content\/uploads\/2026\/03\/5-comite-communication-768x512.jpg 768w, https:\/\/www.fiqsante.qc.ca\/wp-content\/uploads\/2026\/03\/5-comite-communication-1536x1025.jpg 1536w, https:\/\/www.fiqsante.qc.ca\/wp-content\/uploads\/2026\/03\/5-comite-communication.jpg 1920w\" sizes=\"auto, (max-width: 300px) 100vw, 300px\" \/><\/p>\n<p>Dear colleagues,<\/p>\n<p>You can be sure that the magazine team has been busy since last fall. Its goal: to demonstrate that, despite what managers say, work overloads are not inevitable.<\/p>\n<p>What is being done in institutions to counter overloads? What strategies can be implemented? How has organization of work evolved over time? Are there any viable solutions? These are some of the questions that will be addressed in the following pages.<\/p>\n<p>From one healthcare setting to another, we face different realities, but we face similar challenges in terms of work overloads. Let&#8217;s stick together, we can make a difference!<\/p>\n<p>Enjoy the read!<\/p>\n<p>2025-2029 Communication Committee \/ <strong>Jean-S\u00e9bastien Blais<\/strong> \u2013 Syndicat interprofessionnel en soins de sant\u00e9 de l\u2019Abitibi-T\u00e9miscamingue \/ <strong>Kathy Lagac\u00e9<\/strong> \u2013 Syndicat des professionnelles en soins infirmiers et cardiorespiratoires du Bas-Saint-Laurent \/ <strong>Aur\u00e9lie McBrearty<\/strong> \u2013 Syndicat des Professionnelles et Professionnels en soins de sant\u00e9 du CHUM \/ <strong>Am\u00e9lie Mercier<\/strong> \u2013 Syndicat interprofessionnel du CHU de Qu\u00e9bec \/ <strong>Bianca Morin Tremblay<\/strong> \u2013 Syndicat des professionnelles en soins du Saguenay\u2013Lac-Saint-Jean[\/vc_column_text][\/vc_column][vc_column width=&#8221;1\/2&#8243;][vc_column_text css=&#8221;&#8221;]<\/p>\n<h2>No. 02 \u2013 Spring 2026<\/h2>\n<p>[\/vc_column_text][vc_single_image image=&#8221;11974&#8243; img_size=&#8221;full&#8221; onclick=&#8221;custom_link&#8221; img_link_target=&#8221;_blank&#8221; css=&#8221;&#8221; link=&#8221;https:\/\/www.fiqsante.qc.ca\/wp-content\/uploads\/2026\/03\/fiqe-04-magazine-en-1.pdf&#8221;][\/vc_column][\/vc_row][vc_row][vc_column][vc_column_text css=&#8221;&#8221;]<\/p>\n<h2>Articles<\/h2>\n<p>[\/vc_column_text][\/vc_column][\/vc_row][vc_row][vc_column width=&#8221;1\/3&#8243;][vc_single_image image=&#8221;11753&#8243; img_size=&#8221;large&#8221; css=&#8221;&#8221;][vc_column_text css=&#8221;&#8221;]<a name=\"_Toc222489445\"><\/a><a href=\"https:\/\/www.fiqsante.qc.ca\/en\/investir-dans-la-premiere-ligne-pour-diminuer-la-surcharge\/\"><strong>Invest in the frontline to reduce the overload<\/strong><\/a><\/p>\n<p>A strong frontline is essential for reducing the overload in the health network, as well as reducing the mortality rate and relieving the pressure on emergency services.[\/vc_column_text][\/vc_column][vc_column width=&#8221;1\/3&#8243;][vc_single_image image=&#8221;11763&#8243; img_size=&#8221;large&#8221; css=&#8221;&#8221;][vc_column_text css=&#8221;&#8221;]<a href=\"https:\/\/www.fiqsante.qc.ca\/en\/le-poids-invisible-de-la-surcharge\/\"><strong>The hidden burden of an overload<\/strong><\/a><\/p>\n<p>In addition to the ever-increasing workload and number of patients, a multitude of invisible factors overload or cause distress among healthcare professionals.[\/vc_column_text][\/vc_column][vc_column width=&#8221;1\/3&#8243;][vc_single_image image=&#8221;11774&#8243; img_size=&#8221;large&#8221; css=&#8221;&#8221;][vc_column_text css=&#8221;&#8221;]<a name=\"_Toc222489448\"><\/a><a href=\"https:\/\/www.fiqsante.qc.ca\/en\/?p=11768\"><strong><span lang=\"EN-CA\">Fighting overload, or how to tackle a huge challenge<\/span><\/strong><\/a><\/p>\n<p>Do you know how to tackle a huge challenge? One step at a time. Taking action against an overload is a big undertaking that can easily be discouraging. But mobilizing work teams and union action remain the best ways to fight cynicism and denounce the dangerous effects of an overload on care, one department at a time.[\/vc_column_text][\/vc_column][\/vc_row][vc_row][vc_column width=&#8221;1\/3&#8243;][vc_single_image image=&#8221;11785&#8243; img_size=&#8221;large&#8221; css=&#8221;&#8221;][vc_column_text css=&#8221;&#8221;]<a name=\"_Toc222489449\"><\/a><a href=\"https:\/\/www.fiqsante.qc.ca\/en\/evolution-des-conditions-de-travail\/\"><strong><span lang=\"EN-CA\">Changes in working conditions<\/span><\/strong><\/a><\/p>\n<p>The health network has greatly evolved over time. What has changed in our working conditions? What challenges have we faced? Nothing beats a timeline for providing an overview of the situation.[\/vc_column_text][\/vc_column][vc_column width=&#8221;1\/3&#8243;][vc_single_image image=&#8221;11793&#8243; img_size=&#8221;large&#8221; css=&#8221;&#8221;][vc_column_text css=&#8221;&#8221;]<a href=\"https:\/\/www.fiqsante.qc.ca\/en\/?p=11788&amp;preview=true\"><strong><span lang=\"EN-CA\">Impossible, crazy or optional struggles<\/span><\/strong><\/a><\/p>\n<p>The working and living conditions we enjoy today have not always been what they are now. Some benefits that we take for granted were not given to us out of the goodness of the hearts of governments or employers: they were won through mobilization and constant pressure. Here are three impossible, crazy or optional struggles that were won thanks to the tenacity and courage of labour organizations and their members.[\/vc_column_text][\/vc_column][vc_column width=&#8221;1\/3&#8243;][vc_single_image image=&#8221;11806&#8243; img_size=&#8221;large&#8221; css=&#8221;&#8221;][vc_column_text css=&#8221;&#8221;]<a href=\"https:\/\/www.fiqsante.qc.ca\/en\/pourquoi-est-ce-quon-reste-dans-le-reseau-public\/\"><strong>Why are we staying in the public network?<\/strong><\/a><\/p>\n<p>Why do we stay in the public network? That is the question we have all asked at one time or another. Virginie Beffort, Nurse Clinician since 2015 in various settings, notably at the Poison Control Centre and Emergency Room at the H\u00f4tel-Dieu de L\u00e9vis, found the right words to answer this question.[\/vc_column_text][\/vc_column][\/vc_row][vc_row][vc_column width=&#8221;1\/3&#8243;][vc_single_image image=&#8221;11818&#8243; img_size=&#8221;large&#8221; css=&#8221;&#8221;][vc_column_text css=&#8221;&#8221;]<a name=\"_Toc222489452\"><\/a><a href=\"https:\/\/www.fiqsante.qc.ca\/en\/?p=11809&amp;preview=true\"><strong><span lang=\"EN-CA\">Denouncing the overload: mobilization pays off<\/span><\/strong><\/a><\/p>\n<p>The \u201cCHU \u00e0 boutte!\u201d campaign was launched in spring 2025 by the healthcare professionals in maternity at the H\u00f4pital Fleurimont. Exhausted from the abusive MOT imposed by their employer and after months of fruitless efforts, they started wearing a sticker on their uniform and put up some posters to denounce their situation. The administration of the CIUSSS de l&#8217;Estrie \u2013 CHUS objected to their visibility campaign, first by attempting to regulate it, then by banning all forms of signage and threatening the team with disciplinary action.[\/vc_column_text][\/vc_column][vc_column width=&#8221;1\/3&#8243;][vc_single_image image=&#8221;11830&#8243; img_size=&#8221;large&#8221; css=&#8221;&#8221;][vc_column_text css=&#8221;&#8221;]<\/p>\n<div class=\"vc_row wpb_row vc_row-fluid\">\n<div class=\"vc_row_inner\">\n<div class=\"wpb_column vc_column_container vc_col-sm-12\">\n<div class=\"vc_column-inner\">\n<div class=\"wpb_wrapper\">\n<div class=\"wpb_text_column wpb_content_element\">\n<div class=\"wpb_wrapper\">\n<p><a href=\"https:\/\/www.fiqsante.qc.ca\/en\/?p=11821&amp;preview=true\"><strong><span lang=\"EN-CA\">Practical information: can we refuse to work an MOT?<\/span><\/strong><\/a><\/p>\n<\/div>\n<\/div>\n<\/div>\n<\/div>\n<\/div>\n<\/div>\n<\/div>\n<div class=\"vc_row wpb_row vc_row-fluid\">\n<div class=\"vc_row_inner\">\n<div class=\"wpb_column vc_column_container vc_col-sm-8 vc_col-has-fill\">\n<div class=\"vc_column-inner vc_custom_1773858779106\">\n<div class=\"wpb_wrapper\">\n<div class=\"wpb_text_column wpb_content_element\">\n<div class=\"wpb_wrapper\">\n<p>Urgent and exceptional situations? No. MOT as a management method? Yes.<\/p>\n<\/div>\n<\/div>\n<\/div>\n<\/div>\n<\/div>\n<\/div>\n<\/div>\n<p>[\/vc_column_text][\/vc_column][vc_column width=&#8221;1\/3&#8243;][\/vc_column][\/vc_row]<\/p>\n<\/div>","protected":false},"excerpt":{"rendered":"<p>[vc_row][vc_column][vc_column_text css=&#8221;&#8221;] No. 02 \u2013 Spring 2026 [\/vc_column_text][\/vc_column][\/vc_row][vc_row][vc_column width=&#8221;1\/2&#8243;][vc_column_text css=&#8221;&#8221;] Message from the FIQ president [\/vc_column_text][vc_column_text css=&#8221;&#8221;] Overloaded each in their own corner Over time, work overloads have become commonplace in the health network. No one is surprised anymore when emergency rooms are overwhelmed, when teams are running with two less staff members, or when [&hellip;]<\/p>\n","protected":false},"author":2,"featured_media":11977,"parent":0,"menu_order":0,"comment_status":"closed","ping_status":"closed","template":"","meta":{"_acf_changed":false,"inline_featured_image":false,"footnotes":""},"class_list":["post-11730","page","type-page","status-publish","has-post-thumbnail","hentry"],"acf":[],"yoast_head":"<!-- This site is optimized with the Yoast SEO plugin v27.3 - https:\/\/yoast.com\/product\/yoast-seo-wordpress\/ -->\n<title>No. 02 \u2013 Spring 2026 - F\u00e9d\u00e9ration interprofessionnelle de la sant\u00e9 du Qu\u00e9bec<\/title>\n<meta name=\"robots\" content=\"index, follow, max-snippet:-1, max-image-preview:large, max-video-preview:-1\" \/>\n<link rel=\"canonical\" href=\"https:\/\/www.fiqsante.qc.ca\/en\/la-resonance-no-02-printemps-2026\/\" \/>\n<meta property=\"og:locale\" content=\"en_US\" \/>\n<meta property=\"og:type\" content=\"article\" \/>\n<meta property=\"og:title\" content=\"No. 02 \u2013 Spring 2026 - F\u00e9d\u00e9ration interprofessionnelle de la sant\u00e9 du Qu\u00e9bec\" \/>\n<meta property=\"og:description\" content=\"[vc_row][vc_column][vc_column_text css=&#8221;&#8221;] No. 02 \u2013 Spring 2026 [\/vc_column_text][\/vc_column][\/vc_row][vc_row][vc_column width=&#8221;1\/2&#8243;][vc_column_text css=&#8221;&#8221;] Message from the FIQ president [\/vc_column_text][vc_column_text css=&#8221;&#8221;] Overloaded each in their own corner Over time, work overloads have become commonplace in the health network. No one is surprised anymore when emergency rooms are overwhelmed, when teams are running with two less staff members, or when [&hellip;]\" \/>\n<meta property=\"og:url\" content=\"https:\/\/www.fiqsante.qc.ca\/en\/la-resonance-no-02-printemps-2026\/\" \/>\n<meta property=\"og:site_name\" content=\"F\u00e9d\u00e9ration interprofessionnelle de la sant\u00e9 du Qu\u00e9bec\" \/>\n<meta property=\"article:modified_time\" content=\"2026-03-26T15:04:25+00:00\" \/>\n<meta property=\"og:image\" content=\"https:\/\/www.fiqsante.qc.ca\/wp-content\/uploads\/2026\/03\/capture-decran-le-2026-03-26-a-110137-1.jpg\" \/>\n\t<meta property=\"og:image:width\" content=\"1162\" \/>\n\t<meta property=\"og:image:height\" content=\"1510\" \/>\n\t<meta property=\"og:image:type\" content=\"image\/jpeg\" \/>\n<meta name=\"twitter:card\" content=\"summary_large_image\" \/>\n<meta name=\"twitter:label1\" content=\"Est. reading time\" \/>\n\t<meta name=\"twitter:data1\" content=\"7 minutes\" \/>\n<script type=\"application\/ld+json\" class=\"yoast-schema-graph\">{\"@context\":\"https:\\\/\\\/schema.org\",\"@graph\":[{\"@type\":\"WebPage\",\"@id\":\"https:\\\/\\\/www.fiqsante.qc.ca\\\/en\\\/la-resonance-no-02-printemps-2026\\\/\",\"url\":\"https:\\\/\\\/www.fiqsante.qc.ca\\\/en\\\/la-resonance-no-02-printemps-2026\\\/\",\"name\":\"No. 02 \u2013 Spring 2026 - F\u00e9d\u00e9ration interprofessionnelle de la sant\u00e9 du Qu\u00e9bec\",\"isPartOf\":{\"@id\":\"https:\\\/\\\/www.fiqsante.qc.ca\\\/en\\\/#website\"},\"primaryImageOfPage\":{\"@id\":\"https:\\\/\\\/www.fiqsante.qc.ca\\\/en\\\/la-resonance-no-02-printemps-2026\\\/#primaryimage\"},\"image\":{\"@id\":\"https:\\\/\\\/www.fiqsante.qc.ca\\\/en\\\/la-resonance-no-02-printemps-2026\\\/#primaryimage\"},\"thumbnailUrl\":\"https:\\\/\\\/www.fiqsante.qc.ca\\\/wp-content\\\/uploads\\\/2026\\\/03\\\/capture-decran-le-2026-03-26-a-110137-1.jpg\",\"datePublished\":\"2026-03-18T13:34:59+00:00\",\"dateModified\":\"2026-03-26T15:04:25+00:00\",\"breadcrumb\":{\"@id\":\"https:\\\/\\\/www.fiqsante.qc.ca\\\/en\\\/la-resonance-no-02-printemps-2026\\\/#breadcrumb\"},\"inLanguage\":\"en-US\",\"potentialAction\":[{\"@type\":\"ReadAction\",\"target\":[\"https:\\\/\\\/www.fiqsante.qc.ca\\\/en\\\/la-resonance-no-02-printemps-2026\\\/\"]}]},{\"@type\":\"ImageObject\",\"inLanguage\":\"en-US\",\"@id\":\"https:\\\/\\\/www.fiqsante.qc.ca\\\/en\\\/la-resonance-no-02-printemps-2026\\\/#primaryimage\",\"url\":\"https:\\\/\\\/www.fiqsante.qc.ca\\\/wp-content\\\/uploads\\\/2026\\\/03\\\/capture-decran-le-2026-03-26-a-110137-1.jpg\",\"contentUrl\":\"https:\\\/\\\/www.fiqsante.qc.ca\\\/wp-content\\\/uploads\\\/2026\\\/03\\\/capture-decran-le-2026-03-26-a-110137-1.jpg\",\"width\":1162,\"height\":1510},{\"@type\":\"BreadcrumbList\",\"@id\":\"https:\\\/\\\/www.fiqsante.qc.ca\\\/en\\\/la-resonance-no-02-printemps-2026\\\/#breadcrumb\",\"itemListElement\":[{\"@type\":\"ListItem\",\"position\":1,\"name\":\"Home\",\"item\":\"https:\\\/\\\/www.fiqsante.qc.ca\\\/en\\\/\"},{\"@type\":\"ListItem\",\"position\":2,\"name\":\"No. 02 \u2013 Spring 2026\"}]},{\"@type\":\"WebSite\",\"@id\":\"https:\\\/\\\/www.fiqsante.qc.ca\\\/en\\\/#website\",\"url\":\"https:\\\/\\\/www.fiqsante.qc.ca\\\/en\\\/\",\"name\":\"F\u00e9d\u00e9ration interprofessionnelle de la sant\u00e9 du Qu\u00e9bec\",\"description\":\"\",\"potentialAction\":[{\"@type\":\"SearchAction\",\"target\":{\"@type\":\"EntryPoint\",\"urlTemplate\":\"https:\\\/\\\/www.fiqsante.qc.ca\\\/en\\\/?s={search_term_string}\"},\"query-input\":{\"@type\":\"PropertyValueSpecification\",\"valueRequired\":true,\"valueName\":\"search_term_string\"}}],\"inLanguage\":\"en-US\"}]}<\/script>\n<!-- \/ Yoast SEO plugin. -->","yoast_head_json":{"title":"No. 02 \u2013 Spring 2026 - F\u00e9d\u00e9ration interprofessionnelle de la sant\u00e9 du Qu\u00e9bec","robots":{"index":"index","follow":"follow","max-snippet":"max-snippet:-1","max-image-preview":"max-image-preview:large","max-video-preview":"max-video-preview:-1"},"canonical":"https:\/\/www.fiqsante.qc.ca\/en\/la-resonance-no-02-printemps-2026\/","og_locale":"en_US","og_type":"article","og_title":"No. 02 \u2013 Spring 2026 - F\u00e9d\u00e9ration interprofessionnelle de la sant\u00e9 du Qu\u00e9bec","og_description":"[vc_row][vc_column][vc_column_text css=&#8221;&#8221;] No. 02 \u2013 Spring 2026 [\/vc_column_text][\/vc_column][\/vc_row][vc_row][vc_column width=&#8221;1\/2&#8243;][vc_column_text css=&#8221;&#8221;] Message from the FIQ president [\/vc_column_text][vc_column_text css=&#8221;&#8221;] Overloaded each in their own corner Over time, work overloads have become commonplace in the health network. No one is surprised anymore when emergency rooms are overwhelmed, when teams are running with two less staff members, or when [&hellip;]","og_url":"https:\/\/www.fiqsante.qc.ca\/en\/la-resonance-no-02-printemps-2026\/","og_site_name":"F\u00e9d\u00e9ration interprofessionnelle de la sant\u00e9 du Qu\u00e9bec","article_modified_time":"2026-03-26T15:04:25+00:00","og_image":[{"width":1162,"height":1510,"url":"https:\/\/www.fiqsante.qc.ca\/wp-content\/uploads\/2026\/03\/capture-decran-le-2026-03-26-a-110137-1.jpg","type":"image\/jpeg"}],"twitter_card":"summary_large_image","twitter_misc":{"Est. reading time":"7 minutes"},"schema":{"@context":"https:\/\/schema.org","@graph":[{"@type":"WebPage","@id":"https:\/\/www.fiqsante.qc.ca\/en\/la-resonance-no-02-printemps-2026\/","url":"https:\/\/www.fiqsante.qc.ca\/en\/la-resonance-no-02-printemps-2026\/","name":"No. 02 \u2013 Spring 2026 - F\u00e9d\u00e9ration interprofessionnelle de la sant\u00e9 du Qu\u00e9bec","isPartOf":{"@id":"https:\/\/www.fiqsante.qc.ca\/en\/#website"},"primaryImageOfPage":{"@id":"https:\/\/www.fiqsante.qc.ca\/en\/la-resonance-no-02-printemps-2026\/#primaryimage"},"image":{"@id":"https:\/\/www.fiqsante.qc.ca\/en\/la-resonance-no-02-printemps-2026\/#primaryimage"},"thumbnailUrl":"https:\/\/www.fiqsante.qc.ca\/wp-content\/uploads\/2026\/03\/capture-decran-le-2026-03-26-a-110137-1.jpg","datePublished":"2026-03-18T13:34:59+00:00","dateModified":"2026-03-26T15:04:25+00:00","breadcrumb":{"@id":"https:\/\/www.fiqsante.qc.ca\/en\/la-resonance-no-02-printemps-2026\/#breadcrumb"},"inLanguage":"en-US","potentialAction":[{"@type":"ReadAction","target":["https:\/\/www.fiqsante.qc.ca\/en\/la-resonance-no-02-printemps-2026\/"]}]},{"@type":"ImageObject","inLanguage":"en-US","@id":"https:\/\/www.fiqsante.qc.ca\/en\/la-resonance-no-02-printemps-2026\/#primaryimage","url":"https:\/\/www.fiqsante.qc.ca\/wp-content\/uploads\/2026\/03\/capture-decran-le-2026-03-26-a-110137-1.jpg","contentUrl":"https:\/\/www.fiqsante.qc.ca\/wp-content\/uploads\/2026\/03\/capture-decran-le-2026-03-26-a-110137-1.jpg","width":1162,"height":1510},{"@type":"BreadcrumbList","@id":"https:\/\/www.fiqsante.qc.ca\/en\/la-resonance-no-02-printemps-2026\/#breadcrumb","itemListElement":[{"@type":"ListItem","position":1,"name":"Home","item":"https:\/\/www.fiqsante.qc.ca\/en\/"},{"@type":"ListItem","position":2,"name":"No. 02 \u2013 Spring 2026"}]},{"@type":"WebSite","@id":"https:\/\/www.fiqsante.qc.ca\/en\/#website","url":"https:\/\/www.fiqsante.qc.ca\/en\/","name":"F\u00e9d\u00e9ration interprofessionnelle de la sant\u00e9 du Qu\u00e9bec","description":"","potentialAction":[{"@type":"SearchAction","target":{"@type":"EntryPoint","urlTemplate":"https:\/\/www.fiqsante.qc.ca\/en\/?s={search_term_string}"},"query-input":{"@type":"PropertyValueSpecification","valueRequired":true,"valueName":"search_term_string"}}],"inLanguage":"en-US"}]}},"_links":{"self":[{"href":"https:\/\/www.fiqsante.qc.ca\/en\/wp-json\/wp\/v2\/pages\/11730","targetHints":{"allow":["GET"]}}],"collection":[{"href":"https:\/\/www.fiqsante.qc.ca\/en\/wp-json\/wp\/v2\/pages"}],"about":[{"href":"https:\/\/www.fiqsante.qc.ca\/en\/wp-json\/wp\/v2\/types\/page"}],"author":[{"embeddable":true,"href":"https:\/\/www.fiqsante.qc.ca\/en\/wp-json\/wp\/v2\/users\/2"}],"replies":[{"embeddable":true,"href":"https:\/\/www.fiqsante.qc.ca\/en\/wp-json\/wp\/v2\/comments?post=11730"}],"version-history":[{"count":14,"href":"https:\/\/www.fiqsante.qc.ca\/en\/wp-json\/wp\/v2\/pages\/11730\/revisions"}],"predecessor-version":[{"id":11981,"href":"https:\/\/www.fiqsante.qc.ca\/en\/wp-json\/wp\/v2\/pages\/11730\/revisions\/11981"}],"wp:featuredmedia":[{"embeddable":true,"href":"https:\/\/www.fiqsante.qc.ca\/en\/wp-json\/wp\/v2\/media\/11977"}],"wp:attachment":[{"href":"https:\/\/www.fiqsante.qc.ca\/en\/wp-json\/wp\/v2\/media?parent=11730"}],"curies":[{"name":"wp","href":"https:\/\/api.w.org\/{rel}","templated":true}]}}