{"id":11999,"date":"2026-04-01T15:52:43","date_gmt":"2026-04-01T19:52:43","guid":{"rendered":"https:\/\/www.fiqsante.qc.ca\/?page_id=11999"},"modified":"2026-04-01T15:52:43","modified_gmt":"2026-04-01T19:52:43","slug":"confirmed-candidates-committe-healthy-union","status":"publish","type":"page","link":"https:\/\/www.fiqsante.qc.ca\/en\/union\/confirmed-candidates-committe-healthy-union\/","title":{"rendered":"Confirmed candidates &#8211; Committee on the guidelines for a healthy union environment within union teams"},"content":{"rendered":"","protected":false},"excerpt":{"rendered":"","protected":false},"author":2,"featured_media":0,"parent":4218,"menu_order":0,"comment_status":"closed","ping_status":"closed","template":"page-bios.php","meta":{"_acf_changed":false,"inline_featured_image":false,"footnotes":""},"class_list":["post-11999","page","type-page","status-publish","hentry"],"acf":[],"yoast_head":"<!-- This site is optimized with the Yoast SEO plugin v27.4 - https:\/\/yoast.com\/product\/yoast-seo-wordpress\/ -->\n<title>Confirmed candidates - Committee on the guidelines for a healthy union environment within union teams - F\u00e9d\u00e9ration interprofessionnelle de la sant\u00e9 du Qu\u00e9bec<\/title>\n<meta name=\"robots\" content=\"index, follow, max-snippet:-1, max-image-preview:large, max-video-preview:-1\" \/>\n<link rel=\"canonical\" href=\"https:\/\/www.fiqsante.qc.ca\/en\/union\/confirmed-candidates-committe-healthy-union\/\" \/>\n<meta property=\"og:locale\" content=\"en_US\" \/>\n<meta property=\"og:type\" content=\"article\" \/>\n<meta property=\"og:title\" content=\"Confirmed candidates - Committee on the guidelines for a healthy union environment within union teams - F\u00e9d\u00e9ration interprofessionnelle de la sant\u00e9 du Qu\u00e9bec\" \/>\n<meta property=\"og:url\" content=\"https:\/\/www.fiqsante.qc.ca\/en\/union\/confirmed-candidates-committe-healthy-union\/\" \/>\n<meta property=\"og:site_name\" content=\"F\u00e9d\u00e9ration interprofessionnelle de la sant\u00e9 du Qu\u00e9bec\" \/>\n<meta name=\"twitter:card\" content=\"summary_large_image\" \/>\n<script type=\"application\/ld+json\" class=\"yoast-schema-graph\">{\"@context\":\"https:\\\/\\\/schema.org\",\"@graph\":[{\"@type\":\"WebPage\",\"@id\":\"https:\\\/\\\/www.fiqsante.qc.ca\\\/en\\\/union\\\/confirmed-candidates-committe-healthy-union\\\/\",\"url\":\"https:\\\/\\\/www.fiqsante.qc.ca\\\/en\\\/union\\\/confirmed-candidates-committe-healthy-union\\\/\",\"name\":\"Confirmed candidates - Committee on the guidelines for a healthy union environment within union teams - F\u00e9d\u00e9ration interprofessionnelle de la sant\u00e9 du Qu\u00e9bec\",\"isPartOf\":{\"@id\":\"https:\\\/\\\/www.fiqsante.qc.ca\\\/en\\\/#website\"},\"datePublished\":\"2026-04-01T19:52:43+00:00\",\"breadcrumb\":{\"@id\":\"https:\\\/\\\/www.fiqsante.qc.ca\\\/en\\\/union\\\/confirmed-candidates-committe-healthy-union\\\/#breadcrumb\"},\"inLanguage\":\"en-US\",\"potentialAction\":[{\"@type\":\"ReadAction\",\"target\":[\"https:\\\/\\\/www.fiqsante.qc.ca\\\/en\\\/union\\\/confirmed-candidates-committe-healthy-union\\\/\"]}]},{\"@type\":\"BreadcrumbList\",\"@id\":\"https:\\\/\\\/www.fiqsante.qc.ca\\\/en\\\/union\\\/confirmed-candidates-committe-healthy-union\\\/#breadcrumb\",\"itemListElement\":[{\"@type\":\"ListItem\",\"position\":1,\"name\":\"Home\",\"item\":\"https:\\\/\\\/www.fiqsante.qc.ca\\\/en\\\/\"},{\"@type\":\"ListItem\",\"position\":2,\"name\":\"Union life\",\"item\":\"https:\\\/\\\/www.fiqsante.qc.ca\\\/en\\\/union\\\/\"},{\"@type\":\"ListItem\",\"position\":3,\"name\":\"Confirmed candidates &#8211; Committee on the guidelines for a healthy union environment within union teams\"}]},{\"@type\":\"WebSite\",\"@id\":\"https:\\\/\\\/www.fiqsante.qc.ca\\\/en\\\/#website\",\"url\":\"https:\\\/\\\/www.fiqsante.qc.ca\\\/en\\\/\",\"name\":\"F\u00e9d\u00e9ration interprofessionnelle de la sant\u00e9 du Qu\u00e9bec\",\"description\":\"\",\"potentialAction\":[{\"@type\":\"SearchAction\",\"target\":{\"@type\":\"EntryPoint\",\"urlTemplate\":\"https:\\\/\\\/www.fiqsante.qc.ca\\\/en\\\/?s={search_term_string}\"},\"query-input\":{\"@type\":\"PropertyValueSpecification\",\"valueRequired\":true,\"valueName\":\"search_term_string\"}}],\"inLanguage\":\"en-US\"}]}<\/script>\n<!-- \/ Yoast SEO plugin. -->","yoast_head_json":{"title":"Confirmed candidates - Committee on the guidelines for a healthy union environment within union teams - F\u00e9d\u00e9ration interprofessionnelle de la sant\u00e9 du Qu\u00e9bec","robots":{"index":"index","follow":"follow","max-snippet":"max-snippet:-1","max-image-preview":"max-image-preview:large","max-video-preview":"max-video-preview:-1"},"canonical":"https:\/\/www.fiqsante.qc.ca\/en\/union\/confirmed-candidates-committe-healthy-union\/","og_locale":"en_US","og_type":"article","og_title":"Confirmed candidates - Committee on the guidelines for a healthy union environment within union teams - F\u00e9d\u00e9ration interprofessionnelle de la sant\u00e9 du Qu\u00e9bec","og_url":"https:\/\/www.fiqsante.qc.ca\/en\/union\/confirmed-candidates-committe-healthy-union\/","og_site_name":"F\u00e9d\u00e9ration interprofessionnelle de la sant\u00e9 du Qu\u00e9bec","twitter_card":"summary_large_image","schema":{"@context":"https:\/\/schema.org","@graph":[{"@type":"WebPage","@id":"https:\/\/www.fiqsante.qc.ca\/en\/union\/confirmed-candidates-committe-healthy-union\/","url":"https:\/\/www.fiqsante.qc.ca\/en\/union\/confirmed-candidates-committe-healthy-union\/","name":"Confirmed candidates - Committee on the guidelines for a healthy union environment within union teams - F\u00e9d\u00e9ration interprofessionnelle de la sant\u00e9 du Qu\u00e9bec","isPartOf":{"@id":"https:\/\/www.fiqsante.qc.ca\/en\/#website"},"datePublished":"2026-04-01T19:52:43+00:00","breadcrumb":{"@id":"https:\/\/www.fiqsante.qc.ca\/en\/union\/confirmed-candidates-committe-healthy-union\/#breadcrumb"},"inLanguage":"en-US","potentialAction":[{"@type":"ReadAction","target":["https:\/\/www.fiqsante.qc.ca\/en\/union\/confirmed-candidates-committe-healthy-union\/"]}]},{"@type":"BreadcrumbList","@id":"https:\/\/www.fiqsante.qc.ca\/en\/union\/confirmed-candidates-committe-healthy-union\/#breadcrumb","itemListElement":[{"@type":"ListItem","position":1,"name":"Home","item":"https:\/\/www.fiqsante.qc.ca\/en\/"},{"@type":"ListItem","position":2,"name":"Union life","item":"https:\/\/www.fiqsante.qc.ca\/en\/union\/"},{"@type":"ListItem","position":3,"name":"Confirmed candidates &#8211; Committee on the guidelines for a healthy union environment within union teams"}]},{"@type":"WebSite","@id":"https:\/\/www.fiqsante.qc.ca\/en\/#website","url":"https:\/\/www.fiqsante.qc.ca\/en\/","name":"F\u00e9d\u00e9ration interprofessionnelle de la sant\u00e9 du Qu\u00e9bec","description":"","potentialAction":[{"@type":"SearchAction","target":{"@type":"EntryPoint","urlTemplate":"https:\/\/www.fiqsante.qc.ca\/en\/?s={search_term_string}"},"query-input":{"@type":"PropertyValueSpecification","valueRequired":true,"valueName":"search_term_string"}}],"inLanguage":"en-US"}]}},"_links":{"self":[{"href":"https:\/\/www.fiqsante.qc.ca\/en\/wp-json\/wp\/v2\/pages\/11999","targetHints":{"allow":["GET"]}}],"collection":[{"href":"https:\/\/www.fiqsante.qc.ca\/en\/wp-json\/wp\/v2\/pages"}],"about":[{"href":"https:\/\/www.fiqsante.qc.ca\/en\/wp-json\/wp\/v2\/types\/page"}],"author":[{"embeddable":true,"href":"https:\/\/www.fiqsante.qc.ca\/en\/wp-json\/wp\/v2\/users\/2"}],"replies":[{"embeddable":true,"href":"https:\/\/www.fiqsante.qc.ca\/en\/wp-json\/wp\/v2\/comments?post=11999"}],"version-history":[{"count":1,"href":"https:\/\/www.fiqsante.qc.ca\/en\/wp-json\/wp\/v2\/pages\/11999\/revisions"}],"predecessor-version":[{"id":12002,"href":"https:\/\/www.fiqsante.qc.ca\/en\/wp-json\/wp\/v2\/pages\/11999\/revisions\/12002"}],"up":[{"embeddable":true,"href":"https:\/\/www.fiqsante.qc.ca\/en\/wp-json\/wp\/v2\/pages\/4218"}],"wp:attachment":[{"href":"https:\/\/www.fiqsante.qc.ca\/en\/wp-json\/wp\/v2\/media?parent=11999"}],"curies":[{"name":"wp","href":"https:\/\/api.w.org\/{rel}","templated":true}]}}