{"id":4276,"date":"2024-05-02T17:10:30","date_gmt":"2024-05-02T21:10:30","guid":{"rendered":"https:\/\/www.fiqsante.qc.ca\/union\/presidence\/"},"modified":"2025-06-26T15:04:58","modified_gmt":"2025-06-26T19:04:58","slug":"presidency","status":"publish","type":"page","link":"https:\/\/www.fiqsante.qc.ca\/en\/union\/presidency\/","title":{"rendered":"Presidency"},"content":{"rendered":"<div class=\"wpb-content-wrapper\"><p>[vc_row][vc_column width=&#8221;1\/6&#8243;][vc_single_image image=&#8221;8807&#8243; img_size=&#8221;full&#8221; css=&#8221;&#8221;][\/vc_column][vc_column width=&#8221;5\/12&#8243;][vc_column_text]<\/p>\n<h1>Julie Bouchard<\/h1>\n<p>[\/vc_column_text][vc_column_text css=&#8221;&#8221;]Julie Bouchard has been president of the F\u00e9d\u00e9ration interprofessionnelle de la sant\u00e9 du Qu\u00e9bec\u2013FIQ since December 2021.<\/p>\n<p>First-hand witness to the devastating effects of the many reforms in the health network, which have degraded working conditions, her major battles have been over professional recognition for her members, workload, safe and quality care, implementation of safe healthcare professional-to-patient ratios, as well as obstacles to work-family-personal life balance. She believes these priorities remain fundamental today, particularly in the context of the Dub\u00e9 reform.<\/p>\n<p>Determined to see working conditions and care in the public health network become more humane, before she became president, she was involved in the Syndicat des professionnelles en soins du Saguenay-\u00a0Lac-Saint-Jean for over 15 years as a grievance agent and vice-president in charge of the labour relations sector. Strong in her convictions, she successfully ran for president in her local union in 2017.<\/p>\n<p>Ms. Bouchard is a trained licensed practical nurse. She has worked in several centres of activity, such as CHSLDs with seniors, hospital centres, and CLSCs in home care.[\/vc_column_text][\/vc_column][vc_column width=&#8221;5\/12&#8243;][vc_column_text css=&#8221;&#8221;]<\/p>\n<h5>Interview requests<\/h5>\n<p>[\/vc_column_text][vc_column_text]<p>Philippe Desjardins<br \/>581 995-0762<br \/>pdesjardins@fiqsante.qc.ca<\/p>\n[\/vc_column_text][vc_separator][vc_column_text css=&#8221;.vc_custom_1726517711474{margin-bottom: 0px !important;}&#8221;]<\/p>\n<h5>President\u2019s Blog<\/h5>\n<p>[\/vc_column_text][vc_column_text]<div class='nouvelle-box'>\n\t\t\t<a href='https:\/\/www.fiqsante.qc.ca\/en\/defendre-les-soins-publics-dun-ocean-a-lautre\/'><\/p>\n<div class=\"content-box\">\n\t\t\t\t\t<span class=\"date-txt\">20 April 2026<\/span><\/p>\n<p class=\"lead\">Defending public healthcare, from coast to coast<\/p>\n<\/p><\/div>\n<p>\t\t\t<\/a>\n\t\t<\/div>\n<div class='nouvelle-box'>\n\t\t\t<a href='https:\/\/www.fiqsante.qc.ca\/en\/solidaires-dhier-a-aujourdhui-pretes-pour-2026\/'><\/p>\n<div class=\"content-box\">\n\t\t\t\t\t<span class=\"date-txt\">21 December 2025<\/span><\/p>\n<p class=\"lead\">Showing solidarity yesterday and today, ready for 2026<\/p>\n<\/p><\/div>\n<p>\t\t\t<\/a>\n\t\t<\/div>\n<div class='nouvelle-box'>\n\t\t\t<a href='https:\/\/www.fiqsante.qc.ca\/en\/congres-2025-le-coeur-battant-de-notre-democratie-syndicale\/'><\/p>\n<div class=\"content-box\">\n\t\t\t\t\t<span class=\"date-txt\">28 May 2025<\/span><\/p>\n<p class=\"lead\">2025 convention: the beating heart of our union democracy<\/p>\n<\/p><\/div>\n<p>\t\t\t<\/a>\n\t\t<\/div>\n[\/vc_column_text]<a class=\"btn btn-primary \" href=\"\/en\/news\/?cat=50\" title=\"\" target=\"\"><span>See other blog posts<\/span><\/a>[\/vc_column][\/vc_row]<\/p>\n<\/div>","protected":false},"excerpt":{"rendered":"<p>[vc_row][vc_column width=&#8221;1\/6&#8243;][vc_single_image image=&#8221;8807&#8243; img_size=&#8221;full&#8221; css=&#8221;&#8221;][\/vc_column][vc_column width=&#8221;5\/12&#8243;][vc_column_text] Julie Bouchard [\/vc_column_text][vc_column_text css=&#8221;&#8221;]Julie Bouchard has been president of the F\u00e9d\u00e9ration interprofessionnelle de la sant\u00e9 du Qu\u00e9bec\u2013FIQ since December 2021. First-hand witness to the devastating effects of the many reforms in the health network, which have degraded working conditions, her major battles have been over professional recognition for her [&hellip;]<\/p>\n","protected":false},"author":2,"featured_media":0,"parent":4218,"menu_order":0,"comment_status":"closed","ping_status":"closed","template":"","meta":{"_acf_changed":false,"inline_featured_image":false,"footnotes":""},"class_list":["post-4276","page","type-page","status-publish","hentry"],"acf":[],"yoast_head":"<!-- This site is optimized with the Yoast SEO plugin v27.4 - https:\/\/yoast.com\/product\/yoast-seo-wordpress\/ -->\n<title>Presidency - F\u00e9d\u00e9ration interprofessionnelle de la sant\u00e9 du Qu\u00e9bec<\/title>\n<meta name=\"robots\" content=\"index, follow, max-snippet:-1, max-image-preview:large, max-video-preview:-1\" \/>\n<link rel=\"canonical\" href=\"https:\/\/www.fiqsante.qc.ca\/en\/union\/presidency\/\" \/>\n<meta property=\"og:locale\" content=\"en_US\" \/>\n<meta property=\"og:type\" content=\"article\" \/>\n<meta property=\"og:title\" content=\"Presidency - F\u00e9d\u00e9ration interprofessionnelle de la sant\u00e9 du Qu\u00e9bec\" \/>\n<meta property=\"og:description\" content=\"[vc_row][vc_column width=&#8221;1\/6&#8243;][vc_single_image image=&#8221;8807&#8243; img_size=&#8221;full&#8221; css=&#8221;&#8221;][\/vc_column][vc_column width=&#8221;5\/12&#8243;][vc_column_text] Julie Bouchard [\/vc_column_text][vc_column_text css=&#8221;&#8221;]Julie Bouchard has been president of the F\u00e9d\u00e9ration interprofessionnelle de la sant\u00e9 du Qu\u00e9bec\u2013FIQ since December 2021. First-hand witness to the devastating effects of the many reforms in the health network, which have degraded working conditions, her major battles have been over professional recognition for her [&hellip;]\" \/>\n<meta property=\"og:url\" content=\"https:\/\/www.fiqsante.qc.ca\/en\/union\/presidency\/\" \/>\n<meta property=\"og:site_name\" content=\"F\u00e9d\u00e9ration interprofessionnelle de la sant\u00e9 du Qu\u00e9bec\" \/>\n<meta property=\"article:modified_time\" content=\"2025-06-26T19:04:58+00:00\" \/>\n<meta name=\"twitter:card\" content=\"summary_large_image\" \/>\n<meta name=\"twitter:label1\" content=\"Est. reading time\" \/>\n\t<meta name=\"twitter:data1\" content=\"2 minutes\" \/>\n<script type=\"application\/ld+json\" class=\"yoast-schema-graph\">{\"@context\":\"https:\\\/\\\/schema.org\",\"@graph\":[{\"@type\":\"WebPage\",\"@id\":\"https:\\\/\\\/www.fiqsante.qc.ca\\\/en\\\/union\\\/presidency\\\/\",\"url\":\"https:\\\/\\\/www.fiqsante.qc.ca\\\/en\\\/union\\\/presidency\\\/\",\"name\":\"Presidency - F\u00e9d\u00e9ration interprofessionnelle de la sant\u00e9 du Qu\u00e9bec\",\"isPartOf\":{\"@id\":\"https:\\\/\\\/www.fiqsante.qc.ca\\\/en\\\/#website\"},\"datePublished\":\"2024-05-02T21:10:30+00:00\",\"dateModified\":\"2025-06-26T19:04:58+00:00\",\"breadcrumb\":{\"@id\":\"https:\\\/\\\/www.fiqsante.qc.ca\\\/en\\\/union\\\/presidency\\\/#breadcrumb\"},\"inLanguage\":\"en-US\",\"potentialAction\":[{\"@type\":\"ReadAction\",\"target\":[\"https:\\\/\\\/www.fiqsante.qc.ca\\\/en\\\/union\\\/presidency\\\/\"]}]},{\"@type\":\"BreadcrumbList\",\"@id\":\"https:\\\/\\\/www.fiqsante.qc.ca\\\/en\\\/union\\\/presidency\\\/#breadcrumb\",\"itemListElement\":[{\"@type\":\"ListItem\",\"position\":1,\"name\":\"Home\",\"item\":\"https:\\\/\\\/www.fiqsante.qc.ca\\\/en\\\/\"},{\"@type\":\"ListItem\",\"position\":2,\"name\":\"Union life\",\"item\":\"https:\\\/\\\/www.fiqsante.qc.ca\\\/en\\\/union\\\/\"},{\"@type\":\"ListItem\",\"position\":3,\"name\":\"Presidency\"}]},{\"@type\":\"WebSite\",\"@id\":\"https:\\\/\\\/www.fiqsante.qc.ca\\\/en\\\/#website\",\"url\":\"https:\\\/\\\/www.fiqsante.qc.ca\\\/en\\\/\",\"name\":\"F\u00e9d\u00e9ration interprofessionnelle de la sant\u00e9 du Qu\u00e9bec\",\"description\":\"\",\"potentialAction\":[{\"@type\":\"SearchAction\",\"target\":{\"@type\":\"EntryPoint\",\"urlTemplate\":\"https:\\\/\\\/www.fiqsante.qc.ca\\\/en\\\/?s={search_term_string}\"},\"query-input\":{\"@type\":\"PropertyValueSpecification\",\"valueRequired\":true,\"valueName\":\"search_term_string\"}}],\"inLanguage\":\"en-US\"}]}<\/script>\n<!-- \/ Yoast SEO plugin. -->","yoast_head_json":{"title":"Presidency - F\u00e9d\u00e9ration interprofessionnelle de la sant\u00e9 du Qu\u00e9bec","robots":{"index":"index","follow":"follow","max-snippet":"max-snippet:-1","max-image-preview":"max-image-preview:large","max-video-preview":"max-video-preview:-1"},"canonical":"https:\/\/www.fiqsante.qc.ca\/en\/union\/presidency\/","og_locale":"en_US","og_type":"article","og_title":"Presidency - F\u00e9d\u00e9ration interprofessionnelle de la sant\u00e9 du Qu\u00e9bec","og_description":"[vc_row][vc_column width=&#8221;1\/6&#8243;][vc_single_image image=&#8221;8807&#8243; img_size=&#8221;full&#8221; css=&#8221;&#8221;][\/vc_column][vc_column width=&#8221;5\/12&#8243;][vc_column_text] Julie Bouchard [\/vc_column_text][vc_column_text css=&#8221;&#8221;]Julie Bouchard has been president of the F\u00e9d\u00e9ration interprofessionnelle de la sant\u00e9 du Qu\u00e9bec\u2013FIQ since December 2021. First-hand witness to the devastating effects of the many reforms in the health network, which have degraded working conditions, her major battles have been over professional recognition for her [&hellip;]","og_url":"https:\/\/www.fiqsante.qc.ca\/en\/union\/presidency\/","og_site_name":"F\u00e9d\u00e9ration interprofessionnelle de la sant\u00e9 du Qu\u00e9bec","article_modified_time":"2025-06-26T19:04:58+00:00","twitter_card":"summary_large_image","twitter_misc":{"Est. reading time":"2 minutes"},"schema":{"@context":"https:\/\/schema.org","@graph":[{"@type":"WebPage","@id":"https:\/\/www.fiqsante.qc.ca\/en\/union\/presidency\/","url":"https:\/\/www.fiqsante.qc.ca\/en\/union\/presidency\/","name":"Presidency - F\u00e9d\u00e9ration interprofessionnelle de la sant\u00e9 du Qu\u00e9bec","isPartOf":{"@id":"https:\/\/www.fiqsante.qc.ca\/en\/#website"},"datePublished":"2024-05-02T21:10:30+00:00","dateModified":"2025-06-26T19:04:58+00:00","breadcrumb":{"@id":"https:\/\/www.fiqsante.qc.ca\/en\/union\/presidency\/#breadcrumb"},"inLanguage":"en-US","potentialAction":[{"@type":"ReadAction","target":["https:\/\/www.fiqsante.qc.ca\/en\/union\/presidency\/"]}]},{"@type":"BreadcrumbList","@id":"https:\/\/www.fiqsante.qc.ca\/en\/union\/presidency\/#breadcrumb","itemListElement":[{"@type":"ListItem","position":1,"name":"Home","item":"https:\/\/www.fiqsante.qc.ca\/en\/"},{"@type":"ListItem","position":2,"name":"Union life","item":"https:\/\/www.fiqsante.qc.ca\/en\/union\/"},{"@type":"ListItem","position":3,"name":"Presidency"}]},{"@type":"WebSite","@id":"https:\/\/www.fiqsante.qc.ca\/en\/#website","url":"https:\/\/www.fiqsante.qc.ca\/en\/","name":"F\u00e9d\u00e9ration interprofessionnelle de la sant\u00e9 du Qu\u00e9bec","description":"","potentialAction":[{"@type":"SearchAction","target":{"@type":"EntryPoint","urlTemplate":"https:\/\/www.fiqsante.qc.ca\/en\/?s={search_term_string}"},"query-input":{"@type":"PropertyValueSpecification","valueRequired":true,"valueName":"search_term_string"}}],"inLanguage":"en-US"}]}},"_links":{"self":[{"href":"https:\/\/www.fiqsante.qc.ca\/en\/wp-json\/wp\/v2\/pages\/4276","targetHints":{"allow":["GET"]}}],"collection":[{"href":"https:\/\/www.fiqsante.qc.ca\/en\/wp-json\/wp\/v2\/pages"}],"about":[{"href":"https:\/\/www.fiqsante.qc.ca\/en\/wp-json\/wp\/v2\/types\/page"}],"author":[{"embeddable":true,"href":"https:\/\/www.fiqsante.qc.ca\/en\/wp-json\/wp\/v2\/users\/2"}],"replies":[{"embeddable":true,"href":"https:\/\/www.fiqsante.qc.ca\/en\/wp-json\/wp\/v2\/comments?post=4276"}],"version-history":[{"count":8,"href":"https:\/\/www.fiqsante.qc.ca\/en\/wp-json\/wp\/v2\/pages\/4276\/revisions"}],"predecessor-version":[{"id":9094,"href":"https:\/\/www.fiqsante.qc.ca\/en\/wp-json\/wp\/v2\/pages\/4276\/revisions\/9094"}],"up":[{"embeddable":true,"href":"https:\/\/www.fiqsante.qc.ca\/en\/wp-json\/wp\/v2\/pages\/4218"}],"wp:attachment":[{"href":"https:\/\/www.fiqsante.qc.ca\/en\/wp-json\/wp\/v2\/media?parent=4276"}],"curies":[{"name":"wp","href":"https:\/\/api.w.org\/{rel}","templated":true}]}}