{"id":4975,"date":"2024-05-13T10:43:37","date_gmt":"2024-05-13T14:43:37","guid":{"rendered":"https:\/\/www.fiqsante.qc.ca\/avantages\/"},"modified":"2026-02-26T09:54:59","modified_gmt":"2026-02-26T14:54:59","slug":"benefits","status":"publish","type":"page","link":"https:\/\/www.fiqsante.qc.ca\/en\/benefits\/","title":{"rendered":"Insurance, retirement and benefits"},"content":{"rendered":"<div class=\"wpb-content-wrapper\"><p>[vc_row][vc_column][vc_column_text css=&#8221;&#8221;]<\/p>\n<h1>Insurance, retirement and benefits<\/h1>\n<p>[\/vc_column_text][vc_column_text css=&#8221;&#8221;]The FIQ is negotiating agreements to guarantee its members greater financial security. The members of the FIQ have health insurance and dental insurance. They also have coverage that limits salary loss in the event of a disability.<\/p>\n<p>FIQ members can also get reduced rates for auto and\/or home insurance.<\/p>\n<p>Healthcare professionals who work in the public health network contribute to the Government and Public Employees Retirement Plan (RREGOP). The FIQ participates in the healthy management of this plan.[\/vc_column_text][vc_empty_space][\/vc_column][\/vc_row][vc_row][vc_column][vc_column_text css=&#8221;&#8221;]<\/p>\n<h3>Group and disability insurance<\/h3>\n<p>[\/vc_column_text][vc_row_inner][vc_column_inner width=&#8221;1\/3&#8243; css=&#8221;.vc_custom_1715615133880{padding-top: 1em !important;padding-right: 1em !important;padding-bottom: 1em !important;padding-left: 1em !important;background-color: #4b009b !important;border-radius: 10px !important;}&#8221;][vc_column_text css=&#8221;&#8221; el_class=&#8221;text-white&#8221;]<\/p>\n<p style=\"text-align: center;\"><strong>FIQ space \u2013 Beneva<\/strong><\/p>\n<p>[\/vc_column_text][vc_column_text css=&#8221;&#8221; el_class=&#8221;text-white&#8221;]<\/p>\n<ul>\n<li>Forms<\/li>\n<li>Claims<\/li>\n<li>Coverage<\/li>\n<li>Contract and rates<\/li>\n<li>Insurance documents<\/li>\n<li>All questions and requests<\/li>\n<\/ul>\n<p>[\/vc_column_text]<a class=\"btn btn-primary btn-large btn-fleche \" href=\"https:\/\/www.beneva.ca\/en\/group-insurance\/fiq\" title=\"\" target=\"_blank\"><span>Visit Beneva<\/span><\/a>[\/vc_column_inner][vc_column_inner width=&#8221;1\/3&#8243;][vc_column_text css=&#8221;&#8221;]FIQ member healthcare professionals are insured with Beneva and have a group insurance plan that includes:<\/p>\n<ul>\n<li>Hospital fees and transportation fees<\/li>\n<li>Medication costs<\/li>\n<li>Healthcare professionals<\/li>\n<li>Dental care<\/li>\n<li>Travel insurance<\/li>\n<\/ul>\n<p>[\/vc_column_text][\/vc_column_inner][vc_column_inner width=&#8221;1\/3&#8243;]<a class=\"btn btn-dark btn-small btn-fleche \" href=\"https:\/\/www.fiqsante.qc.ca\/wp-content\/uploads\/2025\/02\/CarnetRoute11eEdition-oct2025_ENG_WEBcorrige.pdf\" title=\"\" target=\"\"><span>Logbook<\/span><\/a>[vc_single_image image=&#8221;11537&#8243; img_size=&#8221;medium&#8221; onclick=&#8221;custom_link&#8221; img_link_target=&#8221;_blank&#8221; css=&#8221;&#8221; link=&#8221;https:\/\/www.fiqsante.qc.ca\/wp-content\/uploads\/2025\/02\/CarnetRoute11eEdition-oct2025_ENG_WEBcorrige.pdf&#8221;][\/vc_column_inner][\/vc_row_inner][\/vc_column][vc_column][vc_empty_space height=&#8221;3em&#8221;][\/vc_column][\/vc_row][vc_row][vc_column][vc_separator]<a class=\"henri-anchor auto-habitation\" id=\"auto-habitation\" name=\"auto-habitation\"><\/a>[vc_column_text css=&#8221;&#8221;]<\/p>\n<h3><em>The Personal<\/em> home and auto insurance<\/h3>\n<p>[\/vc_column_text][vc_row_inner][vc_column_inner width=&#8221;1\/2&#8243;][vc_column_text css=&#8221;&#8221;]The FIQ has partnered with The Personal to offer its members competitive rates to insure their home and auto.[\/vc_column_text][vc_column_text css=&#8221;&#8221;]<iframe loading=\"lazy\" src=\"https:\/\/www.lapersonnelle.com\/dadi-soumission-portlet\/get\/quoter-exportable\/lptp\/en\/quoter-lptp-global?utm_id=of-4-98-26087&amp;campagne=of-4-98-26087?segmentation=qc&amp;grp=fiq\" width=\"100%\" height=\"250px\" frameborder=\"0\" scrolling=\"no\"><\/iframe>[\/vc_column_text][vc_separator][vc_column_text css=&#8221;&#8221;]<em>The Personal refers to The Personal General Insurance Inc. The Personal brand and associated trademarks are trademarks of the The Personal, insurance company, used under license. Certain conditions, exclusions and limitations may apply.<\/em>[\/vc_column_text][\/vc_column_inner][vc_column_inner width=&#8221;1\/2&#8243;][vc_single_image image=&#8221;6267&#8243; img_size=&#8221;full&#8221; onclick=&#8221;custom_link&#8221; img_link_target=&#8221;_blank&#8221; css=&#8221;&#8221; link=&#8221;https:\/\/www.thepersonal.com?grp=fiq&amp;utm_id=bf-4-0098-31180&amp;campagne=bf-4-0098-31180&#8243;][\/vc_column_inner][\/vc_row_inner][\/vc_column][vc_column][vc_empty_space height=&#8221;3em&#8221;][\/vc_column][\/vc_row][vc_row][vc_column][vc_separator]<a class=\"henri-anchor caisse\" id=\"caisse\" name=\"caisse\"><\/a>[vc_column_text]<\/p>\n<h3>Caisse Desjardins du r\u00e9seau de la sant\u00e9<\/h3>\n<p>[\/vc_column_text][vc_row_inner content_placement=&#8221;middle&#8221;][vc_column_inner width=&#8221;1\/4&#8243;][vc_single_image image=&#8221;1427&#8243; img_size=&#8221;full&#8221; css=&#8221;.vc_custom_1715698362854{margin-bottom: 1em !important;}&#8221;][\/vc_column_inner][vc_column_inner width=&#8221;3\/4&#8243;][vc_empty_space][vc_column_text css=&#8221;&#8221;]The Caisse Desjardins du R\u00e9seau de la sant\u00e9 offers FIQ members several advantages and competitive services.[\/vc_column_text][vc_column_text css=&#8221;&#8221;]For financial advice\u2026<br \/>\n<strong>1-877-522-4773<\/strong>[\/vc_column_text]<a class=\"btn btn-primary btn-large btn-fleche \" href=\"https:\/\/www.desjardins.com\/ca\/your-caisse\/index.jsp?transit=81592278\" title=\"\" target=\"\"><span>Visit the Caisse<\/span><\/a>[\/vc_column_inner][\/vc_row_inner][vc_empty_space height=&#8221;3em&#8221;][\/vc_column][\/vc_row][vc_row][vc_column][vc_separator]<a class=\"henri-anchor fonds\" id=\"fonds\" name=\"fonds\"><\/a>[vc_column_text]<\/p>\n<h3>Fonds de solidarit\u00e9 FTQ<\/h3>\n<p>[\/vc_column_text][vc_row_inner][vc_column_inner width=&#8221;1\/4&#8243;][vc_single_image image=&#8221;3033&#8243; img_size=&#8221;full&#8221;][\/vc_column_inner][vc_column_inner width=&#8221;3\/4&#8243;][vc_column_text css=&#8221;&#8221;]For several years, the FIQ and the Fonds de solidarit\u00e9 FTQ have had a partnership agreement to raise awareness among FIQ members in the workplace about the importance of retirement savings and the Fond\u2019s work, which actively contributes to Qu\u00e9bec\u2019s economy.[\/vc_column_text]<a class=\"btn btn-primary btn-large btn-fleche \" href=\"https:\/\/www.fondsftq.com\/en\/personal\" title=\"\" target=\"_blank\"><span>Visit the Fonds de solidarit\u00e9 FTQ<\/span><\/a>[\/vc_column_inner][\/vc_row_inner][vc_empty_space height=&#8221;3em&#8221;][\/vc_column][\/vc_row][vc_row][vc_column][vc_separator]<a class=\"henri-anchor retraite\" id=\"retraite\" name=\"retraite\"><\/a>[vc_column_text css=&#8221;&#8221;]<\/p>\n<h3>Retirement plan (RREGOP)<\/h3>\n<p>[\/vc_column_text][vc_row_inner][vc_column_inner width=&#8221;1\/4&#8243;]<a class=\"btn btn-dark btn-small btn-fleche \" href=\"https:\/\/www.rrq.gouv.qc.ca\/en\/services\/services_en_ligne\/mon_dossier_regie\/Pages\/mon_dossier_regie.aspx\" title=\"\" target=\"\"><span>My account<\/span><\/a>[vc_single_image image=&#8221;4999&#8243; img_size=&#8221;full&#8221; onclick=&#8221;custom_link&#8221; css=&#8221;&#8221; link=&#8221;https:\/\/www.rrq.gouv.qc.ca\/en\/services\/services_en_ligne\/mon_dossier_regie\/Pages\/mon_dossier_regie.aspx&#8221;]<a class=\"btn btn-dark btn-small btn-fleche \" href=\"https:\/\/www.fiqsante.qc.ca\/wp-content\/uploads\/2024\/10\/partir-du-bon-pied-ang-web1.pdf\" title=\"\" target=\"\"><span>Starting retirement off on the right foot<\/span><\/a>[vc_single_image image=&#8221;11540&#8243; img_size=&#8221;medium&#8221; onclick=&#8221;custom_link&#8221; img_link_target=&#8221;_blank&#8221; css=&#8221;&#8221; link=&#8221;https:\/\/www.fiqsante.qc.ca\/wp-content\/uploads\/2024\/10\/partir-du-bon-pied-ang-web1.pdf&#8221;][\/vc_column_inner][vc_column_inner width=&#8221;9\/12&#8243;][vc_column_text css=&#8221;&#8221;]The RREGOP is administrated by Retraite Qu\u00e9bec, and the FIQ sits on a committee with a mandate to formulate recommendations regarding the application of the plan\u2019s provisions.[\/vc_column_text]<a class=\"btn btn-dark btn-small btn-fleche \" href=\"https:\/\/www.fiqsante.qc.ca\/wp-content\/uploads\/2026\/02\/rregop-fiq-eng-2026-web.pdf\" title=\"\" target=\"\"><span>Our pension group plan<\/span><\/a>[vc_single_image image=&#8221;11500&#8243; img_size=&#8221;medium&#8221; onclick=&#8221;custom_link&#8221; img_link_target=&#8221;_blank&#8221; css=&#8221;&#8221; link=&#8221;https:\/\/www.fiqsante.qc.ca\/wp-content\/uploads\/2026\/02\/rregop-fiq-eng-2026-web.pdf&#8221;][\/vc_column_inner][\/vc_row_inner][vc_empty_space height=&#8221;3em&#8221;][\/vc_column][\/vc_row][vc_row][vc_column][vc_separator]<a class=\"henri-anchor riirs\" id=\"riirs\" name=\"riirs\"><\/a>[vc_column_text css=&#8221;&#8221;]<\/p>\n<h3>Regroupement interprofessionnel des intervenantes retrait\u00e9es des services de sant\u00e9 (RIIRS)<\/h3>\n<p>[\/vc_column_text][vc_row_inner][vc_column_inner width=&#8221;1\/3&#8243;][vc_single_image image=&#8221;1466&#8243; img_size=&#8221;full&#8221;]<a class=\"btn btn-primary btn-large btn-fleche \" href=\"http:\/\/riirs.org\/\" title=\"\" target=\"_blank\"><span>Visit the RIIRS<\/span><\/a>[\/vc_column_inner][vc_column_inner width=&#8221;2\/3&#8243;][vc_column_text css=&#8221;&#8221;]The RIIRS is a non-profit organization founded in 1992, with the help of the FIQ, to respond to a need for representation expressed by retired nurses.[\/vc_column_text][vc_column_text css=&#8221;&#8221;]The Regroupement is an organization of collective action with the following objectives:<\/p>\n<ul>\n<li>Give a collective voice to the members to promote better defence of their rights and interests and create a feeling of belonging.<\/li>\n<li>Provide support to the members on improving their quality of life.<\/li>\n<li>Offer insurance exclusively for member<\/li>\n<li>Participate in the demands of retirees and establish links with other bodies.<\/li>\n<li>Participate in the major public debates on the interests of retired persons.<\/li>\n<\/ul>\n<p>[\/vc_column_text][\/vc_column_inner][\/vc_row_inner][\/vc_column][\/vc_row]<\/p>\n<\/div>","protected":false},"excerpt":{"rendered":"<p>[vc_row][vc_column][vc_column_text css=&#8221;&#8221;] Insurance, retirement and benefits [\/vc_column_text][vc_column_text css=&#8221;&#8221;]The FIQ is negotiating agreements to guarantee its members greater financial security. The members of the FIQ have health insurance and dental insurance. They also have coverage that limits salary loss in the event of a disability. FIQ members can also get reduced rates for auto and\/or home [&hellip;]<\/p>\n","protected":false},"author":2,"featured_media":0,"parent":0,"menu_order":0,"comment_status":"closed","ping_status":"closed","template":"","meta":{"_acf_changed":false,"inline_featured_image":false,"footnotes":""},"class_list":["post-4975","page","type-page","status-publish","hentry"],"acf":[],"yoast_head":"<!-- This site is optimized with the Yoast SEO plugin v27.4 - https:\/\/yoast.com\/product\/yoast-seo-wordpress\/ -->\n<title>Insurance, retirement and benefits - F\u00e9d\u00e9ration interprofessionnelle de la sant\u00e9 du Qu\u00e9bec<\/title>\n<meta name=\"robots\" content=\"index, follow, max-snippet:-1, max-image-preview:large, max-video-preview:-1\" \/>\n<link rel=\"canonical\" href=\"https:\/\/www.fiqsante.qc.ca\/en\/benefits\/\" \/>\n<meta property=\"og:locale\" content=\"en_US\" \/>\n<meta property=\"og:type\" content=\"article\" \/>\n<meta property=\"og:title\" content=\"Insurance, retirement and benefits - F\u00e9d\u00e9ration interprofessionnelle de la sant\u00e9 du Qu\u00e9bec\" \/>\n<meta property=\"og:description\" content=\"[vc_row][vc_column][vc_column_text css=&#8221;&#8221;] Insurance, retirement and benefits [\/vc_column_text][vc_column_text css=&#8221;&#8221;]The FIQ is negotiating agreements to guarantee its members greater financial security. The members of the FIQ have health insurance and dental insurance. They also have coverage that limits salary loss in the event of a disability. FIQ members can also get reduced rates for auto and\/or home [&hellip;]\" \/>\n<meta property=\"og:url\" content=\"https:\/\/www.fiqsante.qc.ca\/en\/benefits\/\" \/>\n<meta property=\"og:site_name\" content=\"F\u00e9d\u00e9ration interprofessionnelle de la sant\u00e9 du Qu\u00e9bec\" \/>\n<meta property=\"article:modified_time\" content=\"2026-02-26T14:54:59+00:00\" \/>\n<meta name=\"twitter:card\" content=\"summary_large_image\" \/>\n<meta name=\"twitter:label1\" content=\"Est. reading time\" \/>\n\t<meta name=\"twitter:data1\" content=\"3 minutes\" \/>\n<script type=\"application\/ld+json\" class=\"yoast-schema-graph\">{\"@context\":\"https:\\\/\\\/schema.org\",\"@graph\":[{\"@type\":\"WebPage\",\"@id\":\"https:\\\/\\\/www.fiqsante.qc.ca\\\/en\\\/benefits\\\/\",\"url\":\"https:\\\/\\\/www.fiqsante.qc.ca\\\/en\\\/benefits\\\/\",\"name\":\"Insurance, retirement and benefits - F\u00e9d\u00e9ration interprofessionnelle de la sant\u00e9 du Qu\u00e9bec\",\"isPartOf\":{\"@id\":\"https:\\\/\\\/www.fiqsante.qc.ca\\\/en\\\/#website\"},\"datePublished\":\"2024-05-13T14:43:37+00:00\",\"dateModified\":\"2026-02-26T14:54:59+00:00\",\"breadcrumb\":{\"@id\":\"https:\\\/\\\/www.fiqsante.qc.ca\\\/en\\\/benefits\\\/#breadcrumb\"},\"inLanguage\":\"en-US\",\"potentialAction\":[{\"@type\":\"ReadAction\",\"target\":[\"https:\\\/\\\/www.fiqsante.qc.ca\\\/en\\\/benefits\\\/\"]}]},{\"@type\":\"BreadcrumbList\",\"@id\":\"https:\\\/\\\/www.fiqsante.qc.ca\\\/en\\\/benefits\\\/#breadcrumb\",\"itemListElement\":[{\"@type\":\"ListItem\",\"position\":1,\"name\":\"Home\",\"item\":\"https:\\\/\\\/www.fiqsante.qc.ca\\\/en\\\/\"},{\"@type\":\"ListItem\",\"position\":2,\"name\":\"Insurance, retirement and benefits\"}]},{\"@type\":\"WebSite\",\"@id\":\"https:\\\/\\\/www.fiqsante.qc.ca\\\/en\\\/#website\",\"url\":\"https:\\\/\\\/www.fiqsante.qc.ca\\\/en\\\/\",\"name\":\"F\u00e9d\u00e9ration interprofessionnelle de la sant\u00e9 du Qu\u00e9bec\",\"description\":\"\",\"potentialAction\":[{\"@type\":\"SearchAction\",\"target\":{\"@type\":\"EntryPoint\",\"urlTemplate\":\"https:\\\/\\\/www.fiqsante.qc.ca\\\/en\\\/?s={search_term_string}\"},\"query-input\":{\"@type\":\"PropertyValueSpecification\",\"valueRequired\":true,\"valueName\":\"search_term_string\"}}],\"inLanguage\":\"en-US\"}]}<\/script>\n<!-- \/ Yoast SEO plugin. -->","yoast_head_json":{"title":"Insurance, retirement and benefits - F\u00e9d\u00e9ration interprofessionnelle de la sant\u00e9 du Qu\u00e9bec","robots":{"index":"index","follow":"follow","max-snippet":"max-snippet:-1","max-image-preview":"max-image-preview:large","max-video-preview":"max-video-preview:-1"},"canonical":"https:\/\/www.fiqsante.qc.ca\/en\/benefits\/","og_locale":"en_US","og_type":"article","og_title":"Insurance, retirement and benefits - F\u00e9d\u00e9ration interprofessionnelle de la sant\u00e9 du Qu\u00e9bec","og_description":"[vc_row][vc_column][vc_column_text css=&#8221;&#8221;] Insurance, retirement and benefits [\/vc_column_text][vc_column_text css=&#8221;&#8221;]The FIQ is negotiating agreements to guarantee its members greater financial security. The members of the FIQ have health insurance and dental insurance. They also have coverage that limits salary loss in the event of a disability. FIQ members can also get reduced rates for auto and\/or home [&hellip;]","og_url":"https:\/\/www.fiqsante.qc.ca\/en\/benefits\/","og_site_name":"F\u00e9d\u00e9ration interprofessionnelle de la sant\u00e9 du Qu\u00e9bec","article_modified_time":"2026-02-26T14:54:59+00:00","twitter_card":"summary_large_image","twitter_misc":{"Est. reading time":"3 minutes"},"schema":{"@context":"https:\/\/schema.org","@graph":[{"@type":"WebPage","@id":"https:\/\/www.fiqsante.qc.ca\/en\/benefits\/","url":"https:\/\/www.fiqsante.qc.ca\/en\/benefits\/","name":"Insurance, retirement and benefits - F\u00e9d\u00e9ration interprofessionnelle de la sant\u00e9 du Qu\u00e9bec","isPartOf":{"@id":"https:\/\/www.fiqsante.qc.ca\/en\/#website"},"datePublished":"2024-05-13T14:43:37+00:00","dateModified":"2026-02-26T14:54:59+00:00","breadcrumb":{"@id":"https:\/\/www.fiqsante.qc.ca\/en\/benefits\/#breadcrumb"},"inLanguage":"en-US","potentialAction":[{"@type":"ReadAction","target":["https:\/\/www.fiqsante.qc.ca\/en\/benefits\/"]}]},{"@type":"BreadcrumbList","@id":"https:\/\/www.fiqsante.qc.ca\/en\/benefits\/#breadcrumb","itemListElement":[{"@type":"ListItem","position":1,"name":"Home","item":"https:\/\/www.fiqsante.qc.ca\/en\/"},{"@type":"ListItem","position":2,"name":"Insurance, retirement and benefits"}]},{"@type":"WebSite","@id":"https:\/\/www.fiqsante.qc.ca\/en\/#website","url":"https:\/\/www.fiqsante.qc.ca\/en\/","name":"F\u00e9d\u00e9ration interprofessionnelle de la sant\u00e9 du Qu\u00e9bec","description":"","potentialAction":[{"@type":"SearchAction","target":{"@type":"EntryPoint","urlTemplate":"https:\/\/www.fiqsante.qc.ca\/en\/?s={search_term_string}"},"query-input":{"@type":"PropertyValueSpecification","valueRequired":true,"valueName":"search_term_string"}}],"inLanguage":"en-US"}]}},"_links":{"self":[{"href":"https:\/\/www.fiqsante.qc.ca\/en\/wp-json\/wp\/v2\/pages\/4975","targetHints":{"allow":["GET"]}}],"collection":[{"href":"https:\/\/www.fiqsante.qc.ca\/en\/wp-json\/wp\/v2\/pages"}],"about":[{"href":"https:\/\/www.fiqsante.qc.ca\/en\/wp-json\/wp\/v2\/types\/page"}],"author":[{"embeddable":true,"href":"https:\/\/www.fiqsante.qc.ca\/en\/wp-json\/wp\/v2\/users\/2"}],"replies":[{"embeddable":true,"href":"https:\/\/www.fiqsante.qc.ca\/en\/wp-json\/wp\/v2\/comments?post=4975"}],"version-history":[{"count":24,"href":"https:\/\/www.fiqsante.qc.ca\/en\/wp-json\/wp\/v2\/pages\/4975\/revisions"}],"predecessor-version":[{"id":11669,"href":"https:\/\/www.fiqsante.qc.ca\/en\/wp-json\/wp\/v2\/pages\/4975\/revisions\/11669"}],"wp:attachment":[{"href":"https:\/\/www.fiqsante.qc.ca\/en\/wp-json\/wp\/v2\/media?parent=4975"}],"curies":[{"name":"wp","href":"https:\/\/api.w.org\/{rel}","templated":true}]}}