{"id":7598,"date":"2025-05-07T09:23:49","date_gmt":"2025-05-07T13:23:49","guid":{"rendered":"https:\/\/www.fiqsante.qc.ca\/etats-generaux-du-syndicalisme\/"},"modified":"2025-05-07T14:25:15","modified_gmt":"2025-05-07T18:25:15","slug":"etats-generaux-du-syndicalisme","status":"publish","type":"page","link":"https:\/\/www.fiqsante.qc.ca\/en\/etats-generaux-du-syndicalisme\/","title":{"rendered":"Estates General on Unionism"},"content":{"rendered":"<div class=\"wpb-content-wrapper\"><p>[vc_row][vc_column][vc_single_image image=&#8221;7541&#8243; img_size=&#8221;full&#8221; css=&#8221;&#8221;][\/vc_column][\/vc_row][vc_row][vc_column][vc_column_text css=&#8221;&#8221;]<\/p>\n<h1>Estates General on Unionism<\/h1>\n<p>The Quebec labour movement is at a decisive turning point. The nine main labour organizations in Quebec are joining forces to begin a collective reflection as part of the <strong>Estates General on Unionism<\/strong>, a first in Quebec.<\/p>\n<p>At the heart of this approach: a deep and honest conversation about our collective future, discussions about the modernization of union approaches to better respond to workers\u2019 expectations, and to strengthen their power to act faced with the new realities in the labour market.<\/p>\n<p>Unionism is made up of faces, voices, and realities that deserve to be heard. This proactive approach seeks to revitalize the labour movement, to ensure greater social justice, and to build a future in which workers can collectively claim their place.[\/vc_column_text]<a class=\"btn btn-primary \" href=\"https:\/\/syndicalisme.com\/\" title=\"\" target=\"_blank\"><span>Learn more<\/span><\/a>[\/vc_column][\/vc_row][vc_row][vc_column width=&#8221;1\/2&#8243;][vc_empty_space][vc_video link=&#8221;https:\/\/www.youtube.com\/watch?v=vYA_lBXNGFI&#8221; css=&#8221;&#8221;][\/vc_column][vc_column width=&#8221;1\/2&#8243;][vc_column_text css=&#8221;&#8221;]<\/p>\n<h2>We\u2019re preparing the future today!<\/h2>\n<p>Dive into a collective process that highlights our strengths, solidarity and engagement. Throughout battles and demands, we have shaped Quebec and won precious gains. Today, challenges are mounting, but our values remain strong. Our union movement continues to be driven by battles, victories and a shared determination to look to the future.<\/p>\n<p>Find out why the Estates General approach is essential and how you can contribute. Together, let&#8217;s give ourselves the means to be stronger, more effective and more united. Because unions build the future![\/vc_column_text]<a class=\"btn btn-primary \" href=\"https:\/\/syndicalisme.com\/#participer\" title=\"\" target=\"_blank\"><span>Get involved<\/span><\/a><a class=\"btn btn-primary \" href=\"https:\/\/syndicalisme.com\/#thematiques\" title=\"\" target=\"_blank\"><span>Themes<\/span><\/a><a class=\"btn btn-primary \" href=\"https:\/\/www.fiqsante.qc.ca\/?p=7557&preview=true\" title=\"\" target=\"_blank\"><span>Open letter<\/span><\/a>[vc_empty_space][vc_column_text css=&#8221;&#8221;]<\/p>\n<h4>Participating organizations<\/h4>\n<div class=\"content\">\n<p>The APTS, CSD, CSN, CSQ, FAE, FIQ, FTQ, SFPQ and the SPGQ are joining forces to build the future of the labour movement.<\/p>\n<\/div>\n<p>[\/vc_column_text][\/vc_column][\/vc_row]<\/p>\n<\/div>","protected":false},"excerpt":{"rendered":"<p>[vc_row][vc_column][vc_single_image image=&#8221;7541&#8243; img_size=&#8221;full&#8221; css=&#8221;&#8221;][\/vc_column][\/vc_row][vc_row][vc_column][vc_column_text css=&#8221;&#8221;] Estates General on Unionism The Quebec labour movement is at a decisive turning point. The nine main labour organizations in Quebec are joining forces to begin a collective reflection as part of the Estates General on Unionism, a first in Quebec. At the heart of this approach: a deep and [&hellip;]<\/p>\n","protected":false},"author":2,"featured_media":0,"parent":0,"menu_order":0,"comment_status":"closed","ping_status":"closed","template":"","meta":{"_acf_changed":false,"inline_featured_image":false,"footnotes":""},"class_list":["post-7598","page","type-page","status-publish","hentry"],"acf":[],"yoast_head":"<!-- This site is optimized with the Yoast SEO plugin v27.3 - https:\/\/yoast.com\/product\/yoast-seo-wordpress\/ -->\n<title>Estates General on Unionism - F\u00e9d\u00e9ration interprofessionnelle de la sant\u00e9 du Qu\u00e9bec<\/title>\n<meta name=\"robots\" content=\"index, follow, max-snippet:-1, max-image-preview:large, max-video-preview:-1\" \/>\n<link rel=\"canonical\" href=\"https:\/\/www.fiqsante.qc.ca\/en\/etats-generaux-du-syndicalisme\/\" \/>\n<meta property=\"og:locale\" content=\"en_US\" \/>\n<meta property=\"og:type\" content=\"article\" \/>\n<meta property=\"og:title\" content=\"Estates General on Unionism - F\u00e9d\u00e9ration interprofessionnelle de la sant\u00e9 du Qu\u00e9bec\" \/>\n<meta property=\"og:description\" content=\"[vc_row][vc_column][vc_single_image image=&#8221;7541&#8243; img_size=&#8221;full&#8221; css=&#8221;&#8221;][\/vc_column][\/vc_row][vc_row][vc_column][vc_column_text css=&#8221;&#8221;] Estates General on Unionism The Quebec labour movement is at a decisive turning point. The nine main labour organizations in Quebec are joining forces to begin a collective reflection as part of the Estates General on Unionism, a first in Quebec. At the heart of this approach: a deep and [&hellip;]\" \/>\n<meta property=\"og:url\" content=\"https:\/\/www.fiqsante.qc.ca\/en\/etats-generaux-du-syndicalisme\/\" \/>\n<meta property=\"og:site_name\" content=\"F\u00e9d\u00e9ration interprofessionnelle de la sant\u00e9 du Qu\u00e9bec\" \/>\n<meta property=\"article:modified_time\" content=\"2025-05-07T18:25:15+00:00\" \/>\n<meta name=\"twitter:card\" content=\"summary_large_image\" \/>\n<meta name=\"twitter:label1\" content=\"Est. reading time\" \/>\n\t<meta name=\"twitter:data1\" content=\"2 minutes\" \/>\n<script type=\"application\/ld+json\" class=\"yoast-schema-graph\">{\"@context\":\"https:\\\/\\\/schema.org\",\"@graph\":[{\"@type\":\"WebPage\",\"@id\":\"https:\\\/\\\/www.fiqsante.qc.ca\\\/en\\\/etats-generaux-du-syndicalisme\\\/\",\"url\":\"https:\\\/\\\/www.fiqsante.qc.ca\\\/en\\\/etats-generaux-du-syndicalisme\\\/\",\"name\":\"Estates General on Unionism - F\u00e9d\u00e9ration interprofessionnelle de la sant\u00e9 du Qu\u00e9bec\",\"isPartOf\":{\"@id\":\"https:\\\/\\\/www.fiqsante.qc.ca\\\/en\\\/#website\"},\"datePublished\":\"2025-05-07T13:23:49+00:00\",\"dateModified\":\"2025-05-07T18:25:15+00:00\",\"breadcrumb\":{\"@id\":\"https:\\\/\\\/www.fiqsante.qc.ca\\\/en\\\/etats-generaux-du-syndicalisme\\\/#breadcrumb\"},\"inLanguage\":\"en-US\",\"potentialAction\":[{\"@type\":\"ReadAction\",\"target\":[\"https:\\\/\\\/www.fiqsante.qc.ca\\\/en\\\/etats-generaux-du-syndicalisme\\\/\"]}]},{\"@type\":\"BreadcrumbList\",\"@id\":\"https:\\\/\\\/www.fiqsante.qc.ca\\\/en\\\/etats-generaux-du-syndicalisme\\\/#breadcrumb\",\"itemListElement\":[{\"@type\":\"ListItem\",\"position\":1,\"name\":\"Home\",\"item\":\"https:\\\/\\\/www.fiqsante.qc.ca\\\/en\\\/\"},{\"@type\":\"ListItem\",\"position\":2,\"name\":\"Estates General on Unionism\"}]},{\"@type\":\"WebSite\",\"@id\":\"https:\\\/\\\/www.fiqsante.qc.ca\\\/en\\\/#website\",\"url\":\"https:\\\/\\\/www.fiqsante.qc.ca\\\/en\\\/\",\"name\":\"F\u00e9d\u00e9ration interprofessionnelle de la sant\u00e9 du Qu\u00e9bec\",\"description\":\"\",\"potentialAction\":[{\"@type\":\"SearchAction\",\"target\":{\"@type\":\"EntryPoint\",\"urlTemplate\":\"https:\\\/\\\/www.fiqsante.qc.ca\\\/en\\\/?s={search_term_string}\"},\"query-input\":{\"@type\":\"PropertyValueSpecification\",\"valueRequired\":true,\"valueName\":\"search_term_string\"}}],\"inLanguage\":\"en-US\"}]}<\/script>\n<!-- \/ Yoast SEO plugin. -->","yoast_head_json":{"title":"Estates General on Unionism - F\u00e9d\u00e9ration interprofessionnelle de la sant\u00e9 du Qu\u00e9bec","robots":{"index":"index","follow":"follow","max-snippet":"max-snippet:-1","max-image-preview":"max-image-preview:large","max-video-preview":"max-video-preview:-1"},"canonical":"https:\/\/www.fiqsante.qc.ca\/en\/etats-generaux-du-syndicalisme\/","og_locale":"en_US","og_type":"article","og_title":"Estates General on Unionism - F\u00e9d\u00e9ration interprofessionnelle de la sant\u00e9 du Qu\u00e9bec","og_description":"[vc_row][vc_column][vc_single_image image=&#8221;7541&#8243; img_size=&#8221;full&#8221; css=&#8221;&#8221;][\/vc_column][\/vc_row][vc_row][vc_column][vc_column_text css=&#8221;&#8221;] Estates General on Unionism The Quebec labour movement is at a decisive turning point. The nine main labour organizations in Quebec are joining forces to begin a collective reflection as part of the Estates General on Unionism, a first in Quebec. At the heart of this approach: a deep and [&hellip;]","og_url":"https:\/\/www.fiqsante.qc.ca\/en\/etats-generaux-du-syndicalisme\/","og_site_name":"F\u00e9d\u00e9ration interprofessionnelle de la sant\u00e9 du Qu\u00e9bec","article_modified_time":"2025-05-07T18:25:15+00:00","twitter_card":"summary_large_image","twitter_misc":{"Est. reading time":"2 minutes"},"schema":{"@context":"https:\/\/schema.org","@graph":[{"@type":"WebPage","@id":"https:\/\/www.fiqsante.qc.ca\/en\/etats-generaux-du-syndicalisme\/","url":"https:\/\/www.fiqsante.qc.ca\/en\/etats-generaux-du-syndicalisme\/","name":"Estates General on Unionism - F\u00e9d\u00e9ration interprofessionnelle de la sant\u00e9 du Qu\u00e9bec","isPartOf":{"@id":"https:\/\/www.fiqsante.qc.ca\/en\/#website"},"datePublished":"2025-05-07T13:23:49+00:00","dateModified":"2025-05-07T18:25:15+00:00","breadcrumb":{"@id":"https:\/\/www.fiqsante.qc.ca\/en\/etats-generaux-du-syndicalisme\/#breadcrumb"},"inLanguage":"en-US","potentialAction":[{"@type":"ReadAction","target":["https:\/\/www.fiqsante.qc.ca\/en\/etats-generaux-du-syndicalisme\/"]}]},{"@type":"BreadcrumbList","@id":"https:\/\/www.fiqsante.qc.ca\/en\/etats-generaux-du-syndicalisme\/#breadcrumb","itemListElement":[{"@type":"ListItem","position":1,"name":"Home","item":"https:\/\/www.fiqsante.qc.ca\/en\/"},{"@type":"ListItem","position":2,"name":"Estates General on Unionism"}]},{"@type":"WebSite","@id":"https:\/\/www.fiqsante.qc.ca\/en\/#website","url":"https:\/\/www.fiqsante.qc.ca\/en\/","name":"F\u00e9d\u00e9ration interprofessionnelle de la sant\u00e9 du Qu\u00e9bec","description":"","potentialAction":[{"@type":"SearchAction","target":{"@type":"EntryPoint","urlTemplate":"https:\/\/www.fiqsante.qc.ca\/en\/?s={search_term_string}"},"query-input":{"@type":"PropertyValueSpecification","valueRequired":true,"valueName":"search_term_string"}}],"inLanguage":"en-US"}]}},"_links":{"self":[{"href":"https:\/\/www.fiqsante.qc.ca\/en\/wp-json\/wp\/v2\/pages\/7598","targetHints":{"allow":["GET"]}}],"collection":[{"href":"https:\/\/www.fiqsante.qc.ca\/en\/wp-json\/wp\/v2\/pages"}],"about":[{"href":"https:\/\/www.fiqsante.qc.ca\/en\/wp-json\/wp\/v2\/types\/page"}],"author":[{"embeddable":true,"href":"https:\/\/www.fiqsante.qc.ca\/en\/wp-json\/wp\/v2\/users\/2"}],"replies":[{"embeddable":true,"href":"https:\/\/www.fiqsante.qc.ca\/en\/wp-json\/wp\/v2\/comments?post=7598"}],"version-history":[{"count":3,"href":"https:\/\/www.fiqsante.qc.ca\/en\/wp-json\/wp\/v2\/pages\/7598\/revisions"}],"predecessor-version":[{"id":7601,"href":"https:\/\/www.fiqsante.qc.ca\/en\/wp-json\/wp\/v2\/pages\/7598\/revisions\/7601"}],"wp:attachment":[{"href":"https:\/\/www.fiqsante.qc.ca\/en\/wp-json\/wp\/v2\/media?parent=7598"}],"curies":[{"name":"wp","href":"https:\/\/api.w.org\/{rel}","templated":true}]}}