{"id":9004,"date":"2025-06-13T10:56:29","date_gmt":"2025-06-13T14:56:29","guid":{"rendered":"https:\/\/www.fiqsante.qc.ca\/?page_id=9004"},"modified":"2025-06-26T15:13:05","modified_gmt":"2025-06-26T19:13:05","slug":"nathalie-levesque","status":"publish","type":"page","link":"https:\/\/www.fiqsante.qc.ca\/en\/union\/nathalie-levesque\/","title":{"rendered":"Nathalie Levesque"},"content":{"rendered":"<div class=\"wpb-content-wrapper\"><p>[vc_row][vc_column width=&#8221;1\/4&#8243;][vc_single_image image=&#8221;8979&#8243; img_size=&#8221;full&#8221; css=&#8221;&#8221;][\/vc_column][vc_column width=&#8221;3\/4&#8243;][vc_column_text css=&#8221;&#8221;]<\/p>\n<h1>Nathalie Levesque<\/h1>\n<p>[\/vc_column_text][vc_column_text css=&#8221;&#8221;]Since December 2017, Nathalie Levesque has been the vice-president licensed practical nurse on the Executive Committee of the F\u00e9d\u00e9ration interprofessionnelle de la sant\u00e9 du Qu\u00e9bec\u2013FIQ. She is joint political officer for the Labour Relations Sector and the organization\u2019s Research and Legal teams.<\/p>\n<p>The Dub\u00e9 reform, the arrival of Sant\u00e9 Qu\u00e9bec and the creation of a single employer, as well as budget cuts in the healthcare network, are at the heart of her concerns and motivate her union involvement. Every day she strives to improve working conditions and ensure that the expertise of the nurses, licensed practical nurses, respiratory therapists and clinical perfusionists she represents is truly recognized. She was also joint political officer for the last negotiations with the Quebec government to renew the collective agreement.<\/p>\n<p>A licensed practical nurse since 2004, she first practised in the Quebec City area and then in the Mont\u00e9r\u00e9gie region. Before becoming vice-president at the FIQ, she was vice-president at the Syndicat des professionnelles en soins de Mont\u00e9r\u00e9gie-Est.[\/vc_column_text][\/vc_column][\/vc_row]<\/p>\n<\/div>","protected":false},"excerpt":{"rendered":"<p>[vc_row][vc_column width=&#8221;1\/4&#8243;][vc_single_image image=&#8221;8979&#8243; img_size=&#8221;full&#8221; css=&#8221;&#8221;][\/vc_column][vc_column width=&#8221;3\/4&#8243;][vc_column_text css=&#8221;&#8221;] Nathalie Levesque [\/vc_column_text][vc_column_text css=&#8221;&#8221;]Since December 2017, Nathalie Levesque has been the vice-president licensed practical nurse on the Executive Committee of the F\u00e9d\u00e9ration interprofessionnelle de la sant\u00e9 du Qu\u00e9bec\u2013FIQ. She is joint political officer for the Labour Relations Sector and the organization\u2019s Research and Legal teams. The Dub\u00e9 reform, [&hellip;]<\/p>\n","protected":false},"author":2,"featured_media":0,"parent":4218,"menu_order":0,"comment_status":"closed","ping_status":"closed","template":"","meta":{"_acf_changed":false,"inline_featured_image":false,"footnotes":""},"class_list":["post-9004","page","type-page","status-publish","hentry"],"acf":[],"yoast_head":"<!-- This site is optimized with the Yoast SEO plugin v27.3 - https:\/\/yoast.com\/product\/yoast-seo-wordpress\/ -->\n<title>Nathalie Levesque - F\u00e9d\u00e9ration interprofessionnelle de la sant\u00e9 du Qu\u00e9bec<\/title>\n<meta name=\"robots\" content=\"index, follow, max-snippet:-1, max-image-preview:large, max-video-preview:-1\" \/>\n<link rel=\"canonical\" href=\"https:\/\/www.fiqsante.qc.ca\/en\/union\/nathalie-levesque\/\" \/>\n<meta property=\"og:locale\" content=\"en_US\" \/>\n<meta property=\"og:type\" content=\"article\" \/>\n<meta property=\"og:title\" content=\"Nathalie Levesque - F\u00e9d\u00e9ration interprofessionnelle de la sant\u00e9 du Qu\u00e9bec\" \/>\n<meta property=\"og:description\" content=\"[vc_row][vc_column width=&#8221;1\/4&#8243;][vc_single_image image=&#8221;8979&#8243; img_size=&#8221;full&#8221; css=&#8221;&#8221;][\/vc_column][vc_column width=&#8221;3\/4&#8243;][vc_column_text css=&#8221;&#8221;] Nathalie Levesque [\/vc_column_text][vc_column_text css=&#8221;&#8221;]Since December 2017, Nathalie Levesque has been the vice-president licensed practical nurse on the Executive Committee of the F\u00e9d\u00e9ration interprofessionnelle de la sant\u00e9 du Qu\u00e9bec\u2013FIQ. She is joint political officer for the Labour Relations Sector and the organization\u2019s Research and Legal teams. The Dub\u00e9 reform, [&hellip;]\" \/>\n<meta property=\"og:url\" content=\"https:\/\/www.fiqsante.qc.ca\/en\/union\/nathalie-levesque\/\" \/>\n<meta property=\"og:site_name\" content=\"F\u00e9d\u00e9ration interprofessionnelle de la sant\u00e9 du Qu\u00e9bec\" \/>\n<meta property=\"article:modified_time\" content=\"2025-06-26T19:13:05+00:00\" \/>\n<meta name=\"twitter:card\" content=\"summary_large_image\" \/>\n<meta name=\"twitter:label1\" content=\"Est. reading time\" \/>\n\t<meta name=\"twitter:data1\" content=\"2 minutes\" \/>\n<script type=\"application\/ld+json\" class=\"yoast-schema-graph\">{\"@context\":\"https:\\\/\\\/schema.org\",\"@graph\":[{\"@type\":\"WebPage\",\"@id\":\"https:\\\/\\\/www.fiqsante.qc.ca\\\/en\\\/union\\\/nathalie-levesque\\\/\",\"url\":\"https:\\\/\\\/www.fiqsante.qc.ca\\\/en\\\/union\\\/nathalie-levesque\\\/\",\"name\":\"Nathalie Levesque - F\u00e9d\u00e9ration interprofessionnelle de la sant\u00e9 du Qu\u00e9bec\",\"isPartOf\":{\"@id\":\"https:\\\/\\\/www.fiqsante.qc.ca\\\/en\\\/#website\"},\"datePublished\":\"2025-06-13T14:56:29+00:00\",\"dateModified\":\"2025-06-26T19:13:05+00:00\",\"breadcrumb\":{\"@id\":\"https:\\\/\\\/www.fiqsante.qc.ca\\\/en\\\/union\\\/nathalie-levesque\\\/#breadcrumb\"},\"inLanguage\":\"en-US\",\"potentialAction\":[{\"@type\":\"ReadAction\",\"target\":[\"https:\\\/\\\/www.fiqsante.qc.ca\\\/en\\\/union\\\/nathalie-levesque\\\/\"]}]},{\"@type\":\"BreadcrumbList\",\"@id\":\"https:\\\/\\\/www.fiqsante.qc.ca\\\/en\\\/union\\\/nathalie-levesque\\\/#breadcrumb\",\"itemListElement\":[{\"@type\":\"ListItem\",\"position\":1,\"name\":\"Home\",\"item\":\"https:\\\/\\\/www.fiqsante.qc.ca\\\/en\\\/\"},{\"@type\":\"ListItem\",\"position\":2,\"name\":\"Union life\",\"item\":\"https:\\\/\\\/www.fiqsante.qc.ca\\\/en\\\/union\\\/\"},{\"@type\":\"ListItem\",\"position\":3,\"name\":\"Nathalie Levesque\"}]},{\"@type\":\"WebSite\",\"@id\":\"https:\\\/\\\/www.fiqsante.qc.ca\\\/en\\\/#website\",\"url\":\"https:\\\/\\\/www.fiqsante.qc.ca\\\/en\\\/\",\"name\":\"F\u00e9d\u00e9ration interprofessionnelle de la sant\u00e9 du Qu\u00e9bec\",\"description\":\"\",\"potentialAction\":[{\"@type\":\"SearchAction\",\"target\":{\"@type\":\"EntryPoint\",\"urlTemplate\":\"https:\\\/\\\/www.fiqsante.qc.ca\\\/en\\\/?s={search_term_string}\"},\"query-input\":{\"@type\":\"PropertyValueSpecification\",\"valueRequired\":true,\"valueName\":\"search_term_string\"}}],\"inLanguage\":\"en-US\"}]}<\/script>\n<!-- \/ Yoast SEO plugin. -->","yoast_head_json":{"title":"Nathalie Levesque - F\u00e9d\u00e9ration interprofessionnelle de la sant\u00e9 du Qu\u00e9bec","robots":{"index":"index","follow":"follow","max-snippet":"max-snippet:-1","max-image-preview":"max-image-preview:large","max-video-preview":"max-video-preview:-1"},"canonical":"https:\/\/www.fiqsante.qc.ca\/en\/union\/nathalie-levesque\/","og_locale":"en_US","og_type":"article","og_title":"Nathalie Levesque - F\u00e9d\u00e9ration interprofessionnelle de la sant\u00e9 du Qu\u00e9bec","og_description":"[vc_row][vc_column width=&#8221;1\/4&#8243;][vc_single_image image=&#8221;8979&#8243; img_size=&#8221;full&#8221; css=&#8221;&#8221;][\/vc_column][vc_column width=&#8221;3\/4&#8243;][vc_column_text css=&#8221;&#8221;] Nathalie Levesque [\/vc_column_text][vc_column_text css=&#8221;&#8221;]Since December 2017, Nathalie Levesque has been the vice-president licensed practical nurse on the Executive Committee of the F\u00e9d\u00e9ration interprofessionnelle de la sant\u00e9 du Qu\u00e9bec\u2013FIQ. She is joint political officer for the Labour Relations Sector and the organization\u2019s Research and Legal teams. The Dub\u00e9 reform, [&hellip;]","og_url":"https:\/\/www.fiqsante.qc.ca\/en\/union\/nathalie-levesque\/","og_site_name":"F\u00e9d\u00e9ration interprofessionnelle de la sant\u00e9 du Qu\u00e9bec","article_modified_time":"2025-06-26T19:13:05+00:00","twitter_card":"summary_large_image","twitter_misc":{"Est. reading time":"2 minutes"},"schema":{"@context":"https:\/\/schema.org","@graph":[{"@type":"WebPage","@id":"https:\/\/www.fiqsante.qc.ca\/en\/union\/nathalie-levesque\/","url":"https:\/\/www.fiqsante.qc.ca\/en\/union\/nathalie-levesque\/","name":"Nathalie Levesque - F\u00e9d\u00e9ration interprofessionnelle de la sant\u00e9 du Qu\u00e9bec","isPartOf":{"@id":"https:\/\/www.fiqsante.qc.ca\/en\/#website"},"datePublished":"2025-06-13T14:56:29+00:00","dateModified":"2025-06-26T19:13:05+00:00","breadcrumb":{"@id":"https:\/\/www.fiqsante.qc.ca\/en\/union\/nathalie-levesque\/#breadcrumb"},"inLanguage":"en-US","potentialAction":[{"@type":"ReadAction","target":["https:\/\/www.fiqsante.qc.ca\/en\/union\/nathalie-levesque\/"]}]},{"@type":"BreadcrumbList","@id":"https:\/\/www.fiqsante.qc.ca\/en\/union\/nathalie-levesque\/#breadcrumb","itemListElement":[{"@type":"ListItem","position":1,"name":"Home","item":"https:\/\/www.fiqsante.qc.ca\/en\/"},{"@type":"ListItem","position":2,"name":"Union life","item":"https:\/\/www.fiqsante.qc.ca\/en\/union\/"},{"@type":"ListItem","position":3,"name":"Nathalie Levesque"}]},{"@type":"WebSite","@id":"https:\/\/www.fiqsante.qc.ca\/en\/#website","url":"https:\/\/www.fiqsante.qc.ca\/en\/","name":"F\u00e9d\u00e9ration interprofessionnelle de la sant\u00e9 du Qu\u00e9bec","description":"","potentialAction":[{"@type":"SearchAction","target":{"@type":"EntryPoint","urlTemplate":"https:\/\/www.fiqsante.qc.ca\/en\/?s={search_term_string}"},"query-input":{"@type":"PropertyValueSpecification","valueRequired":true,"valueName":"search_term_string"}}],"inLanguage":"en-US"}]}},"_links":{"self":[{"href":"https:\/\/www.fiqsante.qc.ca\/en\/wp-json\/wp\/v2\/pages\/9004","targetHints":{"allow":["GET"]}}],"collection":[{"href":"https:\/\/www.fiqsante.qc.ca\/en\/wp-json\/wp\/v2\/pages"}],"about":[{"href":"https:\/\/www.fiqsante.qc.ca\/en\/wp-json\/wp\/v2\/types\/page"}],"author":[{"embeddable":true,"href":"https:\/\/www.fiqsante.qc.ca\/en\/wp-json\/wp\/v2\/users\/2"}],"replies":[{"embeddable":true,"href":"https:\/\/www.fiqsante.qc.ca\/en\/wp-json\/wp\/v2\/comments?post=9004"}],"version-history":[{"count":3,"href":"https:\/\/www.fiqsante.qc.ca\/en\/wp-json\/wp\/v2\/pages\/9004\/revisions"}],"predecessor-version":[{"id":9099,"href":"https:\/\/www.fiqsante.qc.ca\/en\/wp-json\/wp\/v2\/pages\/9004\/revisions\/9099"}],"up":[{"embeddable":true,"href":"https:\/\/www.fiqsante.qc.ca\/en\/wp-json\/wp\/v2\/pages\/4218"}],"wp:attachment":[{"href":"https:\/\/www.fiqsante.qc.ca\/en\/wp-json\/wp\/v2\/media?parent=9004"}],"curies":[{"name":"wp","href":"https:\/\/api.w.org\/{rel}","templated":true}]}}