{"id":9011,"date":"2025-06-13T11:50:15","date_gmt":"2025-06-13T15:50:15","guid":{"rendered":"https:\/\/www.fiqsante.qc.ca\/?page_id=9011"},"modified":"2025-06-26T15:22:45","modified_gmt":"2025-06-26T19:22:45","slug":"sebastien-bouchard","status":"publish","type":"page","link":"https:\/\/www.fiqsante.qc.ca\/en\/union\/sebastien-bouchard\/","title":{"rendered":"S\u00e9bastien Bouchard"},"content":{"rendered":"<div class=\"wpb-content-wrapper\"><p>[vc_row][vc_column width=&#8221;1\/4&#8243;][vc_single_image image=&#8221;8993&#8243; img_size=&#8221;large&#8221; css=&#8221;&#8221;][\/vc_column][vc_column width=&#8221;3\/4&#8243;][vc_column_text css=&#8221;&#8221;]<\/p>\n<h1>S\u00e9bastien Bouchard<\/h1>\n<p>[\/vc_column_text][vc_column_text css=&#8221;&#8221;]S\u00e9bastien Bouchard is vice-president on the Executive Committee of the F\u00e9d\u00e9ration interprofessionnelle de la sant\u00e9 du Qu\u00e9bec\u2013FIQ. He is the political officer for the Union Organizing and Education-Animation Services.<\/p>\n<p>An engaged union rep for years, he has witnessed several periods of changing union allegiance, mergers and the many effects of the laws passed by successive governments. Determined to see the working and practice conditions of nurses, licensed practical nurses, respiratory therapists and clinical perfusionists improved, he sat on the FIQ&#8217;s Negotiating Committee in 2019. One of his top priorities is proximity to members. His motto is to educate, train, communicate and mobilize.<\/p>\n<p>A nurse since 2002 at the Institut universitaire de cardiologie et de pneumologie de Qu\u00e9bec \u2013 Universit\u00e9 Laval (IUCPQ-UL), S\u00e9bastien Bouchard has taken on several union roles before he was elected to the FIQ Executive Committee. First as vice-president, labour relations, at the Syndicat interprofessionnel de la sant\u00e9 (SIIQ) de l\u2019IUCPQ, then as president since 2016.[\/vc_column_text][\/vc_column][\/vc_row]<\/p>\n<\/div>","protected":false},"excerpt":{"rendered":"<p>[vc_row][vc_column width=&#8221;1\/4&#8243;][vc_single_image image=&#8221;8993&#8243; img_size=&#8221;large&#8221; css=&#8221;&#8221;][\/vc_column][vc_column width=&#8221;3\/4&#8243;][vc_column_text css=&#8221;&#8221;] S\u00e9bastien Bouchard [\/vc_column_text][vc_column_text css=&#8221;&#8221;]S\u00e9bastien Bouchard is vice-president on the Executive Committee of the F\u00e9d\u00e9ration interprofessionnelle de la sant\u00e9 du Qu\u00e9bec\u2013FIQ. He is the political officer for the Union Organizing and Education-Animation Services. An engaged union rep for years, he has witnessed several periods of changing union allegiance, mergers [&hellip;]<\/p>\n","protected":false},"author":2,"featured_media":0,"parent":4218,"menu_order":0,"comment_status":"closed","ping_status":"closed","template":"","meta":{"_acf_changed":false,"inline_featured_image":false,"footnotes":""},"class_list":["post-9011","page","type-page","status-publish","hentry"],"acf":[],"yoast_head":"<!-- This site is optimized with the Yoast SEO plugin v27.4 - https:\/\/yoast.com\/product\/yoast-seo-wordpress\/ -->\n<title>S\u00e9bastien Bouchard - F\u00e9d\u00e9ration interprofessionnelle de la sant\u00e9 du Qu\u00e9bec<\/title>\n<meta name=\"robots\" content=\"index, follow, max-snippet:-1, max-image-preview:large, max-video-preview:-1\" \/>\n<link rel=\"canonical\" href=\"https:\/\/www.fiqsante.qc.ca\/en\/union\/sebastien-bouchard\/\" \/>\n<meta property=\"og:locale\" content=\"en_US\" \/>\n<meta property=\"og:type\" content=\"article\" \/>\n<meta property=\"og:title\" content=\"S\u00e9bastien Bouchard - F\u00e9d\u00e9ration interprofessionnelle de la sant\u00e9 du Qu\u00e9bec\" \/>\n<meta property=\"og:description\" content=\"[vc_row][vc_column width=&#8221;1\/4&#8243;][vc_single_image image=&#8221;8993&#8243; img_size=&#8221;large&#8221; css=&#8221;&#8221;][\/vc_column][vc_column width=&#8221;3\/4&#8243;][vc_column_text css=&#8221;&#8221;] S\u00e9bastien Bouchard [\/vc_column_text][vc_column_text css=&#8221;&#8221;]S\u00e9bastien Bouchard is vice-president on the Executive Committee of the F\u00e9d\u00e9ration interprofessionnelle de la sant\u00e9 du Qu\u00e9bec\u2013FIQ. He is the political officer for the Union Organizing and Education-Animation Services. An engaged union rep for years, he has witnessed several periods of changing union allegiance, mergers [&hellip;]\" \/>\n<meta property=\"og:url\" content=\"https:\/\/www.fiqsante.qc.ca\/en\/union\/sebastien-bouchard\/\" \/>\n<meta property=\"og:site_name\" content=\"F\u00e9d\u00e9ration interprofessionnelle de la sant\u00e9 du Qu\u00e9bec\" \/>\n<meta property=\"article:modified_time\" content=\"2025-06-26T19:22:45+00:00\" \/>\n<meta name=\"twitter:card\" content=\"summary_large_image\" \/>\n<meta name=\"twitter:label1\" content=\"Est. reading time\" \/>\n\t<meta name=\"twitter:data1\" content=\"2 minutes\" \/>\n<script type=\"application\/ld+json\" class=\"yoast-schema-graph\">{\"@context\":\"https:\\\/\\\/schema.org\",\"@graph\":[{\"@type\":\"WebPage\",\"@id\":\"https:\\\/\\\/www.fiqsante.qc.ca\\\/en\\\/union\\\/sebastien-bouchard\\\/\",\"url\":\"https:\\\/\\\/www.fiqsante.qc.ca\\\/en\\\/union\\\/sebastien-bouchard\\\/\",\"name\":\"S\u00e9bastien Bouchard - F\u00e9d\u00e9ration interprofessionnelle de la sant\u00e9 du Qu\u00e9bec\",\"isPartOf\":{\"@id\":\"https:\\\/\\\/www.fiqsante.qc.ca\\\/en\\\/#website\"},\"datePublished\":\"2025-06-13T15:50:15+00:00\",\"dateModified\":\"2025-06-26T19:22:45+00:00\",\"breadcrumb\":{\"@id\":\"https:\\\/\\\/www.fiqsante.qc.ca\\\/en\\\/union\\\/sebastien-bouchard\\\/#breadcrumb\"},\"inLanguage\":\"en-US\",\"potentialAction\":[{\"@type\":\"ReadAction\",\"target\":[\"https:\\\/\\\/www.fiqsante.qc.ca\\\/en\\\/union\\\/sebastien-bouchard\\\/\"]}]},{\"@type\":\"BreadcrumbList\",\"@id\":\"https:\\\/\\\/www.fiqsante.qc.ca\\\/en\\\/union\\\/sebastien-bouchard\\\/#breadcrumb\",\"itemListElement\":[{\"@type\":\"ListItem\",\"position\":1,\"name\":\"Home\",\"item\":\"https:\\\/\\\/www.fiqsante.qc.ca\\\/en\\\/\"},{\"@type\":\"ListItem\",\"position\":2,\"name\":\"Union life\",\"item\":\"https:\\\/\\\/www.fiqsante.qc.ca\\\/en\\\/union\\\/\"},{\"@type\":\"ListItem\",\"position\":3,\"name\":\"S\u00e9bastien Bouchard\"}]},{\"@type\":\"WebSite\",\"@id\":\"https:\\\/\\\/www.fiqsante.qc.ca\\\/en\\\/#website\",\"url\":\"https:\\\/\\\/www.fiqsante.qc.ca\\\/en\\\/\",\"name\":\"F\u00e9d\u00e9ration interprofessionnelle de la sant\u00e9 du Qu\u00e9bec\",\"description\":\"\",\"potentialAction\":[{\"@type\":\"SearchAction\",\"target\":{\"@type\":\"EntryPoint\",\"urlTemplate\":\"https:\\\/\\\/www.fiqsante.qc.ca\\\/en\\\/?s={search_term_string}\"},\"query-input\":{\"@type\":\"PropertyValueSpecification\",\"valueRequired\":true,\"valueName\":\"search_term_string\"}}],\"inLanguage\":\"en-US\"}]}<\/script>\n<!-- \/ Yoast SEO plugin. -->","yoast_head_json":{"title":"S\u00e9bastien Bouchard - F\u00e9d\u00e9ration interprofessionnelle de la sant\u00e9 du Qu\u00e9bec","robots":{"index":"index","follow":"follow","max-snippet":"max-snippet:-1","max-image-preview":"max-image-preview:large","max-video-preview":"max-video-preview:-1"},"canonical":"https:\/\/www.fiqsante.qc.ca\/en\/union\/sebastien-bouchard\/","og_locale":"en_US","og_type":"article","og_title":"S\u00e9bastien Bouchard - F\u00e9d\u00e9ration interprofessionnelle de la sant\u00e9 du Qu\u00e9bec","og_description":"[vc_row][vc_column width=&#8221;1\/4&#8243;][vc_single_image image=&#8221;8993&#8243; img_size=&#8221;large&#8221; css=&#8221;&#8221;][\/vc_column][vc_column width=&#8221;3\/4&#8243;][vc_column_text css=&#8221;&#8221;] S\u00e9bastien Bouchard [\/vc_column_text][vc_column_text css=&#8221;&#8221;]S\u00e9bastien Bouchard is vice-president on the Executive Committee of the F\u00e9d\u00e9ration interprofessionnelle de la sant\u00e9 du Qu\u00e9bec\u2013FIQ. He is the political officer for the Union Organizing and Education-Animation Services. An engaged union rep for years, he has witnessed several periods of changing union allegiance, mergers [&hellip;]","og_url":"https:\/\/www.fiqsante.qc.ca\/en\/union\/sebastien-bouchard\/","og_site_name":"F\u00e9d\u00e9ration interprofessionnelle de la sant\u00e9 du Qu\u00e9bec","article_modified_time":"2025-06-26T19:22:45+00:00","twitter_card":"summary_large_image","twitter_misc":{"Est. reading time":"2 minutes"},"schema":{"@context":"https:\/\/schema.org","@graph":[{"@type":"WebPage","@id":"https:\/\/www.fiqsante.qc.ca\/en\/union\/sebastien-bouchard\/","url":"https:\/\/www.fiqsante.qc.ca\/en\/union\/sebastien-bouchard\/","name":"S\u00e9bastien Bouchard - F\u00e9d\u00e9ration interprofessionnelle de la sant\u00e9 du Qu\u00e9bec","isPartOf":{"@id":"https:\/\/www.fiqsante.qc.ca\/en\/#website"},"datePublished":"2025-06-13T15:50:15+00:00","dateModified":"2025-06-26T19:22:45+00:00","breadcrumb":{"@id":"https:\/\/www.fiqsante.qc.ca\/en\/union\/sebastien-bouchard\/#breadcrumb"},"inLanguage":"en-US","potentialAction":[{"@type":"ReadAction","target":["https:\/\/www.fiqsante.qc.ca\/en\/union\/sebastien-bouchard\/"]}]},{"@type":"BreadcrumbList","@id":"https:\/\/www.fiqsante.qc.ca\/en\/union\/sebastien-bouchard\/#breadcrumb","itemListElement":[{"@type":"ListItem","position":1,"name":"Home","item":"https:\/\/www.fiqsante.qc.ca\/en\/"},{"@type":"ListItem","position":2,"name":"Union life","item":"https:\/\/www.fiqsante.qc.ca\/en\/union\/"},{"@type":"ListItem","position":3,"name":"S\u00e9bastien Bouchard"}]},{"@type":"WebSite","@id":"https:\/\/www.fiqsante.qc.ca\/en\/#website","url":"https:\/\/www.fiqsante.qc.ca\/en\/","name":"F\u00e9d\u00e9ration interprofessionnelle de la sant\u00e9 du Qu\u00e9bec","description":"","potentialAction":[{"@type":"SearchAction","target":{"@type":"EntryPoint","urlTemplate":"https:\/\/www.fiqsante.qc.ca\/en\/?s={search_term_string}"},"query-input":{"@type":"PropertyValueSpecification","valueRequired":true,"valueName":"search_term_string"}}],"inLanguage":"en-US"}]}},"_links":{"self":[{"href":"https:\/\/www.fiqsante.qc.ca\/en\/wp-json\/wp\/v2\/pages\/9011","targetHints":{"allow":["GET"]}}],"collection":[{"href":"https:\/\/www.fiqsante.qc.ca\/en\/wp-json\/wp\/v2\/pages"}],"about":[{"href":"https:\/\/www.fiqsante.qc.ca\/en\/wp-json\/wp\/v2\/types\/page"}],"author":[{"embeddable":true,"href":"https:\/\/www.fiqsante.qc.ca\/en\/wp-json\/wp\/v2\/users\/2"}],"replies":[{"embeddable":true,"href":"https:\/\/www.fiqsante.qc.ca\/en\/wp-json\/wp\/v2\/comments?post=9011"}],"version-history":[{"count":5,"href":"https:\/\/www.fiqsante.qc.ca\/en\/wp-json\/wp\/v2\/pages\/9011\/revisions"}],"predecessor-version":[{"id":9110,"href":"https:\/\/www.fiqsante.qc.ca\/en\/wp-json\/wp\/v2\/pages\/9011\/revisions\/9110"}],"up":[{"embeddable":true,"href":"https:\/\/www.fiqsante.qc.ca\/en\/wp-json\/wp\/v2\/pages\/4218"}],"wp:attachment":[{"href":"https:\/\/www.fiqsante.qc.ca\/en\/wp-json\/wp\/v2\/media?parent=9011"}],"curies":[{"name":"wp","href":"https:\/\/api.w.org\/{rel}","templated":true}]}}