{"id":9026,"date":"2025-06-13T12:00:35","date_gmt":"2025-06-13T16:00:35","guid":{"rendered":"https:\/\/www.fiqsante.qc.ca\/?page_id=9026"},"modified":"2025-06-26T15:27:11","modified_gmt":"2025-06-26T19:27:11","slug":"isabelle-trepanier","status":"publish","type":"page","link":"https:\/\/www.fiqsante.qc.ca\/en\/union\/isabelle-trepanier\/","title":{"rendered":"Isabelle Tr\u00e9panier"},"content":{"rendered":"<div class=\"wpb-content-wrapper\"><p>[vc_row][vc_column width=&#8221;1\/4&#8243;][vc_single_image image=&#8221;8971&#8243; img_size=&#8221;large&#8221; css=&#8221;&#8221;][\/vc_column][vc_column width=&#8221;3\/4&#8243;][vc_column_text css=&#8221;&#8221;]<\/p>\n<h1>Isabelle Tr\u00e9panier<\/h1>\n<p>[\/vc_column_text][vc_column_text css=&#8221;&#8221;]Isabelle Tr\u00e9panier is the General Secretary on the Executive Committee of the F\u00e9d\u00e9ration interprofessionnelle de la sant\u00e9 du Qu\u00e9bec\u2013FIQ. Every day she works to ensure that the Constitution and Bylaws are respected and sees to the smooth running of the Federation\u2019s democratic decision-making bodies.<\/p>\n<p>A trained respiratory therapist and engaged feminist, her union action focuses on improving working conditions for healthcare professionals and her strong desire to see better recognition for the respiratory therapy profession. Constantly seeking to facilitate the democratic life of the organization, encourage inclusive participation in debates and strengthen local and provincial union life, she successfully implemented hybrid councils and conventions, thereby helping to improve the balance between activism and the personal and family lives of union representatives, the majority of whom are women.<\/p>\n<p>Before being elected to the FIQ Executive Committee in 2021, she was active with the Association professionnelle des inhaloth\u00e9rapeutes du Qu\u00e9bec (APIQ), which joined the FIQ following the mergers under Law 30.\u00a0 She worked at the CHU de Qu\u00e9bec-Universit\u00e9 Laval before joining the local executive committee first as an administrator and then as respiratory therapist vice-president. In 2014, she joined the SICHU de Qu\u00e9bec executive committee as secretary.[\/vc_column_text][\/vc_column][\/vc_row]<\/p>\n<\/div>","protected":false},"excerpt":{"rendered":"<p>[vc_row][vc_column width=&#8221;1\/4&#8243;][vc_single_image image=&#8221;8971&#8243; img_size=&#8221;large&#8221; css=&#8221;&#8221;][\/vc_column][vc_column width=&#8221;3\/4&#8243;][vc_column_text css=&#8221;&#8221;] Isabelle Tr\u00e9panier [\/vc_column_text][vc_column_text css=&#8221;&#8221;]Isabelle Tr\u00e9panier is the General Secretary on the Executive Committee of the F\u00e9d\u00e9ration interprofessionnelle de la sant\u00e9 du Qu\u00e9bec\u2013FIQ. Every day she works to ensure that the Constitution and Bylaws are respected and sees to the smooth running of the Federation\u2019s democratic decision-making bodies. A [&hellip;]<\/p>\n","protected":false},"author":2,"featured_media":0,"parent":4218,"menu_order":0,"comment_status":"closed","ping_status":"closed","template":"","meta":{"_acf_changed":false,"inline_featured_image":false,"footnotes":""},"class_list":["post-9026","page","type-page","status-publish","hentry"],"acf":[],"yoast_head":"<!-- This site is optimized with the Yoast SEO plugin v27.4 - https:\/\/yoast.com\/product\/yoast-seo-wordpress\/ -->\n<title>Isabelle Tr\u00e9panier - F\u00e9d\u00e9ration interprofessionnelle de la sant\u00e9 du Qu\u00e9bec<\/title>\n<meta name=\"robots\" content=\"index, follow, max-snippet:-1, max-image-preview:large, max-video-preview:-1\" \/>\n<link rel=\"canonical\" href=\"https:\/\/www.fiqsante.qc.ca\/en\/union\/isabelle-trepanier\/\" \/>\n<meta property=\"og:locale\" content=\"en_US\" \/>\n<meta property=\"og:type\" content=\"article\" \/>\n<meta property=\"og:title\" content=\"Isabelle Tr\u00e9panier - F\u00e9d\u00e9ration interprofessionnelle de la sant\u00e9 du Qu\u00e9bec\" \/>\n<meta property=\"og:description\" content=\"[vc_row][vc_column width=&#8221;1\/4&#8243;][vc_single_image image=&#8221;8971&#8243; img_size=&#8221;large&#8221; css=&#8221;&#8221;][\/vc_column][vc_column width=&#8221;3\/4&#8243;][vc_column_text css=&#8221;&#8221;] Isabelle Tr\u00e9panier [\/vc_column_text][vc_column_text css=&#8221;&#8221;]Isabelle Tr\u00e9panier is the General Secretary on the Executive Committee of the F\u00e9d\u00e9ration interprofessionnelle de la sant\u00e9 du Qu\u00e9bec\u2013FIQ. Every day she works to ensure that the Constitution and Bylaws are respected and sees to the smooth running of the Federation\u2019s democratic decision-making bodies. A [&hellip;]\" \/>\n<meta property=\"og:url\" content=\"https:\/\/www.fiqsante.qc.ca\/en\/union\/isabelle-trepanier\/\" \/>\n<meta property=\"og:site_name\" content=\"F\u00e9d\u00e9ration interprofessionnelle de la sant\u00e9 du Qu\u00e9bec\" \/>\n<meta property=\"article:modified_time\" content=\"2025-06-26T19:27:11+00:00\" \/>\n<meta name=\"twitter:card\" content=\"summary_large_image\" \/>\n<meta name=\"twitter:label1\" content=\"Est. reading time\" \/>\n\t<meta name=\"twitter:data1\" content=\"2 minutes\" \/>\n<script type=\"application\/ld+json\" class=\"yoast-schema-graph\">{\"@context\":\"https:\\\/\\\/schema.org\",\"@graph\":[{\"@type\":\"WebPage\",\"@id\":\"https:\\\/\\\/www.fiqsante.qc.ca\\\/en\\\/union\\\/isabelle-trepanier\\\/\",\"url\":\"https:\\\/\\\/www.fiqsante.qc.ca\\\/en\\\/union\\\/isabelle-trepanier\\\/\",\"name\":\"Isabelle Tr\u00e9panier - F\u00e9d\u00e9ration interprofessionnelle de la sant\u00e9 du Qu\u00e9bec\",\"isPartOf\":{\"@id\":\"https:\\\/\\\/www.fiqsante.qc.ca\\\/en\\\/#website\"},\"datePublished\":\"2025-06-13T16:00:35+00:00\",\"dateModified\":\"2025-06-26T19:27:11+00:00\",\"breadcrumb\":{\"@id\":\"https:\\\/\\\/www.fiqsante.qc.ca\\\/en\\\/union\\\/isabelle-trepanier\\\/#breadcrumb\"},\"inLanguage\":\"en-US\",\"potentialAction\":[{\"@type\":\"ReadAction\",\"target\":[\"https:\\\/\\\/www.fiqsante.qc.ca\\\/en\\\/union\\\/isabelle-trepanier\\\/\"]}]},{\"@type\":\"BreadcrumbList\",\"@id\":\"https:\\\/\\\/www.fiqsante.qc.ca\\\/en\\\/union\\\/isabelle-trepanier\\\/#breadcrumb\",\"itemListElement\":[{\"@type\":\"ListItem\",\"position\":1,\"name\":\"Home\",\"item\":\"https:\\\/\\\/www.fiqsante.qc.ca\\\/en\\\/\"},{\"@type\":\"ListItem\",\"position\":2,\"name\":\"Union life\",\"item\":\"https:\\\/\\\/www.fiqsante.qc.ca\\\/en\\\/union\\\/\"},{\"@type\":\"ListItem\",\"position\":3,\"name\":\"Isabelle Tr\u00e9panier\"}]},{\"@type\":\"WebSite\",\"@id\":\"https:\\\/\\\/www.fiqsante.qc.ca\\\/en\\\/#website\",\"url\":\"https:\\\/\\\/www.fiqsante.qc.ca\\\/en\\\/\",\"name\":\"F\u00e9d\u00e9ration interprofessionnelle de la sant\u00e9 du Qu\u00e9bec\",\"description\":\"\",\"potentialAction\":[{\"@type\":\"SearchAction\",\"target\":{\"@type\":\"EntryPoint\",\"urlTemplate\":\"https:\\\/\\\/www.fiqsante.qc.ca\\\/en\\\/?s={search_term_string}\"},\"query-input\":{\"@type\":\"PropertyValueSpecification\",\"valueRequired\":true,\"valueName\":\"search_term_string\"}}],\"inLanguage\":\"en-US\"}]}<\/script>\n<!-- \/ Yoast SEO plugin. -->","yoast_head_json":{"title":"Isabelle Tr\u00e9panier - F\u00e9d\u00e9ration interprofessionnelle de la sant\u00e9 du Qu\u00e9bec","robots":{"index":"index","follow":"follow","max-snippet":"max-snippet:-1","max-image-preview":"max-image-preview:large","max-video-preview":"max-video-preview:-1"},"canonical":"https:\/\/www.fiqsante.qc.ca\/en\/union\/isabelle-trepanier\/","og_locale":"en_US","og_type":"article","og_title":"Isabelle Tr\u00e9panier - F\u00e9d\u00e9ration interprofessionnelle de la sant\u00e9 du Qu\u00e9bec","og_description":"[vc_row][vc_column width=&#8221;1\/4&#8243;][vc_single_image image=&#8221;8971&#8243; img_size=&#8221;large&#8221; css=&#8221;&#8221;][\/vc_column][vc_column width=&#8221;3\/4&#8243;][vc_column_text css=&#8221;&#8221;] Isabelle Tr\u00e9panier [\/vc_column_text][vc_column_text css=&#8221;&#8221;]Isabelle Tr\u00e9panier is the General Secretary on the Executive Committee of the F\u00e9d\u00e9ration interprofessionnelle de la sant\u00e9 du Qu\u00e9bec\u2013FIQ. Every day she works to ensure that the Constitution and Bylaws are respected and sees to the smooth running of the Federation\u2019s democratic decision-making bodies. A [&hellip;]","og_url":"https:\/\/www.fiqsante.qc.ca\/en\/union\/isabelle-trepanier\/","og_site_name":"F\u00e9d\u00e9ration interprofessionnelle de la sant\u00e9 du Qu\u00e9bec","article_modified_time":"2025-06-26T19:27:11+00:00","twitter_card":"summary_large_image","twitter_misc":{"Est. reading time":"2 minutes"},"schema":{"@context":"https:\/\/schema.org","@graph":[{"@type":"WebPage","@id":"https:\/\/www.fiqsante.qc.ca\/en\/union\/isabelle-trepanier\/","url":"https:\/\/www.fiqsante.qc.ca\/en\/union\/isabelle-trepanier\/","name":"Isabelle Tr\u00e9panier - F\u00e9d\u00e9ration interprofessionnelle de la sant\u00e9 du Qu\u00e9bec","isPartOf":{"@id":"https:\/\/www.fiqsante.qc.ca\/en\/#website"},"datePublished":"2025-06-13T16:00:35+00:00","dateModified":"2025-06-26T19:27:11+00:00","breadcrumb":{"@id":"https:\/\/www.fiqsante.qc.ca\/en\/union\/isabelle-trepanier\/#breadcrumb"},"inLanguage":"en-US","potentialAction":[{"@type":"ReadAction","target":["https:\/\/www.fiqsante.qc.ca\/en\/union\/isabelle-trepanier\/"]}]},{"@type":"BreadcrumbList","@id":"https:\/\/www.fiqsante.qc.ca\/en\/union\/isabelle-trepanier\/#breadcrumb","itemListElement":[{"@type":"ListItem","position":1,"name":"Home","item":"https:\/\/www.fiqsante.qc.ca\/en\/"},{"@type":"ListItem","position":2,"name":"Union life","item":"https:\/\/www.fiqsante.qc.ca\/en\/union\/"},{"@type":"ListItem","position":3,"name":"Isabelle Tr\u00e9panier"}]},{"@type":"WebSite","@id":"https:\/\/www.fiqsante.qc.ca\/en\/#website","url":"https:\/\/www.fiqsante.qc.ca\/en\/","name":"F\u00e9d\u00e9ration interprofessionnelle de la sant\u00e9 du Qu\u00e9bec","description":"","potentialAction":[{"@type":"SearchAction","target":{"@type":"EntryPoint","urlTemplate":"https:\/\/www.fiqsante.qc.ca\/en\/?s={search_term_string}"},"query-input":{"@type":"PropertyValueSpecification","valueRequired":true,"valueName":"search_term_string"}}],"inLanguage":"en-US"}]}},"_links":{"self":[{"href":"https:\/\/www.fiqsante.qc.ca\/en\/wp-json\/wp\/v2\/pages\/9026","targetHints":{"allow":["GET"]}}],"collection":[{"href":"https:\/\/www.fiqsante.qc.ca\/en\/wp-json\/wp\/v2\/pages"}],"about":[{"href":"https:\/\/www.fiqsante.qc.ca\/en\/wp-json\/wp\/v2\/types\/page"}],"author":[{"embeddable":true,"href":"https:\/\/www.fiqsante.qc.ca\/en\/wp-json\/wp\/v2\/users\/2"}],"replies":[{"embeddable":true,"href":"https:\/\/www.fiqsante.qc.ca\/en\/wp-json\/wp\/v2\/comments?post=9026"}],"version-history":[{"count":4,"href":"https:\/\/www.fiqsante.qc.ca\/en\/wp-json\/wp\/v2\/pages\/9026\/revisions"}],"predecessor-version":[{"id":9117,"href":"https:\/\/www.fiqsante.qc.ca\/en\/wp-json\/wp\/v2\/pages\/9026\/revisions\/9117"}],"up":[{"embeddable":true,"href":"https:\/\/www.fiqsante.qc.ca\/en\/wp-json\/wp\/v2\/pages\/4218"}],"wp:attachment":[{"href":"https:\/\/www.fiqsante.qc.ca\/en\/wp-json\/wp\/v2\/media?parent=9026"}],"curies":[{"name":"wp","href":"https:\/\/api.w.org\/{rel}","templated":true}]}}