{"id":9261,"date":"2025-07-16T10:29:05","date_gmt":"2025-07-16T14:29:05","guid":{"rendered":"https:\/\/www.fiqsante.qc.ca\/conditions\/pl101\/"},"modified":"2025-10-27T11:32:10","modified_gmt":"2025-10-27T15:32:10","slug":"pl101","status":"publish","type":"page","link":"https:\/\/www.fiqsante.qc.ca\/en\/conditions\/pl101\/","title":{"rendered":"Bill 101"},"content":{"rendered":"<div class=\"wpb-content-wrapper\"><p>[vc_row][vc_column][vc_single_image image=&#8221;9247&#8243; img_size=&#8221;full&#8221; css=&#8221;&#8221;][\/vc_column][\/vc_row][vc_row][vc_column][vc_column_text css=&#8221;&#8221;]<\/p>\n<h2>Bill 101 | An attack on the health and safety of women<\/h2>\n<p>The CAQ government went ahead in October 2025 with the passing of Bill 101, contested since last spring by the FIQ and other unions because of its impact on female workers\u2019 health. This CAQ bill is a direct attack on the occupational health and safety (OHS) rights of women workers in the public health and education sectors.[\/vc_column_text][vc_empty_space][\/vc_column][\/vc_row][vc_row][vc_column width=&#8221;1\/2&#8243;][vc_column_text css=&#8221;&#8221;]<\/p>\n<h2>Understanding Bill 101<\/h2>\n<p>In July 2020, a nurse was violently attacked in an improvised psychiatric unit in Mont\u00e9r\u00e9gie-Est. She was strangled for many minutes before the police arrived.<\/p>\n<p>Unfortunately, this sad case is just one of the growing number of workplace injuries for women workers in the health and education sectors. Even though they only make up 19.2% of total jobs in Quebec, these workers account for 35.7% of all recognized employment injuries.<\/p>\n<p>Given these alarming statistics, it would be logical to think the government would offer them better occupational health and safety protection. However, despite promises made, the Minister of Labour, Jean Boulet, is proposing the exact opposite with <a href=\"https:\/\/www.assnat.qc.ca\/en\/travaux-parlementaires\/projets-loi\/projet-loi-101-43-1.html\">Bill 101<\/a>.<\/p>\n<p>Bill 101 considerably reduces the duties of health and safety committees and health and safety representatives in the health and education sectors, in addition to removing deadline requirements for prevention programs.<\/p>\n<p>Given that 81% of the workforce in the healthcare sector is made up of women, this is an affront to women&#8217;s health and safety at work.[\/vc_column_text][\/vc_column][vc_column width=&#8221;1\/2&#8243;][vc_column_text css=&#8221;&#8221;]<\/p>\n<h2>Why is the FIQ against it?<\/h2>\n<ul>\n<li><strong>Women health and social services workers are among those most affected by workplace injuries<\/strong>. In 2022, they accounted for 13.6% of total jobs, but nearly 38% of compensated workplace injuries. It is absolutely outrageous to reduce prevention mechanisms in their fields.<\/li>\n<li><strong>A systematic attack on women\u2019s rights.<\/strong> This bill amends and withdraws certain prevention mechanisms in the health and education sectors, which are predominantly female. It creates a glaring inequality with other predominantly male sectors, such as construction, where these protections are maintained.<\/li>\n<li><strong>The CAQ refuses any dialogue<\/strong>. The FIQ submitted a brief on the bill but was not invited to present it to the parliamentary committee responsible for studying it.\u00a0 Excluding the FIQ from the consultations means excluding the voice of more than 80,000 healthcare professionals from the debate. In 2025, women workers in the public network must be heard.<\/li>\n<\/ul>\n<p>[\/vc_column_text][\/vc_column][\/vc_row][vc_row][vc_column][vc_empty_space][vc_column_text css=&#8221;&#8221;]<\/p>\n<h2><span lang=\"EN-CA\">More information on Bill 101 <\/span><\/h2>\n<p>[\/vc_column_text][vc_column_text css=&#8221;&#8221;]<a href=\"https:\/\/www.fiqsante.qc.ca\/wp-content\/uploads\/2025\/05\/Memoire-PL-1012.pdf\">Brief | Bill 101: an attack on the occupational health and safety of women working in the public health and social services network.<\/a><\/p>\n<p><a href=\"https:\/\/www.intersyndicaledesfemmes.ca\/memoires\/#:~:text=L'Intersyndicale%20suit%20de%20pr%C3%A8s,%C3%A9galit%C3%A9%20entre%20toutes%20les%20femmes.\">Brief presented by the Intersyndicale des femmes | Bill 101:<\/a><a href=\"https:\/\/www.intersyndicaledesfemmes.ca\/memoires\/#:~:text=L'Intersyndicale%20suit%20de%20pr%C3%A8s,%C3%A9galit%C3%A9%20entre%20toutes%20les%20femmes.\">An Act to improve certain labour laws<\/a><\/p>\n<p><a href=\"https:\/\/www.intersyndicaledesfemmes.ca\/site\/assets\/files\/1251\/2025-05-22_memoire_pl101_-_final.pdf\">Brief | Intersyndicale des femmes on Bill 101<\/a><\/p>\n<p><a href=\"https:\/\/www.fiqsante.qc.ca\/en\/projet-de-loi-n-101-une-attaque-contre-la-protection-des-professionnelles-en-soins-denonce-la-fiq\/\">Press release | Bill 101 | An attack on the protection of healthcare professionals, denounces the FIQ<\/a><\/p>\n<p><a href=\"https:\/\/www.fiqsante.qc.ca\/en\/projet-de-loi-n-101-en-muselant-la-fiq-le-gouvernement-discrimine-les-femmes-du-reseau-de-la-sante\/\">Press release | Bill 101 | By silencing the FIQ, the government is discriminating against women in the health care system<\/a><\/p>\n<p><a href=\"https:\/\/www.fiqsante.qc.ca\/projet-de-loi-n-101-la-fiq-denonce-des-reculs-majeurs-pour-la-sante-et-la-securite-des-femmes-du-reseau-public\/\">Bill 101 | The FIQ condemns major setbacks for women\u2019s health and safety in the public network &#8211; F\u00e9d\u00e9ration interprofessionnelle de la sant\u00e9 du Qu\u00e9bec<\/a>[\/vc_column_text][\/vc_column][\/vc_row]<\/p>\n<\/div>","protected":false},"excerpt":{"rendered":"<p>[vc_row][vc_column][vc_single_image image=&#8221;9247&#8243; img_size=&#8221;full&#8221; css=&#8221;&#8221;][\/vc_column][\/vc_row][vc_row][vc_column][vc_column_text css=&#8221;&#8221;] Bill 101 | An attack on the health and safety of women The CAQ government went ahead in October 2025 with the passing of Bill 101, contested since last spring by the FIQ and other unions because of its impact on female workers\u2019 health. This CAQ bill is a direct [&hellip;]<\/p>\n","protected":false},"author":2,"featured_media":9251,"parent":3396,"menu_order":0,"comment_status":"closed","ping_status":"closed","template":"","meta":{"_acf_changed":false,"inline_featured_image":false,"footnotes":""},"class_list":["post-9261","page","type-page","status-publish","has-post-thumbnail","hentry"],"acf":[],"yoast_head":"<!-- This site is optimized with the Yoast SEO plugin v27.3 - https:\/\/yoast.com\/product\/yoast-seo-wordpress\/ -->\n<title>Bill 101 - F\u00e9d\u00e9ration interprofessionnelle de la sant\u00e9 du Qu\u00e9bec<\/title>\n<meta name=\"description\" content=\"Le PL101 vient directement bafouer les droits des travailleuses du r\u00e9seau public de la sant\u00e9 et de l\u2019\u00e9ducation en mati\u00e8re de sant\u00e9 et s\u00e9curit\u00e9 au travail.\" \/>\n<meta name=\"robots\" content=\"index, follow, max-snippet:-1, max-image-preview:large, max-video-preview:-1\" \/>\n<link rel=\"canonical\" href=\"https:\/\/www.fiqsante.qc.ca\/en\/conditions\/pl101\/\" \/>\n<meta property=\"og:locale\" content=\"en_US\" \/>\n<meta property=\"og:type\" content=\"article\" \/>\n<meta property=\"og:title\" content=\"Bill 101 - F\u00e9d\u00e9ration interprofessionnelle de la sant\u00e9 du Qu\u00e9bec\" \/>\n<meta property=\"og:description\" content=\"Le PL101 vient directement bafouer les droits des travailleuses du r\u00e9seau public de la sant\u00e9 et de l\u2019\u00e9ducation en mati\u00e8re de sant\u00e9 et s\u00e9curit\u00e9 au travail.\" \/>\n<meta property=\"og:url\" content=\"https:\/\/www.fiqsante.qc.ca\/en\/conditions\/pl101\/\" \/>\n<meta property=\"og:site_name\" content=\"F\u00e9d\u00e9ration interprofessionnelle de la sant\u00e9 du Qu\u00e9bec\" \/>\n<meta property=\"article:modified_time\" content=\"2025-10-27T15:32:10+00:00\" \/>\n<meta property=\"og:image\" content=\"https:\/\/www.fiqsante.qc.ca\/wp-content\/uploads\/2025\/07\/1.jpg\" \/>\n\t<meta property=\"og:image:width\" content=\"1806\" \/>\n\t<meta property=\"og:image:height\" content=\"1169\" \/>\n\t<meta property=\"og:image:type\" content=\"image\/jpeg\" \/>\n<meta name=\"twitter:card\" content=\"summary_large_image\" \/>\n<meta name=\"twitter:label1\" content=\"Est. reading time\" \/>\n\t<meta name=\"twitter:data1\" content=\"4 minutes\" \/>\n<script type=\"application\/ld+json\" class=\"yoast-schema-graph\">{\"@context\":\"https:\\\/\\\/schema.org\",\"@graph\":[{\"@type\":\"WebPage\",\"@id\":\"https:\\\/\\\/www.fiqsante.qc.ca\\\/en\\\/conditions\\\/pl101\\\/\",\"url\":\"https:\\\/\\\/www.fiqsante.qc.ca\\\/en\\\/conditions\\\/pl101\\\/\",\"name\":\"Bill 101 - F\u00e9d\u00e9ration interprofessionnelle de la sant\u00e9 du Qu\u00e9bec\",\"isPartOf\":{\"@id\":\"https:\\\/\\\/www.fiqsante.qc.ca\\\/en\\\/#website\"},\"primaryImageOfPage\":{\"@id\":\"https:\\\/\\\/www.fiqsante.qc.ca\\\/en\\\/conditions\\\/pl101\\\/#primaryimage\"},\"image\":{\"@id\":\"https:\\\/\\\/www.fiqsante.qc.ca\\\/en\\\/conditions\\\/pl101\\\/#primaryimage\"},\"thumbnailUrl\":\"https:\\\/\\\/www.fiqsante.qc.ca\\\/wp-content\\\/uploads\\\/2025\\\/07\\\/1.jpg\",\"datePublished\":\"2025-07-16T14:29:05+00:00\",\"dateModified\":\"2025-10-27T15:32:10+00:00\",\"description\":\"Le PL101 vient directement bafouer les droits des travailleuses du r\u00e9seau public de la sant\u00e9 et de l\u2019\u00e9ducation en mati\u00e8re de sant\u00e9 et s\u00e9curit\u00e9 au travail.\",\"breadcrumb\":{\"@id\":\"https:\\\/\\\/www.fiqsante.qc.ca\\\/en\\\/conditions\\\/pl101\\\/#breadcrumb\"},\"inLanguage\":\"en-US\",\"potentialAction\":[{\"@type\":\"ReadAction\",\"target\":[\"https:\\\/\\\/www.fiqsante.qc.ca\\\/en\\\/conditions\\\/pl101\\\/\"]}]},{\"@type\":\"ImageObject\",\"inLanguage\":\"en-US\",\"@id\":\"https:\\\/\\\/www.fiqsante.qc.ca\\\/en\\\/conditions\\\/pl101\\\/#primaryimage\",\"url\":\"https:\\\/\\\/www.fiqsante.qc.ca\\\/wp-content\\\/uploads\\\/2025\\\/07\\\/1.jpg\",\"contentUrl\":\"https:\\\/\\\/www.fiqsante.qc.ca\\\/wp-content\\\/uploads\\\/2025\\\/07\\\/1.jpg\",\"width\":1806,\"height\":1169},{\"@type\":\"BreadcrumbList\",\"@id\":\"https:\\\/\\\/www.fiqsante.qc.ca\\\/en\\\/conditions\\\/pl101\\\/#breadcrumb\",\"itemListElement\":[{\"@type\":\"ListItem\",\"position\":1,\"name\":\"Home\",\"item\":\"https:\\\/\\\/www.fiqsante.qc.ca\\\/en\\\/\"},{\"@type\":\"ListItem\",\"position\":2,\"name\":\"Working conditions\",\"item\":\"https:\\\/\\\/www.fiqsante.qc.ca\\\/en\\\/conditions\\\/\"},{\"@type\":\"ListItem\",\"position\":3,\"name\":\"Bill 101\"}]},{\"@type\":\"WebSite\",\"@id\":\"https:\\\/\\\/www.fiqsante.qc.ca\\\/en\\\/#website\",\"url\":\"https:\\\/\\\/www.fiqsante.qc.ca\\\/en\\\/\",\"name\":\"F\u00e9d\u00e9ration interprofessionnelle de la sant\u00e9 du Qu\u00e9bec\",\"description\":\"\",\"potentialAction\":[{\"@type\":\"SearchAction\",\"target\":{\"@type\":\"EntryPoint\",\"urlTemplate\":\"https:\\\/\\\/www.fiqsante.qc.ca\\\/en\\\/?s={search_term_string}\"},\"query-input\":{\"@type\":\"PropertyValueSpecification\",\"valueRequired\":true,\"valueName\":\"search_term_string\"}}],\"inLanguage\":\"en-US\"}]}<\/script>\n<!-- \/ Yoast SEO plugin. -->","yoast_head_json":{"title":"Bill 101 - F\u00e9d\u00e9ration interprofessionnelle de la sant\u00e9 du Qu\u00e9bec","description":"Le PL101 vient directement bafouer les droits des travailleuses du r\u00e9seau public de la sant\u00e9 et de l\u2019\u00e9ducation en mati\u00e8re de sant\u00e9 et s\u00e9curit\u00e9 au travail.","robots":{"index":"index","follow":"follow","max-snippet":"max-snippet:-1","max-image-preview":"max-image-preview:large","max-video-preview":"max-video-preview:-1"},"canonical":"https:\/\/www.fiqsante.qc.ca\/en\/conditions\/pl101\/","og_locale":"en_US","og_type":"article","og_title":"Bill 101 - F\u00e9d\u00e9ration interprofessionnelle de la sant\u00e9 du Qu\u00e9bec","og_description":"Le PL101 vient directement bafouer les droits des travailleuses du r\u00e9seau public de la sant\u00e9 et de l\u2019\u00e9ducation en mati\u00e8re de sant\u00e9 et s\u00e9curit\u00e9 au travail.","og_url":"https:\/\/www.fiqsante.qc.ca\/en\/conditions\/pl101\/","og_site_name":"F\u00e9d\u00e9ration interprofessionnelle de la sant\u00e9 du Qu\u00e9bec","article_modified_time":"2025-10-27T15:32:10+00:00","og_image":[{"width":1806,"height":1169,"url":"https:\/\/www.fiqsante.qc.ca\/wp-content\/uploads\/2025\/07\/1.jpg","type":"image\/jpeg"}],"twitter_card":"summary_large_image","twitter_misc":{"Est. reading time":"4 minutes"},"schema":{"@context":"https:\/\/schema.org","@graph":[{"@type":"WebPage","@id":"https:\/\/www.fiqsante.qc.ca\/en\/conditions\/pl101\/","url":"https:\/\/www.fiqsante.qc.ca\/en\/conditions\/pl101\/","name":"Bill 101 - F\u00e9d\u00e9ration interprofessionnelle de la sant\u00e9 du Qu\u00e9bec","isPartOf":{"@id":"https:\/\/www.fiqsante.qc.ca\/en\/#website"},"primaryImageOfPage":{"@id":"https:\/\/www.fiqsante.qc.ca\/en\/conditions\/pl101\/#primaryimage"},"image":{"@id":"https:\/\/www.fiqsante.qc.ca\/en\/conditions\/pl101\/#primaryimage"},"thumbnailUrl":"https:\/\/www.fiqsante.qc.ca\/wp-content\/uploads\/2025\/07\/1.jpg","datePublished":"2025-07-16T14:29:05+00:00","dateModified":"2025-10-27T15:32:10+00:00","description":"Le PL101 vient directement bafouer les droits des travailleuses du r\u00e9seau public de la sant\u00e9 et de l\u2019\u00e9ducation en mati\u00e8re de sant\u00e9 et s\u00e9curit\u00e9 au travail.","breadcrumb":{"@id":"https:\/\/www.fiqsante.qc.ca\/en\/conditions\/pl101\/#breadcrumb"},"inLanguage":"en-US","potentialAction":[{"@type":"ReadAction","target":["https:\/\/www.fiqsante.qc.ca\/en\/conditions\/pl101\/"]}]},{"@type":"ImageObject","inLanguage":"en-US","@id":"https:\/\/www.fiqsante.qc.ca\/en\/conditions\/pl101\/#primaryimage","url":"https:\/\/www.fiqsante.qc.ca\/wp-content\/uploads\/2025\/07\/1.jpg","contentUrl":"https:\/\/www.fiqsante.qc.ca\/wp-content\/uploads\/2025\/07\/1.jpg","width":1806,"height":1169},{"@type":"BreadcrumbList","@id":"https:\/\/www.fiqsante.qc.ca\/en\/conditions\/pl101\/#breadcrumb","itemListElement":[{"@type":"ListItem","position":1,"name":"Home","item":"https:\/\/www.fiqsante.qc.ca\/en\/"},{"@type":"ListItem","position":2,"name":"Working conditions","item":"https:\/\/www.fiqsante.qc.ca\/en\/conditions\/"},{"@type":"ListItem","position":3,"name":"Bill 101"}]},{"@type":"WebSite","@id":"https:\/\/www.fiqsante.qc.ca\/en\/#website","url":"https:\/\/www.fiqsante.qc.ca\/en\/","name":"F\u00e9d\u00e9ration interprofessionnelle de la sant\u00e9 du Qu\u00e9bec","description":"","potentialAction":[{"@type":"SearchAction","target":{"@type":"EntryPoint","urlTemplate":"https:\/\/www.fiqsante.qc.ca\/en\/?s={search_term_string}"},"query-input":{"@type":"PropertyValueSpecification","valueRequired":true,"valueName":"search_term_string"}}],"inLanguage":"en-US"}]}},"_links":{"self":[{"href":"https:\/\/www.fiqsante.qc.ca\/en\/wp-json\/wp\/v2\/pages\/9261","targetHints":{"allow":["GET"]}}],"collection":[{"href":"https:\/\/www.fiqsante.qc.ca\/en\/wp-json\/wp\/v2\/pages"}],"about":[{"href":"https:\/\/www.fiqsante.qc.ca\/en\/wp-json\/wp\/v2\/types\/page"}],"author":[{"embeddable":true,"href":"https:\/\/www.fiqsante.qc.ca\/en\/wp-json\/wp\/v2\/users\/2"}],"replies":[{"embeddable":true,"href":"https:\/\/www.fiqsante.qc.ca\/en\/wp-json\/wp\/v2\/comments?post=9261"}],"version-history":[{"count":5,"href":"https:\/\/www.fiqsante.qc.ca\/en\/wp-json\/wp\/v2\/pages\/9261\/revisions"}],"predecessor-version":[{"id":10366,"href":"https:\/\/www.fiqsante.qc.ca\/en\/wp-json\/wp\/v2\/pages\/9261\/revisions\/10366"}],"up":[{"embeddable":true,"href":"https:\/\/www.fiqsante.qc.ca\/en\/wp-json\/wp\/v2\/pages\/3396"}],"wp:featuredmedia":[{"embeddable":true,"href":"https:\/\/www.fiqsante.qc.ca\/en\/wp-json\/wp\/v2\/media\/9251"}],"wp:attachment":[{"href":"https:\/\/www.fiqsante.qc.ca\/en\/wp-json\/wp\/v2\/media?parent=9261"}],"curies":[{"name":"wp","href":"https:\/\/api.w.org\/{rel}","templated":true}]}}