{"id":9960,"date":"2025-09-29T15:43:47","date_gmt":"2025-09-29T19:43:47","guid":{"rendered":"https:\/\/www.fiqsante.qc.ca\/formulaire-de-soins-securitaires\/"},"modified":"2025-10-01T10:50:05","modified_gmt":"2025-10-01T14:50:05","slug":"formulaire-de-soins-securitaires","status":"publish","type":"page","link":"https:\/\/www.fiqsante.qc.ca\/en\/formulaire-de-soins-securitaires\/","title":{"rendered":"Safe Staffing Form"},"content":{"rendered":"<div class=\"wpb-content-wrapper\"><p>[vc_row][vc_column][vc_single_image image=&#8221;9962&#8243; img_size=&#8221;full&#8221; onclick=&#8221;custom_link&#8221; img_link_target=&#8221;_blank&#8221; css=&#8221;&#8221; link=&#8221;https:\/\/soinssecuritaires.fiqsante.qc.ca\/fiq\/soins_securitaires\/fr&#8221;][\/vc_column][\/vc_row][vc_row][vc_column][vc_column_text css=&#8221;&#8221;]<\/p>\n<h2>Let&#8217;s report dangerous situations<\/h2>\n<p>Every shift matters. When conditions in your centre of activities endanger care safety and quality or hinder your practice conditions, it is crucial that you flag it.<\/p>\n<p>With the<a href=\"https:\/\/soinssecuritaires.fiqsante.qc.ca\/fiq\/soins_securitaires\/en\/a\/FORM\">\u00a0<strong>Safe Staffing Form<\/strong><\/a>, you can alert your union team. It&#8217;s easy and confidential. The information collected is processed anonymously and may make it possible to take concrete actions to remedy the situation. Your team could also contact you to request additional details.[\/vc_column_text]<a class=\"btn btn-dark btn-large btn-fleche \" href=\"https:\/\/soinssecuritaires.fiqsante.qc.ca\/fiq\/soins_securitaires\/en\/a\/FORM\" title=\"\" target=\"\"><span>I'm going to report a dangerous situation.<\/span><\/a>[vc_empty_space][\/vc_column][\/vc_row][vc_row][vc_column][vc_column_text css=&#8221;&#8221;]<\/p>\n<h2>Examples of dangerous situations to report:<\/h2>\n<ul>\n<li>Impossibly high healthcare professional-to-patient ratios<\/li>\n<li>Mandatory overtime (MOT) that compromises your health and that of your colleagues<\/li>\n<li>A lack of staff that leads to delays in care administration<\/li>\n<li>A lack of or defective essential material<\/li>\n<li>Frequent interruptions or an overload of administrative tasks that reduces time available for patients<\/li>\n<li>Rundown facilities<\/li>\n<\/ul>\n<p>By collectively reporting these situations, we are helping to protect our patients and defend our working conditions.[\/vc_column_text]<a class=\"btn btn-dark btn-large btn-fleche \" href=\"https:\/\/soinssecuritaires.fiqsante.qc.ca\/fiq\/soins_securitaires\/en\/a\/FORM\" title=\"\" target=\"\"><span>I'm going to fill out the safe staffing form. <\/span><\/a>[\/vc_column][\/vc_row]<\/p>\n<\/div>","protected":false},"excerpt":{"rendered":"<p>[vc_row][vc_column][vc_single_image image=&#8221;9962&#8243; img_size=&#8221;full&#8221; onclick=&#8221;custom_link&#8221; img_link_target=&#8221;_blank&#8221; css=&#8221;&#8221; link=&#8221;https:\/\/soinssecuritaires.fiqsante.qc.ca\/fiq\/soins_securitaires\/fr&#8221;][\/vc_column][\/vc_row][vc_row][vc_column][vc_column_text css=&#8221;&#8221;] Let&#8217;s report dangerous situations Every shift matters. When conditions in your centre of activities endanger care safety and quality or hinder your practice conditions, it is crucial that you flag it. With the\u00a0Safe Staffing Form, you can alert your union team. It&#8217;s easy and confidential. The information [&hellip;]<\/p>\n","protected":false},"author":2,"featured_media":0,"parent":0,"menu_order":0,"comment_status":"closed","ping_status":"closed","template":"","meta":{"_acf_changed":false,"inline_featured_image":false,"footnotes":""},"class_list":["post-9960","page","type-page","status-publish","hentry"],"acf":[],"yoast_head":"<!-- This site is optimized with the Yoast SEO plugin v27.4 - https:\/\/yoast.com\/product\/yoast-seo-wordpress\/ -->\n<title>Safe Staffing Form - F\u00e9d\u00e9ration interprofessionnelle de la sant\u00e9 du Qu\u00e9bec<\/title>\n<meta name=\"robots\" content=\"index, follow, max-snippet:-1, max-image-preview:large, max-video-preview:-1\" \/>\n<link rel=\"canonical\" href=\"https:\/\/www.fiqsante.qc.ca\/en\/formulaire-de-soins-securitaires\/\" \/>\n<meta property=\"og:locale\" content=\"en_US\" \/>\n<meta property=\"og:type\" content=\"article\" \/>\n<meta property=\"og:title\" content=\"Safe Staffing Form - F\u00e9d\u00e9ration interprofessionnelle de la sant\u00e9 du Qu\u00e9bec\" \/>\n<meta property=\"og:description\" content=\"[vc_row][vc_column][vc_single_image image=&#8221;9962&#8243; img_size=&#8221;full&#8221; onclick=&#8221;custom_link&#8221; img_link_target=&#8221;_blank&#8221; css=&#8221;&#8221; link=&#8221;https:\/\/soinssecuritaires.fiqsante.qc.ca\/fiq\/soins_securitaires\/fr&#8221;][\/vc_column][\/vc_row][vc_row][vc_column][vc_column_text css=&#8221;&#8221;] Let&#8217;s report dangerous situations Every shift matters. When conditions in your centre of activities endanger care safety and quality or hinder your practice conditions, it is crucial that you flag it. With the\u00a0Safe Staffing Form, you can alert your union team. It&#8217;s easy and confidential. The information [&hellip;]\" \/>\n<meta property=\"og:url\" content=\"https:\/\/www.fiqsante.qc.ca\/en\/formulaire-de-soins-securitaires\/\" \/>\n<meta property=\"og:site_name\" content=\"F\u00e9d\u00e9ration interprofessionnelle de la sant\u00e9 du Qu\u00e9bec\" \/>\n<meta property=\"article:modified_time\" content=\"2025-10-01T14:50:05+00:00\" \/>\n<meta name=\"twitter:card\" content=\"summary_large_image\" \/>\n<meta name=\"twitter:label1\" content=\"Est. reading time\" \/>\n\t<meta name=\"twitter:data1\" content=\"2 minutes\" \/>\n<script type=\"application\/ld+json\" class=\"yoast-schema-graph\">{\"@context\":\"https:\\\/\\\/schema.org\",\"@graph\":[{\"@type\":\"WebPage\",\"@id\":\"https:\\\/\\\/www.fiqsante.qc.ca\\\/en\\\/formulaire-de-soins-securitaires\\\/\",\"url\":\"https:\\\/\\\/www.fiqsante.qc.ca\\\/en\\\/formulaire-de-soins-securitaires\\\/\",\"name\":\"Safe Staffing Form - F\u00e9d\u00e9ration interprofessionnelle de la sant\u00e9 du Qu\u00e9bec\",\"isPartOf\":{\"@id\":\"https:\\\/\\\/www.fiqsante.qc.ca\\\/en\\\/#website\"},\"datePublished\":\"2025-09-29T19:43:47+00:00\",\"dateModified\":\"2025-10-01T14:50:05+00:00\",\"breadcrumb\":{\"@id\":\"https:\\\/\\\/www.fiqsante.qc.ca\\\/en\\\/formulaire-de-soins-securitaires\\\/#breadcrumb\"},\"inLanguage\":\"en-US\",\"potentialAction\":[{\"@type\":\"ReadAction\",\"target\":[\"https:\\\/\\\/www.fiqsante.qc.ca\\\/en\\\/formulaire-de-soins-securitaires\\\/\"]}]},{\"@type\":\"BreadcrumbList\",\"@id\":\"https:\\\/\\\/www.fiqsante.qc.ca\\\/en\\\/formulaire-de-soins-securitaires\\\/#breadcrumb\",\"itemListElement\":[{\"@type\":\"ListItem\",\"position\":1,\"name\":\"Home\",\"item\":\"https:\\\/\\\/www.fiqsante.qc.ca\\\/en\\\/\"},{\"@type\":\"ListItem\",\"position\":2,\"name\":\"Safe Staffing Form\"}]},{\"@type\":\"WebSite\",\"@id\":\"https:\\\/\\\/www.fiqsante.qc.ca\\\/en\\\/#website\",\"url\":\"https:\\\/\\\/www.fiqsante.qc.ca\\\/en\\\/\",\"name\":\"F\u00e9d\u00e9ration interprofessionnelle de la sant\u00e9 du Qu\u00e9bec\",\"description\":\"\",\"potentialAction\":[{\"@type\":\"SearchAction\",\"target\":{\"@type\":\"EntryPoint\",\"urlTemplate\":\"https:\\\/\\\/www.fiqsante.qc.ca\\\/en\\\/?s={search_term_string}\"},\"query-input\":{\"@type\":\"PropertyValueSpecification\",\"valueRequired\":true,\"valueName\":\"search_term_string\"}}],\"inLanguage\":\"en-US\"}]}<\/script>\n<!-- \/ Yoast SEO plugin. -->","yoast_head_json":{"title":"Safe Staffing Form - F\u00e9d\u00e9ration interprofessionnelle de la sant\u00e9 du Qu\u00e9bec","robots":{"index":"index","follow":"follow","max-snippet":"max-snippet:-1","max-image-preview":"max-image-preview:large","max-video-preview":"max-video-preview:-1"},"canonical":"https:\/\/www.fiqsante.qc.ca\/en\/formulaire-de-soins-securitaires\/","og_locale":"en_US","og_type":"article","og_title":"Safe Staffing Form - F\u00e9d\u00e9ration interprofessionnelle de la sant\u00e9 du Qu\u00e9bec","og_description":"[vc_row][vc_column][vc_single_image image=&#8221;9962&#8243; img_size=&#8221;full&#8221; onclick=&#8221;custom_link&#8221; img_link_target=&#8221;_blank&#8221; css=&#8221;&#8221; link=&#8221;https:\/\/soinssecuritaires.fiqsante.qc.ca\/fiq\/soins_securitaires\/fr&#8221;][\/vc_column][\/vc_row][vc_row][vc_column][vc_column_text css=&#8221;&#8221;] Let&#8217;s report dangerous situations Every shift matters. When conditions in your centre of activities endanger care safety and quality or hinder your practice conditions, it is crucial that you flag it. With the\u00a0Safe Staffing Form, you can alert your union team. It&#8217;s easy and confidential. The information [&hellip;]","og_url":"https:\/\/www.fiqsante.qc.ca\/en\/formulaire-de-soins-securitaires\/","og_site_name":"F\u00e9d\u00e9ration interprofessionnelle de la sant\u00e9 du Qu\u00e9bec","article_modified_time":"2025-10-01T14:50:05+00:00","twitter_card":"summary_large_image","twitter_misc":{"Est. reading time":"2 minutes"},"schema":{"@context":"https:\/\/schema.org","@graph":[{"@type":"WebPage","@id":"https:\/\/www.fiqsante.qc.ca\/en\/formulaire-de-soins-securitaires\/","url":"https:\/\/www.fiqsante.qc.ca\/en\/formulaire-de-soins-securitaires\/","name":"Safe Staffing Form - F\u00e9d\u00e9ration interprofessionnelle de la sant\u00e9 du Qu\u00e9bec","isPartOf":{"@id":"https:\/\/www.fiqsante.qc.ca\/en\/#website"},"datePublished":"2025-09-29T19:43:47+00:00","dateModified":"2025-10-01T14:50:05+00:00","breadcrumb":{"@id":"https:\/\/www.fiqsante.qc.ca\/en\/formulaire-de-soins-securitaires\/#breadcrumb"},"inLanguage":"en-US","potentialAction":[{"@type":"ReadAction","target":["https:\/\/www.fiqsante.qc.ca\/en\/formulaire-de-soins-securitaires\/"]}]},{"@type":"BreadcrumbList","@id":"https:\/\/www.fiqsante.qc.ca\/en\/formulaire-de-soins-securitaires\/#breadcrumb","itemListElement":[{"@type":"ListItem","position":1,"name":"Home","item":"https:\/\/www.fiqsante.qc.ca\/en\/"},{"@type":"ListItem","position":2,"name":"Safe Staffing Form"}]},{"@type":"WebSite","@id":"https:\/\/www.fiqsante.qc.ca\/en\/#website","url":"https:\/\/www.fiqsante.qc.ca\/en\/","name":"F\u00e9d\u00e9ration interprofessionnelle de la sant\u00e9 du Qu\u00e9bec","description":"","potentialAction":[{"@type":"SearchAction","target":{"@type":"EntryPoint","urlTemplate":"https:\/\/www.fiqsante.qc.ca\/en\/?s={search_term_string}"},"query-input":{"@type":"PropertyValueSpecification","valueRequired":true,"valueName":"search_term_string"}}],"inLanguage":"en-US"}]}},"_links":{"self":[{"href":"https:\/\/www.fiqsante.qc.ca\/en\/wp-json\/wp\/v2\/pages\/9960","targetHints":{"allow":["GET"]}}],"collection":[{"href":"https:\/\/www.fiqsante.qc.ca\/en\/wp-json\/wp\/v2\/pages"}],"about":[{"href":"https:\/\/www.fiqsante.qc.ca\/en\/wp-json\/wp\/v2\/types\/page"}],"author":[{"embeddable":true,"href":"https:\/\/www.fiqsante.qc.ca\/en\/wp-json\/wp\/v2\/users\/2"}],"replies":[{"embeddable":true,"href":"https:\/\/www.fiqsante.qc.ca\/en\/wp-json\/wp\/v2\/comments?post=9960"}],"version-history":[{"count":4,"href":"https:\/\/www.fiqsante.qc.ca\/en\/wp-json\/wp\/v2\/pages\/9960\/revisions"}],"predecessor-version":[{"id":9966,"href":"https:\/\/www.fiqsante.qc.ca\/en\/wp-json\/wp\/v2\/pages\/9960\/revisions\/9966"}],"wp:attachment":[{"href":"https:\/\/www.fiqsante.qc.ca\/en\/wp-json\/wp\/v2\/media?parent=9960"}],"curies":[{"name":"wp","href":"https:\/\/api.w.org\/{rel}","templated":true}]}}